{"id":992,"date":"2017-11-13T11:05:24","date_gmt":"2017-11-13T13:05:24","guid":{"rendered":"http:\/\/editora.ufrrj.br\/?post_type=product&#038;p=992"},"modified":"2023-07-26T10:08:56","modified_gmt":"2023-07-26T13:08:56","slug":"o-q-vc-v","status":"publish","type":"product","link":"https:\/\/editora.ufrrj.br\/portal\/produto\/o-q-vc-v\/","title":{"rendered":"Oq Vc V?"},"content":{"rendered":"<p>A idealiza\u00e7\u00e3o deste livro surgiu no ano de 2004, quando a autora trabalhava na rede p\u00fablica municipal de ensino de Itaja\u00ed, Santa Catarina, e coordenava os projetos de incentivo \u00e0 leitura da Biblioteca P\u00fablica Municipal e Escolar Norberto C\u00e2ndido Silveira J\u00fanior, ainda em seus primeiros anos de funcionamento.<\/p>\n<p>A obra tem por objetivo provocar diferentes sensa\u00e7\u00f5es no leitor. Para tanto, at\u00e9 a escolha do t\u00edtulo foi provocativa, pois remete a uma leitura pouco convencional. Seus tra\u00e7os, segundo a autora, s\u00e3o inclus\u00e3o, arte, provoca\u00e7\u00e3o, contemporaneidade, hist\u00f3ria, gra\u00e7a, leveza e sensibilidade.<\/p>\n<p>&#8220;Viu s\u00f3?<\/p>\n<p>O importante n\u00e3o \u00e9<\/p>\n<p>ver as coisas como elas s\u00e3o.<\/p>\n<p>O que importa \u00e9 a capacidade<\/p>\n<p>que voc\u00ea tem pra transformar as<\/p>\n<p>coisas que v\u00ea e deixar o mundo<\/p>\n<p>do jeito que voc\u00ea quiser.<\/p>\n<p>Ent\u00e3o..<\/p>\n<p>Feche os olhos!<\/p>\n<p>O que voc\u00ea v\u00ea?&#8221;<\/p>\n<p>Autor:\u00a0Mikaela Roberto<\/p>\n<p>ISBN: 978-85-8067-077-6<\/p>\n<p>Ano, P\u00e1g: 2017, 48p.<\/p>\n","protected":false},"excerpt":{"rendered":"<p>Autor:\u00a0Mikaela Roberto<\/p>\n","protected":false},"featured_media":993,"template":"","meta":{"_acf_changed":false},"product_brand":[],"product_cat":[18],"product_tag":[],"class_list":{"0":"post-992","1":"product","2":"type-product","3":"status-publish","4":"has-post-thumbnail","6":"product_cat-infanto-juvenil","8":"first","9":"instock","10":"sale","11":"shipping-taxable","12":"purchasable","13":"product-type-simple"},"acf":[],"_links":{"self":[{"href":"https:\/\/editora.ufrrj.br\/portal\/wp-json\/wp\/v2\/product\/992","targetHints":{"allow":["GET"]}}],"collection":[{"href":"https:\/\/editora.ufrrj.br\/portal\/wp-json\/wp\/v2\/product"}],"about":[{"href":"https:\/\/editora.ufrrj.br\/portal\/wp-json\/wp\/v2\/types\/product"}],"wp:featuredmedia":[{"embeddable":true,"href":"https:\/\/editora.ufrrj.br\/portal\/wp-json\/wp\/v2\/media\/993"}],"wp:attachment":[{"href":"https:\/\/editora.ufrrj.br\/portal\/wp-json\/wp\/v2\/media?parent=992"}],"wp:term":[{"taxonomy":"product_brand","embeddable":true,"href":"https:\/\/editora.ufrrj.br\/portal\/wp-json\/wp\/v2\/product_brand?post=992"},{"taxonomy":"product_cat","embeddable":true,"href":"https:\/\/editora.ufrrj.br\/portal\/wp-json\/wp\/v2\/product_cat?post=992"},{"taxonomy":"product_tag","embeddable":true,"href":"https:\/\/editora.ufrrj.br\/portal\/wp-json\/wp\/v2\/product_tag?post=992"}],"curies":[{"name":"wp","href":"https:\/\/api.w.org\/{rel}","templated":true}]}}