{"id":962,"date":"2017-09-26T10:51:30","date_gmt":"2017-09-26T13:51:30","guid":{"rendered":"http:\/\/editora.ufrrj.br\/?post_type=product&#038;p=962"},"modified":"2023-07-26T10:08:42","modified_gmt":"2023-07-26T13:08:42","slug":"galo-chico","status":"publish","type":"product","link":"https:\/\/editora.ufrrj.br\/portal\/produto\/galo-chico\/","title":{"rendered":"Galo Chico"},"content":{"rendered":"<p>Autor:\u00a0Angela Marina Bravin<\/p>\n<p>ISBN: 978-85-8067-070-7<\/p>\n<p>Ano, P\u00e1g: 2016, 22p.<\/p>\n","protected":false},"excerpt":{"rendered":"<p>A hist\u00f3ria do\u00a0<em>Galo Chico<\/em> \u00e9 uma hist\u00f3ria dentro de outra hist\u00f3ria que est\u00e1 atrelada \u00e0s v\u00e1rias hist\u00f3rias que ouvi e vivi depois de ser professora da UFRRJ.<\/p>\n<p>Tudo come\u00e7ou quando li\u00a0<em>No\u00e9<\/em>, de Miriam da Silva Pires, livro publicado pela Edur. A beleza dos versos da minha grande amiga e a qualidade das ilustra\u00e7\u00f5es que os acompanham provocaram em mim um desejo de criar um texto em que a sonoridade dos fonemas desenhasse a narrativa. Eu fechava os olhos e imaginava os sons brincando em um jogo em que se destacavam diferentes consoantes. As palavras se apresentavam para mim e eu ia encaixando-as como se fosse um quebra-cabe\u00e7a. Criei assim, em uma tarde de janeiro de 2013, a primeira vers\u00e3o do\u00a0<em>Galo Chico<\/em>. Liguei para Mirian e li para ela o texto que acara de escrever.<\/p>\n<p>Ela disse: &#8211; A hist\u00f3ria est\u00e1 pronta!<\/p>\n<p>Mas ao longo do processo editorial, entendemos que o segredo de\u00a0<em>Chico<\/em> deveria ficar claro para as crian\u00e7as, estando, nessa primeira vers\u00e3o, muito escondido. Assim foi que complementei a narrativa.<\/p>\n<p>Na verdade, escrever para crian\u00e7a exige do autor uma cumplicidade com ela, porque para encant\u00e1-la h\u00e1 de se ter conhecimento n\u00e3o s\u00f3 das estrat\u00e9gias lingu\u00edsticas de aspecto liter\u00e1rio, mas tamb\u00e9m do que desperta nela uma sensa\u00e7\u00e3o de proximidade com suas expectativas de leitor. Como foi a primeira experi\u00eancia de escritora de livro infantil, espero ter acertado o ritmo da narrativa. Espero que o meu leitor se delicie com a leitura. Infelizmente Mirian n\u00e3o poder\u00e1 mais ler o texto para me dizer se gostou da vers\u00e3o final, se gostou ou n\u00e3o da ilustra\u00e7\u00e3o, porque, em uma tarde de fevereiro de 2013, decidiu ir embora para nunca mais voltar. O\u00a0<em>Galo Chico<\/em> transformou-se, assim, numa hist\u00f3ria de saudade, mas de agradecimento tamb\u00e9m. Ainda h\u00e1 outras hist\u00f3ria de saudade: a do meu marido, cujo apelido, Chic\u00e3o, motivou o nome do\u00a0<em>Galo Chico<\/em>. Infelizmente, ele tamb\u00e9m decidiu ir embora para nunca mais voltar. Este livro passou a significar para mim uma continuidade metaf\u00f3rica de voo antecipado de pessoas t\u00e3o queridas.<\/p>\n","protected":false},"featured_media":963,"template":"","meta":{"_acf_changed":false},"product_brand":[],"product_cat":[18,53],"product_tag":[],"class_list":{"0":"post-962","1":"product","2":"type-product","3":"status-publish","4":"has-post-thumbnail","6":"product_cat-infanto-juvenil","7":"product_cat-literatura-area","8":"product_shipping_class-correios","10":"first","11":"instock","12":"sale","13":"shipping-taxable","14":"purchasable","15":"product-type-simple"},"acf":[],"_links":{"self":[{"href":"https:\/\/editora.ufrrj.br\/portal\/wp-json\/wp\/v2\/product\/962","targetHints":{"allow":["GET"]}}],"collection":[{"href":"https:\/\/editora.ufrrj.br\/portal\/wp-json\/wp\/v2\/product"}],"about":[{"href":"https:\/\/editora.ufrrj.br\/portal\/wp-json\/wp\/v2\/types\/product"}],"wp:featuredmedia":[{"embeddable":true,"href":"https:\/\/editora.ufrrj.br\/portal\/wp-json\/wp\/v2\/media\/963"}],"wp:attachment":[{"href":"https:\/\/editora.ufrrj.br\/portal\/wp-json\/wp\/v2\/media?parent=962"}],"wp:term":[{"taxonomy":"product_brand","embeddable":true,"href":"https:\/\/editora.ufrrj.br\/portal\/wp-json\/wp\/v2\/product_brand?post=962"},{"taxonomy":"product_cat","embeddable":true,"href":"https:\/\/editora.ufrrj.br\/portal\/wp-json\/wp\/v2\/product_cat?post=962"},{"taxonomy":"product_tag","embeddable":true,"href":"https:\/\/editora.ufrrj.br\/portal\/wp-json\/wp\/v2\/product_tag?post=962"}],"curies":[{"name":"wp","href":"https:\/\/api.w.org\/{rel}","templated":true}]}}