{"id":959,"date":"2017-09-26T10:24:32","date_gmt":"2017-09-26T13:24:32","guid":{"rendered":"http:\/\/editora.ufrrj.br\/?post_type=product&#038;p=959"},"modified":"2026-04-13T14:07:21","modified_gmt":"2026-04-13T17:07:21","slug":"a-educadora-maria-laura-mouzinho-leite-lopes-e-o-seu-olhar-para-o-futuro","status":"publish","type":"product","link":"https:\/\/editora.ufrrj.br\/portal\/produto\/a-educadora-maria-laura-mouzinho-leite-lopes-e-o-seu-olhar-para-o-futuro\/","title":{"rendered":"A Educadora Maria Laura Mouzinho Leite Lopes e o seu olhar para o futuro"},"content":{"rendered":"<p>O foco deste livro \u00e9 a segunda metade do s\u00e9culo XX. A atual gera\u00e7\u00e3o deve a alguns pioneiros a forma\u00e7\u00e3o b\u00e1sica, que conduziu o Brasil a uma posi\u00e7\u00e3o de destaque na pesquisa matem\u00e1tica internacional. Dentre esses pioneiros, destaca-se Maria Laura Mouzinho Leite Lopes. O autor foi altamente motivado pela influ\u00eancia que recebeu de Maria Laura desde o in\u00edcio da sua forma\u00e7\u00e3o acad\u00eamica, mas a escolha de Maria Laura como tema de sua tese vai muito al\u00e9m de uma grata admira\u00e7\u00e3o pessoal. O autor analisa, dos pontos de vista humano e acad\u00eamico, uma das figuras mais marcantes da Ci\u00eancia brasileira. Maria Laura deu seus primeiros passos na vida acad\u00eamica quando o Brasil sa\u00eda da ditadura do Estado Novo, e a import\u00e2ncia da pesquisa fascinou a nova gera\u00e7\u00e3o. Algumas poucas mulheres se destacaram na pesquisa e na forma\u00e7\u00e3o dos quadros necess\u00e1rios para o desenvolvimento do Brasil. Maria Laura foi uma dessas pioneiras.<\/p>\n<p>A decis\u00e3o de transformar a teses em livro ir\u00e1 enriquecer a bibliografia acad\u00eamica brasileira. A teses, que foi resultado de uma exaustiva pesquisa das fontes prim\u00e1rias, de depoimentos pessoais e de judiciosas interpreta\u00e7\u00f5es, \u00e9 exemplar como metodologia de pesquisa hist\u00f3rica.<\/p>\n<p>Autor:\u00a0Pedro Carlos Pereira<\/p>\n<p>ISBN:\u00a0978-85-8067-058-5<\/p>\n<p>Ano, P\u00e1g: 2013, 192p.<\/p>\n","protected":false},"excerpt":{"rendered":"<p>Autor:\u00a0Pedro Carlos Pereira<\/p>\n","protected":false},"featured_media":960,"template":"","meta":{"_acf_changed":false},"product_brand":[],"product_cat":[22,19,53],"product_tag":[],"class_list":{"0":"post-959","1":"product","2":"type-product","3":"status-publish","4":"has-post-thumbnail","6":"product_cat-educacao","7":"product_cat-historia","8":"product_cat-literatura-area","9":"product_shipping_class-correios","11":"first","12":"instock","13":"sale","14":"shipping-taxable","15":"purchasable","16":"product-type-simple"},"acf":[],"_links":{"self":[{"href":"https:\/\/editora.ufrrj.br\/portal\/wp-json\/wp\/v2\/product\/959","targetHints":{"allow":["GET"]}}],"collection":[{"href":"https:\/\/editora.ufrrj.br\/portal\/wp-json\/wp\/v2\/product"}],"about":[{"href":"https:\/\/editora.ufrrj.br\/portal\/wp-json\/wp\/v2\/types\/product"}],"wp:featuredmedia":[{"embeddable":true,"href":"https:\/\/editora.ufrrj.br\/portal\/wp-json\/wp\/v2\/media\/960"}],"wp:attachment":[{"href":"https:\/\/editora.ufrrj.br\/portal\/wp-json\/wp\/v2\/media?parent=959"}],"wp:term":[{"taxonomy":"product_brand","embeddable":true,"href":"https:\/\/editora.ufrrj.br\/portal\/wp-json\/wp\/v2\/product_brand?post=959"},{"taxonomy":"product_cat","embeddable":true,"href":"https:\/\/editora.ufrrj.br\/portal\/wp-json\/wp\/v2\/product_cat?post=959"},{"taxonomy":"product_tag","embeddable":true,"href":"https:\/\/editora.ufrrj.br\/portal\/wp-json\/wp\/v2\/product_tag?post=959"}],"curies":[{"name":"wp","href":"https:\/\/api.w.org\/{rel}","templated":true}]}}