{"id":956,"date":"2017-09-26T09:35:26","date_gmt":"2017-09-26T12:35:26","guid":{"rendered":"http:\/\/editora.ufrrj.br\/?post_type=product&#038;p=956"},"modified":"2023-07-26T10:02:14","modified_gmt":"2023-07-26T13:02:14","slug":"transgressao-e-reproducao-homens-e-mulheres-em-profissoes-alternativas-ao-seu-genero","status":"publish","type":"product","link":"https:\/\/editora.ufrrj.br\/portal\/produto\/transgressao-e-reproducao-homens-e-mulheres-em-profissoes-alternativas-ao-seu-genero\/","title":{"rendered":"Transgress\u00e3o e Reprodu\u00e7\u00e3o: homens e mulheres em profiss\u00f5es alternativas ao seu g\u00eanero"},"content":{"rendered":"<p>Autor:\u00a0Mani Tebet A. Marins<\/p>\n<p>ISBN:\u00a0978-85-8067-074-5<\/p>\n<p>Ano, P\u00e1g: 2016, 241p.<\/p>\n","protected":false},"excerpt":{"rendered":"<p>Em sua investiga\u00e7\u00e3o sobre as transgress\u00f5es de g\u00eanero no \u00e2mbito das escolhas profissionais, a autora Mani Tebet Marins ilumina o campo da sociologia com an\u00e1lises originais sobre as consequ\u00eancias diferenciadas da entrada de homens e mulheres em cursos universit\u00e1rios alternativos ao seu g\u00eanero.<\/p>\n<p>A autora nos revela, atrav\u00e9s de uma an\u00e1lise rigorosa, a exist\u00eancia de distin\u00e7\u00f5es (inclusive em termos de capitais) entre homens e mulheres transgressores da carreira.<\/p>\n<p>Este livro nos proporciona uma compreens\u00e3o mais acurada sobre a rela\u00e7\u00e3o entre g\u00eanero, educa\u00e7\u00e3o e carreira. Trata-se de um trabalho que abrange, \u00e0 luz de um rico material emp\u00edrico e de uma pertinente an\u00e1lise sociol\u00f3gica, os processos de reprodu\u00e7\u00e3o e mudan\u00e7a social.<\/p>\n","protected":false},"featured_media":957,"template":"","meta":{"_acf_changed":false},"product_brand":[],"product_cat":[23,22,19,53],"product_tag":[],"class_list":{"0":"post-956","1":"product","2":"type-product","3":"status-publish","4":"has-post-thumbnail","6":"product_cat-ciencias-sociais-e-politicas","7":"product_cat-educacao","8":"product_cat-historia","9":"product_cat-literatura-area","10":"product_shipping_class-correios","12":"first","13":"instock","14":"sale","15":"shipping-taxable","16":"purchasable","17":"product-type-simple"},"acf":[],"_links":{"self":[{"href":"https:\/\/editora.ufrrj.br\/portal\/wp-json\/wp\/v2\/product\/956","targetHints":{"allow":["GET"]}}],"collection":[{"href":"https:\/\/editora.ufrrj.br\/portal\/wp-json\/wp\/v2\/product"}],"about":[{"href":"https:\/\/editora.ufrrj.br\/portal\/wp-json\/wp\/v2\/types\/product"}],"wp:featuredmedia":[{"embeddable":true,"href":"https:\/\/editora.ufrrj.br\/portal\/wp-json\/wp\/v2\/media\/957"}],"wp:attachment":[{"href":"https:\/\/editora.ufrrj.br\/portal\/wp-json\/wp\/v2\/media?parent=956"}],"wp:term":[{"taxonomy":"product_brand","embeddable":true,"href":"https:\/\/editora.ufrrj.br\/portal\/wp-json\/wp\/v2\/product_brand?post=956"},{"taxonomy":"product_cat","embeddable":true,"href":"https:\/\/editora.ufrrj.br\/portal\/wp-json\/wp\/v2\/product_cat?post=956"},{"taxonomy":"product_tag","embeddable":true,"href":"https:\/\/editora.ufrrj.br\/portal\/wp-json\/wp\/v2\/product_tag?post=956"}],"curies":[{"name":"wp","href":"https:\/\/api.w.org\/{rel}","templated":true}]}}