{"id":935,"date":"2017-09-22T13:46:41","date_gmt":"2017-09-22T16:46:41","guid":{"rendered":"http:\/\/editora.ufrrj.br\/?post_type=product&#038;p=935"},"modified":"2025-08-14T13:23:01","modified_gmt":"2025-08-14T16:23:01","slug":"afro-brasileiros-e-racismo-institucional-o-papel-dos-concursos-na-democratizacao-de-acesso-aos-cargos-publicos","status":"publish","type":"product","link":"https:\/\/editora.ufrrj.br\/portal\/produto\/afro-brasileiros-e-racismo-institucional-o-papel-dos-concursos-na-democratizacao-de-acesso-aos-cargos-publicos\/","title":{"rendered":"Afro-Brasileiros e Racismo Institucional: o papel dos concursos na democratiza\u00e7\u00e3o de acesso aos cargos p\u00fablicos"},"content":{"rendered":"<p>O cen\u00e1rio contempor\u00e2neo globalizado trouxe \u00e0s pessoas um alcance maior a informa\u00e7\u00f5es e, consequentemente, a oportunidades no mercado de trabalho. Nesse contexto, houve o aparecimento e a consolida\u00e7\u00e3o do concurso p\u00fablico como principal mecanismo de ingresso aos cargos p\u00fablicos. Acredita-se que mediante o concurso p\u00fablico, abre-se espa\u00e7o para que todos aqueles que preencham os requisitos para determinado cargo p\u00fablico tenham condi\u00e7\u00f5es igualit\u00e1rias de competi\u00e7\u00f5es. Esta pesquisa surgiu a partir do interesse da pesquisadora em compreender o real papel que o concurso p\u00fablico pode desempenhar nos processo de sele\u00e7\u00e3o para o ingresso nos cargos p\u00fablicos, no Brasil, em especial, no que diz respeito \u00e0 democratiza\u00e7\u00e3o de acesso de Afro-brasileiros \u00e0s carreiras do servi\u00e7o p\u00fablico. Foi enfocada, ainda, a influ\u00eancia do racismo institucional na sociedade brasileira, desde suas ra\u00edzes e, em destaque, na condu\u00e7\u00e3o dos concursos p\u00fablicos, especialmente aqueles que possuem fase presencial. Demonstrou-se como a educa\u00e7\u00e3o \u00e9 um fator preponderante para perpetuar as desigualdades raciais e, portanto, como interferem negativamente na efic\u00e1cia do sistema meritocr\u00e1tico. Procura-se, tamb\u00e9m, evidenciar como o sistema de a\u00e7\u00f5es compensat\u00f3rias pode contribuir para reparar o passado servil a que foram submetidos os negros e como as desigualdades \u00e9tnico-raciais foram constru\u00eddas e legitimadas pelo Estado, que insiste em impo-lhes o mito da democracia racial, que traz na bagagem um cen\u00e1rio de discrimina\u00e7\u00f5es, preconceitos e desigualdades.<\/p>\n<p>Autor: \u00c2ngela Ferreira Pace<\/p>\n<p>ISBN:\u00a0978-85-8067-065-3<\/p>\n<p>Ano, P\u00e1g: 2015, 157p.<\/p>\n","protected":false},"excerpt":{"rendered":"<p>Autor: \u00c2ngela Ferreira Pace<\/p>\n","protected":false},"featured_media":952,"template":"","meta":{"_acf_changed":false},"product_brand":[],"product_cat":[23,22,19],"product_tag":[],"class_list":{"0":"post-935","1":"product","2":"type-product","3":"status-publish","4":"has-post-thumbnail","6":"product_cat-ciencias-sociais-e-politicas","7":"product_cat-educacao","8":"product_cat-historia","10":"first","11":"instock","12":"sale","13":"shipping-taxable","14":"purchasable","15":"product-type-simple"},"acf":[],"_links":{"self":[{"href":"https:\/\/editora.ufrrj.br\/portal\/wp-json\/wp\/v2\/product\/935","targetHints":{"allow":["GET"]}}],"collection":[{"href":"https:\/\/editora.ufrrj.br\/portal\/wp-json\/wp\/v2\/product"}],"about":[{"href":"https:\/\/editora.ufrrj.br\/portal\/wp-json\/wp\/v2\/types\/product"}],"wp:featuredmedia":[{"embeddable":true,"href":"https:\/\/editora.ufrrj.br\/portal\/wp-json\/wp\/v2\/media\/952"}],"wp:attachment":[{"href":"https:\/\/editora.ufrrj.br\/portal\/wp-json\/wp\/v2\/media?parent=935"}],"wp:term":[{"taxonomy":"product_brand","embeddable":true,"href":"https:\/\/editora.ufrrj.br\/portal\/wp-json\/wp\/v2\/product_brand?post=935"},{"taxonomy":"product_cat","embeddable":true,"href":"https:\/\/editora.ufrrj.br\/portal\/wp-json\/wp\/v2\/product_cat?post=935"},{"taxonomy":"product_tag","embeddable":true,"href":"https:\/\/editora.ufrrj.br\/portal\/wp-json\/wp\/v2\/product_tag?post=935"}],"curies":[{"name":"wp","href":"https:\/\/api.w.org\/{rel}","templated":true}]}}