{"id":926,"date":"2017-09-13T14:09:32","date_gmt":"2017-09-13T17:09:32","guid":{"rendered":"http:\/\/editora.ufrrj.br\/?post_type=product&#038;p=926"},"modified":"2024-01-26T10:17:08","modified_gmt":"2024-01-26T13:17:08","slug":"ambientes-virtuais-e-formacao-de-professores-de-construcoes-individuais-as-interacoes-coletivas","status":"publish","type":"product","link":"https:\/\/editora.ufrrj.br\/portal\/produto\/ambientes-virtuais-e-formacao-de-professores-de-construcoes-individuais-as-interacoes-coletivas\/","title":{"rendered":"Ambientes Virtuais e Forma\u00e7\u00e3o de Professores: de constru\u00e7\u00f5es individuais \u00e0s intera\u00e7\u00f5es coletivas"},"content":{"rendered":"<p>Organizadores: Alexandre Assis e Wagner Marques<\/p>\n<p>ISBN:\u00a0978-85-8067-088-2<\/p>\n<p>Volume VIII \u2013 S\u00e9rie InovaComTic<\/p>\n<p>Ano 2017<\/p>\n","protected":false},"excerpt":{"rendered":"<p>Organizadores: Alexandre Assis e Wagner Marques<\/p>\n","protected":false},"featured_media":931,"template":"","meta":{"_acf_changed":false},"product_brand":[],"product_cat":[59,21,16],"product_tag":[],"class_list":{"0":"post-926","1":"product","2":"type-product","3":"status-publish","4":"has-post-thumbnail","6":"product_cat-ebooks","7":"product_cat-exatas","8":"product_cat-tecnologia","10":"first","11":"instock","12":"featured","13":"shipping-taxable","14":"purchasable","15":"product-type-variable"},"acf":[],"_links":{"self":[{"href":"https:\/\/editora.ufrrj.br\/portal\/wp-json\/wp\/v2\/product\/926","targetHints":{"allow":["GET"]}}],"collection":[{"href":"https:\/\/editora.ufrrj.br\/portal\/wp-json\/wp\/v2\/product"}],"about":[{"href":"https:\/\/editora.ufrrj.br\/portal\/wp-json\/wp\/v2\/types\/product"}],"wp:featuredmedia":[{"embeddable":true,"href":"https:\/\/editora.ufrrj.br\/portal\/wp-json\/wp\/v2\/media\/931"}],"wp:attachment":[{"href":"https:\/\/editora.ufrrj.br\/portal\/wp-json\/wp\/v2\/media?parent=926"}],"wp:term":[{"taxonomy":"product_brand","embeddable":true,"href":"https:\/\/editora.ufrrj.br\/portal\/wp-json\/wp\/v2\/product_brand?post=926"},{"taxonomy":"product_cat","embeddable":true,"href":"https:\/\/editora.ufrrj.br\/portal\/wp-json\/wp\/v2\/product_cat?post=926"},{"taxonomy":"product_tag","embeddable":true,"href":"https:\/\/editora.ufrrj.br\/portal\/wp-json\/wp\/v2\/product_tag?post=926"}],"curies":[{"name":"wp","href":"https:\/\/api.w.org\/{rel}","templated":true}]}}