{"id":909,"date":"2017-08-30T14:47:29","date_gmt":"2017-08-30T17:47:29","guid":{"rendered":"http:\/\/editora.ufrrj.br\/?post_type=product&#038;p=909"},"modified":"2023-07-26T10:20:18","modified_gmt":"2023-07-26T13:20:18","slug":"o-ensino-superior-agricola-subordinado-ao-ministerio-da-agricultura-legislacao-especifica-e-aspecto-relevantes","status":"publish","type":"product","link":"https:\/\/editora.ufrrj.br\/portal\/produto\/o-ensino-superior-agricola-subordinado-ao-ministerio-da-agricultura-legislacao-especifica-e-aspecto-relevantes\/","title":{"rendered":"O Ensino Superior Agr\u00edcola Subordinado ao Minist\u00e9rio da Agricultura: Legisla\u00e7\u00e3o espec\u00edfica e aspecto relevantes"},"content":{"rendered":"<p>De forma did\u00e1tica, e de leitura simples e agrad\u00e1vel, o professor Jos\u00e9 Antonio de Souza Veiga apresenta-nos um hist\u00f3rico do Ensino Superior Agr\u00edcola no Brasil.<\/p>\n<p>Essa hist\u00f3ria \u00e9 relacionada tendo como eixo condutor a legisla\u00e7\u00e3o espec\u00edfica que regulou o Ensino Superior Agr\u00edcola durante o per\u00edodo em que esteve subordinado ao Minist\u00e9rio da Agricultura (1910-1967).<\/p>\n<p>A cria\u00e7\u00e3o dessa modalidade de ensino, sua regulamenta\u00e7\u00e3o, reforma, expans\u00e3o, federaliza\u00e7\u00e3o e transfer\u00eancia para o MEC s\u00e3o apresentadas destacando-se os diferentes per\u00edodos presidenciais, a saber: Rep\u00fablica Velha, Governo Provis\u00f3rio, Governo Constitucional, Estado Novo, Terceira Rep\u00fablica e Governo Militar.<\/p>\n<p>Este livro \u00e9 oriundo da tese de doutorado do autor, apresentada na Universidade Metodista de Piracicaba, em 2012.<\/p>\n<p>Autor:\u00a0Jos\u00e9 Antonio de Souza Veiga<\/p>\n<p><span id=\"lblTituloDadosIsbn\" class=\"txtDescricao\">ISBN:<\/span>\u00a0978-85-8067-075-2<\/p>\n<p>Ano, P\u00e1g, Peso: 2015, 118p., \u00a0gramas<\/p>\n","protected":false},"excerpt":{"rendered":"<p>Autor:\u00a0Jos\u00e9 Antonio de Souza Veiga<\/p>\n","protected":false},"featured_media":910,"template":"","meta":{"_acf_changed":false},"product_brand":[],"product_cat":[13],"product_tag":[],"class_list":{"0":"post-909","1":"product","2":"type-product","3":"status-publish","4":"has-post-thumbnail","6":"product_cat-agronomia","8":"first","9":"instock","10":"sale","11":"shipping-taxable","12":"purchasable","13":"product-type-simple"},"acf":[],"_links":{"self":[{"href":"https:\/\/editora.ufrrj.br\/portal\/wp-json\/wp\/v2\/product\/909","targetHints":{"allow":["GET"]}}],"collection":[{"href":"https:\/\/editora.ufrrj.br\/portal\/wp-json\/wp\/v2\/product"}],"about":[{"href":"https:\/\/editora.ufrrj.br\/portal\/wp-json\/wp\/v2\/types\/product"}],"wp:featuredmedia":[{"embeddable":true,"href":"https:\/\/editora.ufrrj.br\/portal\/wp-json\/wp\/v2\/media\/910"}],"wp:attachment":[{"href":"https:\/\/editora.ufrrj.br\/portal\/wp-json\/wp\/v2\/media?parent=909"}],"wp:term":[{"taxonomy":"product_brand","embeddable":true,"href":"https:\/\/editora.ufrrj.br\/portal\/wp-json\/wp\/v2\/product_brand?post=909"},{"taxonomy":"product_cat","embeddable":true,"href":"https:\/\/editora.ufrrj.br\/portal\/wp-json\/wp\/v2\/product_cat?post=909"},{"taxonomy":"product_tag","embeddable":true,"href":"https:\/\/editora.ufrrj.br\/portal\/wp-json\/wp\/v2\/product_tag?post=909"}],"curies":[{"name":"wp","href":"https:\/\/api.w.org\/{rel}","templated":true}]}}