{"id":869,"date":"2017-07-21T11:08:38","date_gmt":"2017-07-21T14:08:38","guid":{"rendered":"http:\/\/editora.ufrrj.br\/?post_type=product&#038;p=869"},"modified":"2023-07-26T10:19:56","modified_gmt":"2023-07-26T13:19:56","slug":"pesquisa-e-ensino-parceria-ou-dicotomia-2","status":"publish","type":"product","link":"https:\/\/editora.ufrrj.br\/portal\/produto\/pesquisa-e-ensino-parceria-ou-dicotomia-2\/","title":{"rendered":"Pesquisa e Ensino: Parceria ou Dicotomia?"},"content":{"rendered":"<p>Organizadores: \u00c2ngela Marina Bravin, Wagner Alexandre, Gilson Freire, M\u00f4nica Piza e Marli Hermenegilda<\/p>\n<p>ISBN: 978-85-8067-073-8<\/p>\n<p>Ano 2016<\/p>\n","protected":false},"excerpt":{"rendered":"<p>Trata-se de textos de professores que participam tanto do exerc\u00edcio do magist\u00e9rio em escolas do ensino fundamental e m\u00e9dio quanto da pr\u00e1tica de pesquisa nos n\u00edveis de Doutorado e Mestrado, tanto profissional, quanto acad\u00eamico, unindo, pois, duas pontas do processo de ensino e estudo da L\u00edngua Portuguesa usada pelos brasileiros.<\/p>\n","protected":false},"featured_media":919,"template":"","meta":{"_acf_changed":false},"product_brand":[],"product_cat":[59,22,60,53],"product_tag":[],"class_list":{"0":"post-869","1":"product","2":"type-product","3":"status-publish","4":"has-post-thumbnail","6":"product_cat-ebooks","7":"product_cat-educacao","8":"product_cat-lingua-portuguesa","9":"product_cat-literatura-area","11":"first","12":"instock","13":"featured","14":"purchasable","15":"product-type-variable"},"acf":[],"_links":{"self":[{"href":"https:\/\/editora.ufrrj.br\/portal\/wp-json\/wp\/v2\/product\/869","targetHints":{"allow":["GET"]}}],"collection":[{"href":"https:\/\/editora.ufrrj.br\/portal\/wp-json\/wp\/v2\/product"}],"about":[{"href":"https:\/\/editora.ufrrj.br\/portal\/wp-json\/wp\/v2\/types\/product"}],"wp:featuredmedia":[{"embeddable":true,"href":"https:\/\/editora.ufrrj.br\/portal\/wp-json\/wp\/v2\/media\/919"}],"wp:attachment":[{"href":"https:\/\/editora.ufrrj.br\/portal\/wp-json\/wp\/v2\/media?parent=869"}],"wp:term":[{"taxonomy":"product_brand","embeddable":true,"href":"https:\/\/editora.ufrrj.br\/portal\/wp-json\/wp\/v2\/product_brand?post=869"},{"taxonomy":"product_cat","embeddable":true,"href":"https:\/\/editora.ufrrj.br\/portal\/wp-json\/wp\/v2\/product_cat?post=869"},{"taxonomy":"product_tag","embeddable":true,"href":"https:\/\/editora.ufrrj.br\/portal\/wp-json\/wp\/v2\/product_tag?post=869"}],"curies":[{"name":"wp","href":"https:\/\/api.w.org\/{rel}","templated":true}]}}