{"id":8111,"date":"2026-03-18T10:30:51","date_gmt":"2026-03-18T13:30:51","guid":{"rendered":"https:\/\/editora.ufrrj.br\/portal\/?post_type=product&#038;p=8111"},"modified":"2026-03-18T10:30:52","modified_gmt":"2026-03-18T13:30:52","slug":"o-que-e-isso-cocando-na-minha-cabeca-pediculus-humanus","status":"publish","type":"product","link":"https:\/\/editora.ufrrj.br\/portal\/produto\/o-que-e-isso-cocando-na-minha-cabeca-pediculus-humanus\/","title":{"rendered":"O que \u00e9 isso co\u00e7ando na minha cabe\u00e7a? Pediculus humanus"},"content":{"rendered":"<p>Este e-book convida toda fam\u00edlia a embarcar numa jornada curiosa e educativa sobre um tema comum, mas muitas vezes envolto em mitos: o piolho. De maneira sens\u00edvel, criativa e acess\u00edvel, a narrativa valoriza a escuta da crian\u00e7a e promove o autocuidado sem medo ou vergonha. Produzido no \u00e2mbito do projeto de extens\u00e3o \u201cO Mundo Secreto dos Parasitos\u201d, da UFRRJ, o material aproxima o conhecimento cient\u00edfico do cotidiano infantil e refor\u00e7a a import\u00e2ncia de h\u00e1bitos simples de preven\u00e7\u00e3o. \u00c9 tamb\u00e9m uma ferramenta de di\u00e1logo entre escola, universidade e comunidade, com foco em sa\u00fade p\u00fablica e educa\u00e7\u00e3o transformadora.<\/p>\n<p>&nbsp;<\/p>\n<p>Patr\u00edcia Golo (Organizadora)<\/p>\n<p>&nbsp;<\/p>\n<p>ISBN 978-65-86859-56-0<\/p>\n<p>&nbsp;<\/p>\n<p>ANO: 2025<\/p>\n<p>&nbsp;<\/p>\n<p>1\u00aa edi\u00e7\u00e3o<\/p>\n","protected":false},"excerpt":{"rendered":"<p>Este e-book convida toda fam\u00edlia a embarcar numa jornada curiosa e educativa sobre um tema comum, mas muitas vezes envolto em mitos: o piolho. De maneira sens\u00edvel, criativa e acess\u00edvel, a narrativa valoriza a escuta da crian\u00e7a e promove o autocuidado sem medo ou vergonha. Produzido no \u00e2mbito do projeto de extens\u00e3o \u201cO Mundo Secreto [&hellip;]<\/p>\n","protected":false},"featured_media":8112,"template":"","meta":{"_acf_changed":false},"product_brand":[],"product_cat":[59,18,10,101,15],"product_tag":[157,714,694,713],"class_list":{"0":"post-8111","1":"product","2":"type-product","3":"status-publish","4":"has-post-thumbnail","6":"product_cat-ebooks","7":"product_cat-infanto-juvenil","8":"product_cat-lancamento","9":"product_cat-series","10":"product_cat-veterinaria","11":"product_tag-e-book","12":"product_tag-extensao","13":"product_tag-lancamentos","14":"product_tag-veterinaria","16":"first","17":"instock","18":"downloadable","19":"virtual","20":"purchasable","21":"product-type-simple"},"acf":[],"_links":{"self":[{"href":"https:\/\/editora.ufrrj.br\/portal\/wp-json\/wp\/v2\/product\/8111","targetHints":{"allow":["GET"]}}],"collection":[{"href":"https:\/\/editora.ufrrj.br\/portal\/wp-json\/wp\/v2\/product"}],"about":[{"href":"https:\/\/editora.ufrrj.br\/portal\/wp-json\/wp\/v2\/types\/product"}],"wp:featuredmedia":[{"embeddable":true,"href":"https:\/\/editora.ufrrj.br\/portal\/wp-json\/wp\/v2\/media\/8112"}],"wp:attachment":[{"href":"https:\/\/editora.ufrrj.br\/portal\/wp-json\/wp\/v2\/media?parent=8111"}],"wp:term":[{"taxonomy":"product_brand","embeddable":true,"href":"https:\/\/editora.ufrrj.br\/portal\/wp-json\/wp\/v2\/product_brand?post=8111"},{"taxonomy":"product_cat","embeddable":true,"href":"https:\/\/editora.ufrrj.br\/portal\/wp-json\/wp\/v2\/product_cat?post=8111"},{"taxonomy":"product_tag","embeddable":true,"href":"https:\/\/editora.ufrrj.br\/portal\/wp-json\/wp\/v2\/product_tag?post=8111"}],"curies":[{"name":"wp","href":"https:\/\/api.w.org\/{rel}","templated":true}]}}