{"id":7588,"date":"2025-08-26T10:02:13","date_gmt":"2025-08-26T13:02:13","guid":{"rendered":"https:\/\/editora.ufrrj.br\/portal\/?post_type=product&#038;p=7588"},"modified":"2025-10-30T14:41:26","modified_gmt":"2025-10-30T17:41:26","slug":"nos-atrios-do-golpismo-associacoes-civis-empresariais-e-religiosas-catolicas-na-desestabilizacao-do-governo-de-joao-goulart-1958-1964","status":"publish","type":"product","link":"https:\/\/editora.ufrrj.br\/portal\/produto\/nos-atrios-do-golpismo-associacoes-civis-empresariais-e-religiosas-catolicas-na-desestabilizacao-do-governo-de-joao-goulart-1958-1964\/","title":{"rendered":"Nos \u00c1trios do Golpismo: associa\u00e7\u00f5es civis empresariais e religiosas cat\u00f3licas na desestabiliza\u00e7\u00e3o do governo de Jo\u00e3o Goulart (1958-1964)"},"content":{"rendered":"<p>Nos \u00c1trios do Golpismo: associa\u00e7\u00f5es civis empresariais e religiosas cat\u00f3licas na desestabiliza\u00e7\u00e3o do governo de Jo\u00e3o Goulart (1958-1964) objetiva analisar o papel exercido por parcela do laicato engajado e de religiosos cat\u00f3licos no processo de desestabiliza\u00e7\u00e3o do governo de Jo\u00e3o Goulart. Ao longo do texto, evidencia-se que segmentos da Igreja Cat\u00f3lica contribu\u00edram sistematicamente, atrav\u00e9s de expertise intelectual, aporte financeiro e infraestrutura, para o golpe civil-militar de 1964. A obra aborda, de forma detalhada, como a contribui\u00e7\u00e3o de fra\u00e7\u00e3o significativa da Igreja Cat\u00f3lica no processo de desestabiliza\u00e7\u00e3o de Jo\u00e3o Goulart n\u00e3o foi circunstancial. Destacando a atua\u00e7\u00e3o de membros do baixo ao alto clero e de leigos proeminentes, o autor conclui que &#8220;assim como os quarteis, as empresas e os \u00f3rg\u00e3os de comunica\u00e7\u00e3o, os sal\u00f5es paroquias, as sacristias e as igrejas tamb\u00e9m fazem parte do cen\u00e1rio que permeou o golpe civil-militar&#8221; daquele ano.<\/p>\n<p>&nbsp;<\/p>\n<p>&nbsp;<\/p>\n<p>Marlon Rodrigues Marques<\/p>\n<p>&nbsp;<\/p>\n<p>ISBN 978-65-86859-55-3<\/p>\n<p>&nbsp;<\/p>\n<p>ANO: 2025<\/p>\n<p>&nbsp;<\/p>\n<p>1\u00aa edi\u00e7\u00e3o<\/p>\n","protected":false},"excerpt":{"rendered":"<p>Nos \u00c1trios do Golpismo: associa\u00e7\u00f5es civis empresariais e religiosas cat\u00f3licas na desestabiliza\u00e7\u00e3o do governo de Jo\u00e3o Goulart (1958-1964) objetiva analisar o papel exercido por parcela do laicato engajado e de religiosos cat\u00f3licos no processo de desestabiliza\u00e7\u00e3o do governo de Jo\u00e3o Goulart. Ao longo do texto, evidencia-se que segmentos da Igreja Cat\u00f3lica contribu\u00edram sistematicamente, atrav\u00e9s de [&hellip;]<\/p>\n","protected":false},"featured_media":7589,"template":"","meta":{"_acf_changed":false},"product_brand":[],"product_cat":[23,59,19,10],"product_tag":[154,157,121,694],"class_list":{"0":"post-7588","1":"product","2":"type-product","3":"status-publish","4":"has-post-thumbnail","6":"product_cat-ciencias-sociais-e-politicas","7":"product_cat-ebooks","8":"product_cat-historia","9":"product_cat-lancamento","10":"product_tag-ciencias-humanas","11":"product_tag-e-book","12":"product_tag-historia","13":"product_tag-lancamentos","15":"first","16":"instock","17":"downloadable","18":"virtual","19":"purchasable","20":"product-type-simple"},"acf":[],"_links":{"self":[{"href":"https:\/\/editora.ufrrj.br\/portal\/wp-json\/wp\/v2\/product\/7588","targetHints":{"allow":["GET"]}}],"collection":[{"href":"https:\/\/editora.ufrrj.br\/portal\/wp-json\/wp\/v2\/product"}],"about":[{"href":"https:\/\/editora.ufrrj.br\/portal\/wp-json\/wp\/v2\/types\/product"}],"wp:featuredmedia":[{"embeddable":true,"href":"https:\/\/editora.ufrrj.br\/portal\/wp-json\/wp\/v2\/media\/7589"}],"wp:attachment":[{"href":"https:\/\/editora.ufrrj.br\/portal\/wp-json\/wp\/v2\/media?parent=7588"}],"wp:term":[{"taxonomy":"product_brand","embeddable":true,"href":"https:\/\/editora.ufrrj.br\/portal\/wp-json\/wp\/v2\/product_brand?post=7588"},{"taxonomy":"product_cat","embeddable":true,"href":"https:\/\/editora.ufrrj.br\/portal\/wp-json\/wp\/v2\/product_cat?post=7588"},{"taxonomy":"product_tag","embeddable":true,"href":"https:\/\/editora.ufrrj.br\/portal\/wp-json\/wp\/v2\/product_tag?post=7588"}],"curies":[{"name":"wp","href":"https:\/\/api.w.org\/{rel}","templated":true}]}}