{"id":7527,"date":"2025-06-24T09:08:27","date_gmt":"2025-06-24T12:08:27","guid":{"rendered":"https:\/\/editora.ufrrj.br\/portal\/?post_type=product&#038;p=7527"},"modified":"2025-06-24T09:08:27","modified_gmt":"2025-06-24T12:08:27","slug":"entre-nobres-engenhos-e-o-atlantico-o-trafico-ilegal-de-africanos-para-a-freguesia-de-sao-francisco-xavier-de-itaguahy-c-1830-1870","status":"publish","type":"product","link":"https:\/\/editora.ufrrj.br\/portal\/produto\/entre-nobres-engenhos-e-o-atlantico-o-trafico-ilegal-de-africanos-para-a-freguesia-de-sao-francisco-xavier-de-itaguahy-c-1830-1870\/","title":{"rendered":"ENTRE NOBRES, ENGENHOS  E O ATL\u00c2NTICO:  O tr\u00e1fico ilegal de africanos para a  freguesia de S\u00e3o Francisco Xavier de  Itaguahy (c. 1830-1870)"},"content":{"rendered":"<p>Esta obra tem por objetivo levantar elementos sobre a operacionaliza\u00e7\u00e3o do tr\u00e1fico ilegal de africanos para o Brasil no litoral do Sul Fluminense, principalmente, a partir da localidade de Itaguahy nas d\u00e9cadas de 1830 e 1840. Levando em considera\u00e7\u00e3o as recentes descobertas historiogr\u00e1ficas sobre o funcionamento do mercado ilegal nas regi\u00f5es litor\u00e2neas da Prov\u00edncia do Rio de Janeiro, S\u00e3o Paulo e Esp\u00edrito Santo, foi poss\u00edvel tra\u00e7ar liga\u00e7\u00f5es entre negociantes de Itaguahy e grandes nomes do tr\u00e1fico ilegal no Imp\u00e9rio, como Joaquim de Souza Breves e Jo\u00e3o Jos\u00e9 dos Santos Breves. Em uma rede de alian\u00e7as \u2013 percebida atrav\u00e9s do Conde de Itaguahy \u2013 que envolviam forma\u00e7\u00f5es familiares estrat\u00e9gicas, parceiros comerciais e conex\u00f5es transatl\u00e2nticas de captura de africanos, Itaguahy passa a ser percebida \u2013 a partir dos registros paroquiais da freguesia de S\u00e3o Francisco de Xavier \u2013 como um importante ponto de entrada e distribui\u00e7\u00e3o da m\u00e3o de obra ilegal para a demanda local e para outras localidades do Rio de Janeiro.<\/p>\n<p>&nbsp;<\/p>\n<p>Juliana Delphino Garcia da Silva<\/p>\n<p>&nbsp;<\/p>\n<p>ISBN 978-65-86859-53-9<\/p>\n<p>&nbsp;<\/p>\n<p>ANO: 2025<\/p>\n<p>&nbsp;<\/p>\n<p>1\u00aa edi\u00e7\u00e3o<\/p>\n<p>&nbsp;<\/p>\n<p>&nbsp;<\/p>\n","protected":false},"excerpt":{"rendered":"<p>Esta obra tem por objetivo levantar elementos sobre a operacionaliza\u00e7\u00e3o do tr\u00e1fico ilegal de africanos para o Brasil no litoral do Sul Fluminense, principalmente, a partir da localidade de Itaguahy nas d\u00e9cadas de 1830 e 1840. Levando em considera\u00e7\u00e3o as recentes descobertas historiogr\u00e1ficas sobre o funcionamento do mercado ilegal nas regi\u00f5es litor\u00e2neas da Prov\u00edncia do [&hellip;]<\/p>\n","protected":false},"featured_media":7528,"template":"","meta":{"_acf_changed":false},"product_brand":[],"product_cat":[23,59,19,10,106,101],"product_tag":[154,157,121,694],"class_list":{"0":"post-7527","1":"product","2":"type-product","3":"status-publish","4":"has-post-thumbnail","6":"product_cat-ciencias-sociais-e-politicas","7":"product_cat-ebooks","8":"product_cat-historia","9":"product_cat-lancamento","10":"product_cat-serie-teses","11":"product_cat-series","12":"product_tag-ciencias-humanas","13":"product_tag-e-book","14":"product_tag-historia","15":"product_tag-lancamentos","17":"first","18":"instock","19":"downloadable","20":"virtual","21":"purchasable","22":"product-type-simple"},"acf":[],"_links":{"self":[{"href":"https:\/\/editora.ufrrj.br\/portal\/wp-json\/wp\/v2\/product\/7527","targetHints":{"allow":["GET"]}}],"collection":[{"href":"https:\/\/editora.ufrrj.br\/portal\/wp-json\/wp\/v2\/product"}],"about":[{"href":"https:\/\/editora.ufrrj.br\/portal\/wp-json\/wp\/v2\/types\/product"}],"wp:featuredmedia":[{"embeddable":true,"href":"https:\/\/editora.ufrrj.br\/portal\/wp-json\/wp\/v2\/media\/7528"}],"wp:attachment":[{"href":"https:\/\/editora.ufrrj.br\/portal\/wp-json\/wp\/v2\/media?parent=7527"}],"wp:term":[{"taxonomy":"product_brand","embeddable":true,"href":"https:\/\/editora.ufrrj.br\/portal\/wp-json\/wp\/v2\/product_brand?post=7527"},{"taxonomy":"product_cat","embeddable":true,"href":"https:\/\/editora.ufrrj.br\/portal\/wp-json\/wp\/v2\/product_cat?post=7527"},{"taxonomy":"product_tag","embeddable":true,"href":"https:\/\/editora.ufrrj.br\/portal\/wp-json\/wp\/v2\/product_tag?post=7527"}],"curies":[{"name":"wp","href":"https:\/\/api.w.org\/{rel}","templated":true}]}}