{"id":7433,"date":"2025-05-12T10:59:14","date_gmt":"2025-05-12T13:59:14","guid":{"rendered":"https:\/\/editora.ufrrj.br\/portal\/?post_type=product&#038;p=7433"},"modified":"2025-10-30T15:06:45","modified_gmt":"2025-10-30T18:06:45","slug":"agroecologia-em-assentamentos-da-baixada-fluminense-resistencia-camponesa-nas-margens-da-metropole","status":"publish","type":"product","link":"https:\/\/editora.ufrrj.br\/portal\/produto\/agroecologia-em-assentamentos-da-baixada-fluminense-resistencia-camponesa-nas-margens-da-metropole\/","title":{"rendered":"Agroecologia em Assentamentos da Baixada Fluminense: resist\u00eancia camponesa nas margens da metr\u00f3pole"},"content":{"rendered":"<p style=\"text-align: left;\">A Baixada Fluminense se caracteriza por abrigar grande parte da regi\u00e3o metropolitana do Rio de Janeiro, e costuma aparecer na grande m\u00eddia, em geral, como local de viol\u00eancia e pobreza. Este livro tem como objetivo central mostrar uma faceta menos conhecida da Baixada: sua hist\u00f3ria de luta pela terra e seus Assentamentos de Reforma Agr\u00e1ria. Foram compiladas pesquisas e estudos referentes a quatro assentamentos da Baixada (e seus respectivos munic\u00edpios): Mutir\u00e3o Eldorado e Mutir\u00e3o Sol da Manh\u00e3 (Serop\u00e9dica), Campo Alegre (Nova Igua\u00e7u e Queimados) e Assentamento Terra Prometida (Duque de Caxias e Nova Igua\u00e7u). Tais assentamentos se configuram como localidades de grande interesse para a realiza\u00e7\u00e3o de atividades de campo e desenvolvimento de estudos, pesquisas e projetos de extens\u00e3o por parte de estudantes de gradua\u00e7\u00e3o e de p\u00f3s-gradua\u00e7\u00e3o e de docentes da UFRRJ \u2013 e tamb\u00e9m de outras universidades e institui\u00e7\u00f5es. Busquei ainda identificar experi\u00eancias agroecol\u00f3gicas nestes assentamentos, sendo poss\u00edvel aprofundar na obten\u00e7\u00e3o de informa\u00e7\u00f5es sobre uma delas: a do Coletivo Terra, do Assentamento Terra Prometida. Realizei ainda uma revis\u00e3o hist\u00f3rica e conceitual sobre a agroecologia, e levantei informa\u00e7\u00f5es sobre os seguintes t\u00f3picos: as lutas e desafios de fam\u00edlias agricultoras dos Assentamentos; experi\u00eancias de comercializa\u00e7\u00e3o de produtos agr\u00edcolas da Baixada; e outras pr\u00e1ticas agroecol\u00f3gicas nestes Assentamentos. Ao fim, busquei indicar caminhos e possibilidades para o fortalecimento da agroecologia nos Assentamentos de Reforma Agr\u00e1ria da Baixada Fluminense.<\/p>\n<p>Igor Simoni Homem de Carvalho<\/p>\n<p>ISBN 978-65-86859-52-2<\/p>\n<p>ANO: 2025<\/p>\n<p>1\u00aa edi\u00e7\u00e3o<\/p>\n","protected":false},"excerpt":{"rendered":"<p>A Baixada Fluminense se caracteriza por abrigar grande parte da regi\u00e3o metropolitana do Rio de Janeiro, e costuma aparecer na grande m\u00eddia, em geral, como local de viol\u00eancia e pobreza. Este livro tem como objetivo central mostrar uma faceta menos conhecida da Baixada: sua hist\u00f3ria de luta pela terra e seus Assentamentos de Reforma Agr\u00e1ria. [&hellip;]<\/p>\n","protected":false},"featured_media":7434,"template":"","meta":{"_acf_changed":false},"product_brand":[],"product_cat":[23,59,66,19,10,85],"product_tag":[154,139,157,128,694],"class_list":{"0":"post-7433","1":"product","2":"type-product","3":"status-publish","4":"has-post-thumbnail","6":"product_cat-ciencias-sociais-e-politicas","7":"product_cat-ebooks","8":"product_cat-geografia-area","9":"product_cat-historia","10":"product_cat-lancamento","11":"product_cat-licenciatura-em-educacao-do-campo","12":"product_tag-ciencias-humanas","13":"product_tag-ciencias-sociais","14":"product_tag-e-book","15":"product_tag-geografia","16":"product_tag-lancamentos","18":"first","19":"instock","20":"downloadable","21":"virtual","22":"purchasable","23":"product-type-simple"},"acf":[],"_links":{"self":[{"href":"https:\/\/editora.ufrrj.br\/portal\/wp-json\/wp\/v2\/product\/7433","targetHints":{"allow":["GET"]}}],"collection":[{"href":"https:\/\/editora.ufrrj.br\/portal\/wp-json\/wp\/v2\/product"}],"about":[{"href":"https:\/\/editora.ufrrj.br\/portal\/wp-json\/wp\/v2\/types\/product"}],"wp:featuredmedia":[{"embeddable":true,"href":"https:\/\/editora.ufrrj.br\/portal\/wp-json\/wp\/v2\/media\/7434"}],"wp:attachment":[{"href":"https:\/\/editora.ufrrj.br\/portal\/wp-json\/wp\/v2\/media?parent=7433"}],"wp:term":[{"taxonomy":"product_brand","embeddable":true,"href":"https:\/\/editora.ufrrj.br\/portal\/wp-json\/wp\/v2\/product_brand?post=7433"},{"taxonomy":"product_cat","embeddable":true,"href":"https:\/\/editora.ufrrj.br\/portal\/wp-json\/wp\/v2\/product_cat?post=7433"},{"taxonomy":"product_tag","embeddable":true,"href":"https:\/\/editora.ufrrj.br\/portal\/wp-json\/wp\/v2\/product_tag?post=7433"}],"curies":[{"name":"wp","href":"https:\/\/api.w.org\/{rel}","templated":true}]}}