{"id":7199,"date":"2025-01-21T09:31:10","date_gmt":"2025-01-21T12:31:10","guid":{"rendered":"https:\/\/editora.ufrrj.br\/portal\/?post_type=product&#038;p=7199"},"modified":"2025-10-28T14:22:56","modified_gmt":"2025-10-28T17:22:56","slug":"geografias-do-capital-estudos-sobre-reestruturacao-territorial-produtiva-e-ecologia-politica","status":"publish","type":"product","link":"https:\/\/editora.ufrrj.br\/portal\/produto\/geografias-do-capital-estudos-sobre-reestruturacao-territorial-produtiva-e-ecologia-politica\/","title":{"rendered":"Geografias do Capital: Estudos sobre Reestrutura\u00e7\u00e3o Territorial-Produtiva e Ecologia Pol\u00edtica"},"content":{"rendered":"<p>Geografias do capital: estudos sobre reestrutura\u00e7\u00e3o territorial-produtiva e ecologia pol\u00edtica \u00e9 uma colet\u00e2nea composta de treze cap\u00edtulos que objetiva oferecer aos leitores reflex\u00f5es sobre as recentes transforma\u00e7\u00f5es espaciais da industrializa\u00e7\u00e3o nas periferias do Rio de Janeiro. Tendo a realidade fluminense como objeto emp\u00edrico privilegiado, mas sem abdicar da multiescalaridade, e sob as perspectivas da geografia econ\u00f4mica e da ecologia pol\u00edtica, e re\u00fane resultados de investiga\u00e7\u00f5es realizadas no \u00e2mbito da p\u00f3s-gradua\u00e7\u00e3o que se debru\u00e7aram sobre o perfil deste novo modelo produtivo.<\/p>\n<p>Organizador: Leandro Dias de Oliveira<\/p>\n<p>ISBN: 978-65-86859-50-8<\/p>\n<p>2024<\/p>\n<p>1\u00aa edi\u00e7\u00e3o<\/p>\n<p>&nbsp;<\/p>\n","protected":false},"excerpt":{"rendered":"<p>Geografias do capital: estudos sobre reestrutura\u00e7\u00e3o territorial-produtiva e ecologia pol\u00edtica \u00e9 uma colet\u00e2nea composta de treze cap\u00edtulos que objetiva oferecer aos leitores reflex\u00f5es sobre as recentes transforma\u00e7\u00f5es espaciais da industrializa\u00e7\u00e3o nas periferias do Rio de Janeiro. Tendo a realidade fluminense como objeto emp\u00edrico privilegiado, mas sem abdicar da multiescalaridade, e sob as perspectivas da geografia [&hellip;]<\/p>\n","protected":false},"featured_media":7200,"template":"","meta":{"_acf_changed":false},"product_brand":[],"product_cat":[23,59,93,66,19,10],"product_tag":[157,709,128,121,694],"class_list":{"0":"post-7199","1":"product","2":"type-product","3":"status-publish","4":"has-post-thumbnail","6":"product_cat-ciencias-sociais-e-politicas","7":"product_cat-ebooks","8":"product_cat-economia","9":"product_cat-geografia-area","10":"product_cat-historia","11":"product_cat-lancamento","12":"product_tag-e-book","13":"product_tag-economia","14":"product_tag-geografia","15":"product_tag-historia","16":"product_tag-lancamentos","18":"first","19":"instock","20":"downloadable","21":"virtual","22":"purchasable","23":"product-type-simple"},"acf":[],"_links":{"self":[{"href":"https:\/\/editora.ufrrj.br\/portal\/wp-json\/wp\/v2\/product\/7199","targetHints":{"allow":["GET"]}}],"collection":[{"href":"https:\/\/editora.ufrrj.br\/portal\/wp-json\/wp\/v2\/product"}],"about":[{"href":"https:\/\/editora.ufrrj.br\/portal\/wp-json\/wp\/v2\/types\/product"}],"wp:featuredmedia":[{"embeddable":true,"href":"https:\/\/editora.ufrrj.br\/portal\/wp-json\/wp\/v2\/media\/7200"}],"wp:attachment":[{"href":"https:\/\/editora.ufrrj.br\/portal\/wp-json\/wp\/v2\/media?parent=7199"}],"wp:term":[{"taxonomy":"product_brand","embeddable":true,"href":"https:\/\/editora.ufrrj.br\/portal\/wp-json\/wp\/v2\/product_brand?post=7199"},{"taxonomy":"product_cat","embeddable":true,"href":"https:\/\/editora.ufrrj.br\/portal\/wp-json\/wp\/v2\/product_cat?post=7199"},{"taxonomy":"product_tag","embeddable":true,"href":"https:\/\/editora.ufrrj.br\/portal\/wp-json\/wp\/v2\/product_tag?post=7199"}],"curies":[{"name":"wp","href":"https:\/\/api.w.org\/{rel}","templated":true}]}}