{"id":7161,"date":"2025-01-13T11:31:56","date_gmt":"2025-01-13T14:31:56","guid":{"rendered":"https:\/\/editora.ufrrj.br\/portal\/?post_type=product&#038;p=7161"},"modified":"2025-01-13T11:31:56","modified_gmt":"2025-01-13T14:31:56","slug":"olhares-politicos-criticos-sobre-questoes-de-nosso-desenvolvimento","status":"publish","type":"product","link":"https:\/\/editora.ufrrj.br\/portal\/produto\/olhares-politicos-criticos-sobre-questoes-de-nosso-desenvolvimento\/","title":{"rendered":"Olhares pol\u00edticos cr\u00edticos sobre quest\u00f5es de nosso desenvolvimento"},"content":{"rendered":"<p style=\"text-align: left;\">Este livro objetiva romper a barreira que o senso comum atual imp\u00f5e \u00e0 discuss\u00e3o e \u00e0 valoriza\u00e7\u00e3o da pol\u00edtica como ferramenta de transforma\u00e7\u00e3o. Ao longo dos \u00faltimos anos testemunhamos o crescimento de uma concep\u00e7\u00e3o generalizada cada vez mais pejorativa sobre a pol\u00edtica. Com a polariza\u00e7\u00e3o eleitoral e institucional decorrente dos \u00faltimos anos, e fundamentalmente, ap\u00f3s a pandemia (e o tratamento dado a ela no Brasil), a inevitabilidade e onipresen\u00e7a da pol\u00edtica ficam evidentes e tornam-se indisfar\u00e7\u00e1veis. Mesmo com a consci\u00eancia da import\u00e2ncia da pol\u00edtica, a pluralidade e a complexidade, nas quais a sociedade foi se constituindo neste s\u00e9culo, v\u00e3o demandando aten\u00e7\u00e3o e respostas a quest\u00f5es sens\u00edveis e relevantes que se adaptem \u00e0s novas condicionalidades, tanto do ponto de vista nacional quanto do internacional. Logo, a pol\u00edtica revela-se como uma din\u00e2mica multifacetada, abrangente e transversal que precisa ser levada em considera\u00e7\u00e3o n\u00e3o apenas na pr\u00e1tica, como tamb\u00e9m na teoria. Afinal, a teoria \u00e9 a b\u00fassola da pr\u00e1tica.<\/p>\n<p>Organizadores: Luiz Felipe Brand\u00e3o Os\u00f3rio e Jorge Osvaldo Romano<\/p>\n<p>ISBN 978-65-86859-49-2<\/p>\n<p>Ano: 2024<\/p>\n<p>1\u00aa Edi\u00e7\u00e3o<\/p>\n","protected":false},"excerpt":{"rendered":"<p>Este livro objetiva romper a barreira que o senso comum atual imp\u00f5e \u00e0 discuss\u00e3o e \u00e0 valoriza\u00e7\u00e3o da pol\u00edtica como ferramenta de transforma\u00e7\u00e3o. Ao longo dos \u00faltimos anos testemunhamos o crescimento de uma concep\u00e7\u00e3o generalizada cada vez mais pejorativa sobre a pol\u00edtica. Com a polariza\u00e7\u00e3o eleitoral e institucional decorrente dos \u00faltimos anos, e fundamentalmente, ap\u00f3s [&hellip;]<\/p>\n","protected":false},"featured_media":7162,"template":"","meta":{"_acf_changed":false},"product_brand":[],"product_cat":[23,59,93,19,10],"product_tag":[142,154,139,708,157,121,694],"class_list":{"0":"post-7161","1":"product","2":"type-product","3":"status-publish","4":"has-post-thumbnail","6":"product_cat-ciencias-sociais-e-politicas","7":"product_cat-ebooks","8":"product_cat-economia","9":"product_cat-historia","10":"product_cat-lancamento","11":"product_tag-ciencia-politica","12":"product_tag-ciencias-humanas","13":"product_tag-ciencias-sociais","14":"product_tag-desenvolvimento","15":"product_tag-e-book","16":"product_tag-historia","17":"product_tag-lancamentos","19":"first","20":"instock","21":"downloadable","22":"virtual","23":"purchasable","24":"product-type-simple"},"acf":[],"_links":{"self":[{"href":"https:\/\/editora.ufrrj.br\/portal\/wp-json\/wp\/v2\/product\/7161","targetHints":{"allow":["GET"]}}],"collection":[{"href":"https:\/\/editora.ufrrj.br\/portal\/wp-json\/wp\/v2\/product"}],"about":[{"href":"https:\/\/editora.ufrrj.br\/portal\/wp-json\/wp\/v2\/types\/product"}],"wp:featuredmedia":[{"embeddable":true,"href":"https:\/\/editora.ufrrj.br\/portal\/wp-json\/wp\/v2\/media\/7162"}],"wp:attachment":[{"href":"https:\/\/editora.ufrrj.br\/portal\/wp-json\/wp\/v2\/media?parent=7161"}],"wp:term":[{"taxonomy":"product_brand","embeddable":true,"href":"https:\/\/editora.ufrrj.br\/portal\/wp-json\/wp\/v2\/product_brand?post=7161"},{"taxonomy":"product_cat","embeddable":true,"href":"https:\/\/editora.ufrrj.br\/portal\/wp-json\/wp\/v2\/product_cat?post=7161"},{"taxonomy":"product_tag","embeddable":true,"href":"https:\/\/editora.ufrrj.br\/portal\/wp-json\/wp\/v2\/product_tag?post=7161"}],"curies":[{"name":"wp","href":"https:\/\/api.w.org\/{rel}","templated":true}]}}