{"id":6848,"date":"2024-12-09T14:55:54","date_gmt":"2024-12-09T17:55:54","guid":{"rendered":"https:\/\/editora.ufrrj.br\/portal\/?post_type=product&#038;p=6848"},"modified":"2024-12-09T14:55:54","modified_gmt":"2024-12-09T17:55:54","slug":"vamos-desenhar-desenho-como-recurso-etnografico-e-expressivo","status":"publish","type":"product","link":"https:\/\/editora.ufrrj.br\/portal\/produto\/vamos-desenhar-desenho-como-recurso-etnografico-e-expressivo\/","title":{"rendered":"VAMOS DESENHAR? DESENHO COMO RECURSO ETNOGR\u00c1FICO E EXPRESSIVO"},"content":{"rendered":"<p style=\"text-align: left;\">Trata-se da segunda publica\u00e7\u00e3o sobre uma oficina de extens\u00e3o realizada ao longo de quase todo o per\u00edodo de afastamento social, durante a pandemia de Covid-19. A oficina acolheu participantes de todo o Brasil para encontros que discutiram a import\u00e2ncia do desenho etnogr\u00e1fico no campo da antropologia a partir de diversos textos, alguns traduzidos especificamente para a oficina, e estimulou o desenvolvimento da pr\u00e1tica do desenho atrav\u00e9s de propostas de exerc\u00edcios, que eram comentados durante os encontros s\u00edncronos. Dois dos textos traduzidos foram autorizados para publica\u00e7\u00e3o neste livro, onde inclu\u00edmos tamb\u00e9m os exerc\u00edcios propostos, os desenhos realizados pelos participantes, assim como uma introdu\u00e7\u00e3o sobre o tema. O primeiro livro originado desta oficina foi publicado em agosto de 2023, constituindo a primeira publica\u00e7\u00e3o sobre o tema no Brasil. O desenho etnogr\u00e1fico tem ganhado cada vez mais visibilidade na \u00e1rea, que vem valorizando a observ\u00e2ncia de formas de apreens\u00e3o da experi\u00eancia etnogr\u00e1fica para al\u00e9m da escuta e sua express\u00e3o de formas variadas, para al\u00e9m da escrita.<\/p>\n<p>Organizadoras: Patricia Reinheimer e Karina Kuschnir<\/p>\n<p>ISBN: 978-65-86859-48-5<\/p>\n<p>Ano: 2024<\/p>\n<p>1\u00aa Edi\u00e7\u00e3o<\/p>\n<p>&nbsp;<\/p>\n","protected":false},"excerpt":{"rendered":"<p>Trata-se da segunda publica\u00e7\u00e3o sobre uma oficina de extens\u00e3o realizada ao longo de quase todo o per\u00edodo de afastamento social, durante a pandemia de Covid-19. A oficina acolheu participantes de todo o Brasil para encontros que discutiram a import\u00e2ncia do desenho etnogr\u00e1fico no campo da antropologia a partir de diversos textos, alguns traduzidos especificamente para [&hellip;]<\/p>\n","protected":false},"featured_media":6849,"template":"","meta":{"_acf_changed":false},"product_brand":[],"product_cat":[78,23,59,10],"product_tag":[706,701,154,707],"class_list":{"0":"post-6848","1":"product","2":"type-product","3":"status-publish","4":"has-post-thumbnail","6":"product_cat-artes","7":"product_cat-ciencias-sociais-e-politicas","8":"product_cat-ebooks","9":"product_cat-lancamento","10":"product_tag-antropologia","11":"product_tag-artes","12":"product_tag-ciencias-humanas","13":"product_tag-desenho","15":"first","16":"instock","17":"downloadable","18":"virtual","19":"purchasable","20":"product-type-simple"},"acf":[],"_links":{"self":[{"href":"https:\/\/editora.ufrrj.br\/portal\/wp-json\/wp\/v2\/product\/6848","targetHints":{"allow":["GET"]}}],"collection":[{"href":"https:\/\/editora.ufrrj.br\/portal\/wp-json\/wp\/v2\/product"}],"about":[{"href":"https:\/\/editora.ufrrj.br\/portal\/wp-json\/wp\/v2\/types\/product"}],"wp:featuredmedia":[{"embeddable":true,"href":"https:\/\/editora.ufrrj.br\/portal\/wp-json\/wp\/v2\/media\/6849"}],"wp:attachment":[{"href":"https:\/\/editora.ufrrj.br\/portal\/wp-json\/wp\/v2\/media?parent=6848"}],"wp:term":[{"taxonomy":"product_brand","embeddable":true,"href":"https:\/\/editora.ufrrj.br\/portal\/wp-json\/wp\/v2\/product_brand?post=6848"},{"taxonomy":"product_cat","embeddable":true,"href":"https:\/\/editora.ufrrj.br\/portal\/wp-json\/wp\/v2\/product_cat?post=6848"},{"taxonomy":"product_tag","embeddable":true,"href":"https:\/\/editora.ufrrj.br\/portal\/wp-json\/wp\/v2\/product_tag?post=6848"}],"curies":[{"name":"wp","href":"https:\/\/api.w.org\/{rel}","templated":true}]}}