{"id":6834,"date":"2024-12-01T19:24:00","date_gmt":"2024-12-01T22:24:00","guid":{"rendered":"https:\/\/editora.ufrrj.br\/portal\/?post_type=product&#038;p=6834"},"modified":"2024-12-01T19:24:01","modified_gmt":"2024-12-01T22:24:01","slug":"gervasio-lobato-teatro-publicado","status":"publish","type":"product","link":"https:\/\/editora.ufrrj.br\/portal\/produto\/gervasio-lobato-teatro-publicado\/","title":{"rendered":"Gerv\u00e1sio Lobato: teatro publicado"},"content":{"rendered":"<p style=\"text-align: left;\">Gerv\u00e1sio Lobato (1850-1895) foi um dos mais populares dramaturgos portugueses nas \u00faltimas d\u00e9cadas do s\u00e9culo XIX. Ao lado de nomes como Marcelino de Mesquita, D. Jo\u00e3o da C\u00e2mara e Henrique Lopes de Mendon\u00e7a, contribuiu para a consolida\u00e7\u00e3o do teatro realista e naturalista nos palcos. Sua produ\u00e7\u00e3o n\u00e3o poderia ser mais variada: foi romancista, cronista, jornalista e cr\u00edtico teatral. Como dramaturgo escreveu 28 pe\u00e7as originais (com\u00e9dias e farsas em sua grande maioria) e realizou mais de 90 tradu\u00e7\u00f5es ou adapta\u00e7\u00f5es do repert\u00f3rio estrangeiro, principalmente o franc\u00eas. Os mais importantes teatros lisboetas abrigaram com sucesso as encena\u00e7\u00f5es das suas pe\u00e7as, que muitas vezes eram representadas em todo o territ\u00f3rio portugu\u00eas, bem como na Ilha da Madeira e no Brasil. N\u00e3o \u00e0 toa, recebeu a alcunha carinhosa \u201cRei do Gin\u00e1sio\u201d, apelido que o associava diretamente ao Teatro do Gin\u00e1sio de Lisboa. Entretanto, toda essa extensa produ\u00e7\u00e3o dramat\u00fargica jaz esquecida por parte da cr\u00edtica liter\u00e1ria e sua obra teatral, mesmo que representada at\u00e9 os dias atuais, n\u00e3o recebeu nenhum estudo mais aprofundado. As poucas pe\u00e7as que foram publicadas n\u00e3o s\u00e3o reeditadas h\u00e1 mais de um s\u00e9culo. Resgatar o nome e parte da produ\u00e7\u00e3o dramat\u00fargica deste autor \u00e9 o prop\u00f3sito desta edi\u00e7\u00e3o.<\/p>\n<p>Autora: Cl\u00e1udia Barbieri<\/p>\n<p>ISBN: 978-65-86859-36-2<\/p>\n<p>ANO: 2024<\/p>\n<p>1\u00aa Edi\u00e7\u00e3o<\/p>\n<p>&nbsp;<\/p>\n","protected":false},"excerpt":{"rendered":"<p>Gerv\u00e1sio Lobato (1850-1895) foi um dos mais populares dramaturgos portugueses nas \u00faltimas d\u00e9cadas do s\u00e9culo XIX. Ao lado de nomes como Marcelino de Mesquita, D. Jo\u00e3o da C\u00e2mara e Henrique Lopes de Mendon\u00e7a, contribuiu para a consolida\u00e7\u00e3o do teatro realista e naturalista nos palcos. Sua produ\u00e7\u00e3o n\u00e3o poderia ser mais variada: foi romancista, cronista, jornalista [&hellip;]<\/p>\n","protected":false},"featured_media":6835,"template":"","meta":{"_acf_changed":false},"product_brand":[],"product_cat":[78,23,59,10,60,53,105],"product_tag":[157,694,158],"class_list":{"0":"post-6834","1":"product","2":"type-product","3":"status-publish","4":"has-post-thumbnail","6":"product_cat-artes","7":"product_cat-ciencias-sociais-e-politicas","8":"product_cat-ebooks","9":"product_cat-lancamento","10":"product_cat-lingua-portuguesa","11":"product_cat-literatura-area","12":"product_cat-serie-classicos","13":"product_tag-e-book","14":"product_tag-lancamentos","15":"product_tag-literatura","17":"first","18":"instock","19":"downloadable","20":"virtual","21":"purchasable","22":"product-type-simple"},"acf":[],"_links":{"self":[{"href":"https:\/\/editora.ufrrj.br\/portal\/wp-json\/wp\/v2\/product\/6834","targetHints":{"allow":["GET"]}}],"collection":[{"href":"https:\/\/editora.ufrrj.br\/portal\/wp-json\/wp\/v2\/product"}],"about":[{"href":"https:\/\/editora.ufrrj.br\/portal\/wp-json\/wp\/v2\/types\/product"}],"wp:featuredmedia":[{"embeddable":true,"href":"https:\/\/editora.ufrrj.br\/portal\/wp-json\/wp\/v2\/media\/6835"}],"wp:attachment":[{"href":"https:\/\/editora.ufrrj.br\/portal\/wp-json\/wp\/v2\/media?parent=6834"}],"wp:term":[{"taxonomy":"product_brand","embeddable":true,"href":"https:\/\/editora.ufrrj.br\/portal\/wp-json\/wp\/v2\/product_brand?post=6834"},{"taxonomy":"product_cat","embeddable":true,"href":"https:\/\/editora.ufrrj.br\/portal\/wp-json\/wp\/v2\/product_cat?post=6834"},{"taxonomy":"product_tag","embeddable":true,"href":"https:\/\/editora.ufrrj.br\/portal\/wp-json\/wp\/v2\/product_tag?post=6834"}],"curies":[{"name":"wp","href":"https:\/\/api.w.org\/{rel}","templated":true}]}}