{"id":6718,"date":"2024-09-24T14:33:40","date_gmt":"2024-09-24T17:33:40","guid":{"rendered":"https:\/\/editora.ufrrj.br\/portal\/?post_type=product&#038;p=6718"},"modified":"2025-10-28T14:26:14","modified_gmt":"2025-10-28T17:26:14","slug":"caminhos-da-geometria-da-atualidade-velhos-percursos-novas-lentes","status":"publish","type":"product","link":"https:\/\/editora.ufrrj.br\/portal\/produto\/caminhos-da-geometria-da-atualidade-velhos-percursos-novas-lentes\/","title":{"rendered":"Caminhos da geometria na atualidade:  velhos percursos, novas lentes"},"content":{"rendered":"<p style=\"text-align: left;\">A Geometria \u00e9 muitas vezes usada para descrever, analisar e compreender o mundo f\u00edsico. \u00c9 hoje ineg\u00e1vel que nesta sociedade cada vez mais visual, todos os cidad\u00e3os precisam de desenvolver o seu sentido espacial e de organiza\u00e7\u00e3o do espa\u00e7o. Assim, a Geometria constitui um dos dom\u00ednios da Matem\u00e1tica da maior import\u00e2ncia e \u00e9 parte integrante dos curr\u00edculos de Matem\u00e1tica. Mas como aprender e ensinar Geometria continua ainda a ser objeto de alguma controv\u00e9rsia. Discute-se, nomeadamente (i) como, quando e quais os conte\u00fados a introduzir nos diferentes ciclos de ensino; (ii) que papel atribuir \u00e0 tecnologia ou aos materiais manipul\u00e1veis ao longo da escolaridade; (iii) que papel para a intui\u00e7\u00e3o ou para a dedu\u00e7\u00e3o l\u00f3gica. O livro que agora se publica traz contributos para uma resposta a estas quest\u00f5es.<\/p>\n<p>Organizadores: Marcelo Almeida Bairral, Marcos Paulo Henrique e Alexandre Rodrigues de Assis<\/p>\n<p>ISBN: 978-65-86859-41-6<\/p>\n<p>ANO: 2024<\/p>\n<p>1\u00aa edi\u00e7\u00e3o<\/p>\n","protected":false},"excerpt":{"rendered":"<p>A Geometria \u00e9 muitas vezes usada para descrever, analisar e compreender o mundo f\u00edsico. \u00c9 hoje ineg\u00e1vel que nesta sociedade cada vez mais visual, todos os cidad\u00e3os precisam de desenvolver o seu sentido espacial e de organiza\u00e7\u00e3o do espa\u00e7o. Assim, a Geometria constitui um dos dom\u00ednios da Matem\u00e1tica da maior import\u00e2ncia e \u00e9 parte integrante [&hellip;]<\/p>\n","protected":false},"featured_media":6719,"template":"","meta":{"_acf_changed":false},"product_brand":[],"product_cat":[23,59,22,21,10],"product_tag":[157,147,694],"class_list":{"0":"post-6718","1":"product","2":"type-product","3":"status-publish","4":"has-post-thumbnail","6":"product_cat-ciencias-sociais-e-politicas","7":"product_cat-ebooks","8":"product_cat-educacao","9":"product_cat-exatas","10":"product_cat-lancamento","11":"product_tag-e-book","12":"product_tag-educacao","13":"product_tag-lancamentos","15":"first","16":"instock","17":"downloadable","18":"virtual","19":"purchasable","20":"product-type-simple"},"acf":[],"_links":{"self":[{"href":"https:\/\/editora.ufrrj.br\/portal\/wp-json\/wp\/v2\/product\/6718","targetHints":{"allow":["GET"]}}],"collection":[{"href":"https:\/\/editora.ufrrj.br\/portal\/wp-json\/wp\/v2\/product"}],"about":[{"href":"https:\/\/editora.ufrrj.br\/portal\/wp-json\/wp\/v2\/types\/product"}],"wp:featuredmedia":[{"embeddable":true,"href":"https:\/\/editora.ufrrj.br\/portal\/wp-json\/wp\/v2\/media\/6719"}],"wp:attachment":[{"href":"https:\/\/editora.ufrrj.br\/portal\/wp-json\/wp\/v2\/media?parent=6718"}],"wp:term":[{"taxonomy":"product_brand","embeddable":true,"href":"https:\/\/editora.ufrrj.br\/portal\/wp-json\/wp\/v2\/product_brand?post=6718"},{"taxonomy":"product_cat","embeddable":true,"href":"https:\/\/editora.ufrrj.br\/portal\/wp-json\/wp\/v2\/product_cat?post=6718"},{"taxonomy":"product_tag","embeddable":true,"href":"https:\/\/editora.ufrrj.br\/portal\/wp-json\/wp\/v2\/product_tag?post=6718"}],"curies":[{"name":"wp","href":"https:\/\/api.w.org\/{rel}","templated":true}]}}