{"id":6455,"date":"2023-10-23T17:33:00","date_gmt":"2023-10-23T20:33:00","guid":{"rendered":"https:\/\/editora.ufrrj.br\/portal\/?post_type=product&#038;p=6455"},"modified":"2023-10-23T17:48:07","modified_gmt":"2023-10-23T20:48:07","slug":"a-contribuicao-da-assistencia-estudantil-para-a-democratizacao-da-educacao-superior-o-caso-da-universidade-federal-rural-do-rio-de-janeiro","status":"publish","type":"product","link":"https:\/\/editora.ufrrj.br\/portal\/produto\/a-contribuicao-da-assistencia-estudantil-para-a-democratizacao-da-educacao-superior-o-caso-da-universidade-federal-rural-do-rio-de-janeiro\/","title":{"rendered":"A contribui\u00e7\u00e3o da assist\u00eancia estudantil para a democratiza\u00e7\u00e3o da educa\u00e7\u00e3o superior: o caso da Universidade Federal Rural do Rio de Janeiro"},"content":{"rendered":"<div class=\"page\" role=\"region\" data-page-number=\"8\" aria-label=\"Page 8\" data-loaded=\"true\">\n<div style=\"text-align: left;\"><span dir=\"ltr\" role=\"presentation\">O principal objetivo da pesquisa original, que agora se torna mais ampla atrav\u00e9s da publica\u00e7\u00e3o deste livro, foi investigar a hist\u00f3ria da assist\u00eancia estudantil <\/span><span dir=\"ltr\" role=\"presentation\">na UFRRJ, como parte da hist\u00f3ria dessa Institui\u00e7\u00e3o centen\u00e1ria, e sua participa\u00e7\u00e3o no conjunto <\/span><span dir=\"ltr\" role=\"presentation\">de pol\u00edticas de democratiza\u00e7\u00e3o da educa\u00e7\u00e3o superior dos governos do presidente Fernando <\/span><span dir=\"ltr\" role=\"presentation\">Henrique Cardoso ao governo interino do presidente Michel Temer. A partir de um complexo estudo que incorpora diversos n\u00edveis de an\u00e1lise, desde os mais amplos, como <\/span><span dir=\"ltr\" role=\"presentation\">o sistema capitalista e suas crises, a pol\u00edtica <\/span><span dir=\"ltr\" role=\"presentation\">social e a hist\u00f3ria da educa\u00e7\u00e3o superior, bem como aqueles que permitem uma densa descri\u00e7\u00e3o acerca do objeto em an\u00e1lise, como a cria\u00e7\u00e3o de departamentos de <\/span><span dir=\"ltr\" role=\"presentation\">aten\u00e7\u00e3o ao estudante, a expans\u00e3o das Institui\u00e7\u00f5es de Ensino Superior, as condi\u00e7\u00f5es estruturais <\/span><span dir=\"ltr\" role=\"presentation\">de perman\u00eancia e acompanhamento dos estudantes em cada IES a partir de estudos de caso, <\/span><span dir=\"ltr\" role=\"presentation\">a Pol\u00edtica Nacional de Assist\u00eancia Estudantil, e as demandas emergentes para efetiva\u00e7\u00e3o da <\/span><span dir=\"ltr\" role=\"presentation\">assist\u00eancia estudantil na atualidade, a autora, a partir de uma <\/span><span dir=\"ltr\" role=\"presentation\">an\u00e1lise te\u00f3rica que incorpora categorias como habitus, capital cultural e social e poder simb\u00f3lico, traz uma importante <\/span>contribui\u00e7\u00e3o sobre as pol\u00edticas p\u00fablicas de acesso e perman\u00eancia no interior da UFRRJ. Aqui voc\u00ea vai se deparar com singularidades da hist\u00f3ria da Institui\u00e7\u00e3o que a maioria que estuda ou trabalha na Universidade sequer imagina, fruto <span dir=\"ltr\" role=\"presentation\">de uma pesquisa s\u00e9ria e altamente comprometida com a veracidade e comprova\u00e7\u00e3o dos fatos. <\/span><span dir=\"ltr\" role=\"presentation\">Pelos motivos acima destacados, posso afirmar, sem nenhuma d\u00favida, que este livro \u00e9 uma <\/span><span dir=\"ltr\" role=\"presentation\">\u201cjoia rara\u201d para quem percorre, hoje, os caminhos da Universidade Federal Rural do Rio de <\/span><span dir=\"ltr\" role=\"presentation\">Janeiro, quer como estudante, professor, t\u00e9cnico, pedagogo ou pesquisador. O estudo aqui <\/span><span dir=\"ltr\" role=\"presentation\">relatado se valeu de v\u00e1rios documentos, alguns in\u00e9ditos, para o registro de seus apontamentos. <\/span><span dir=\"ltr\" role=\"presentation\">\u00c9 um livro que, por ser hist\u00f3rico, \u00e9 atemporal e, como tal, ser\u00e1 sempre atual e indispens\u00e1vel <\/span><span dir=\"ltr\" role=\"presentation\">para quem estuda ou pretende estudar a historiografia desta Institui\u00e7\u00e3o t\u00e3o singular e bela.<\/span><\/div>\n<\/div>\n<div><\/div>\n<div><\/div>\n<div>Autora: Ol\u00edvia Chaves de Oliveira<\/div>\n<div><\/div>\n<div>ISBN: 978-65-86859-27-0<\/div>\n<div><\/div>\n<div>2023<\/div>\n<div><\/div>\n","protected":false},"excerpt":{"rendered":"<p>O principal objetivo da pesquisa original, que agora se torna mais ampla atrav\u00e9s da publica\u00e7\u00e3o deste livro, foi investigar a hist\u00f3ria da assist\u00eancia estudantil na UFRRJ, como parte da hist\u00f3ria dessa Institui\u00e7\u00e3o centen\u00e1ria, e sua participa\u00e7\u00e3o no conjunto de pol\u00edticas de democratiza\u00e7\u00e3o da educa\u00e7\u00e3o superior dos governos do presidente Fernando Henrique Cardoso ao governo interino [&hellip;]<\/p>\n","protected":false},"featured_media":6459,"template":"","meta":{"_acf_changed":false},"product_brand":[],"product_cat":[23,59,22,19,10],"product_tag":[695,139,157,147,121,694],"class_list":{"0":"post-6455","1":"product","2":"type-product","3":"status-publish","4":"has-post-thumbnail","6":"product_cat-ciencias-sociais-e-politicas","7":"product_cat-ebooks","8":"product_cat-educacao","9":"product_cat-historia","10":"product_cat-lancamento","11":"product_tag-695","12":"product_tag-ciencias-sociais","13":"product_tag-e-book","14":"product_tag-educacao","15":"product_tag-historia","16":"product_tag-lancamentos","18":"first","19":"instock","20":"downloadable","21":"virtual","22":"purchasable","23":"product-type-simple"},"acf":[],"_links":{"self":[{"href":"https:\/\/editora.ufrrj.br\/portal\/wp-json\/wp\/v2\/product\/6455","targetHints":{"allow":["GET"]}}],"collection":[{"href":"https:\/\/editora.ufrrj.br\/portal\/wp-json\/wp\/v2\/product"}],"about":[{"href":"https:\/\/editora.ufrrj.br\/portal\/wp-json\/wp\/v2\/types\/product"}],"wp:featuredmedia":[{"embeddable":true,"href":"https:\/\/editora.ufrrj.br\/portal\/wp-json\/wp\/v2\/media\/6459"}],"wp:attachment":[{"href":"https:\/\/editora.ufrrj.br\/portal\/wp-json\/wp\/v2\/media?parent=6455"}],"wp:term":[{"taxonomy":"product_brand","embeddable":true,"href":"https:\/\/editora.ufrrj.br\/portal\/wp-json\/wp\/v2\/product_brand?post=6455"},{"taxonomy":"product_cat","embeddable":true,"href":"https:\/\/editora.ufrrj.br\/portal\/wp-json\/wp\/v2\/product_cat?post=6455"},{"taxonomy":"product_tag","embeddable":true,"href":"https:\/\/editora.ufrrj.br\/portal\/wp-json\/wp\/v2\/product_tag?post=6455"}],"curies":[{"name":"wp","href":"https:\/\/api.w.org\/{rel}","templated":true}]}}