{"id":618,"date":"2017-02-24T10:54:28","date_gmt":"2017-02-24T13:54:28","guid":{"rendered":"http:\/\/editora.ufrrj.br\/?post_type=product&#038;p=618"},"modified":"2025-12-15T12:12:57","modified_gmt":"2025-12-15T15:12:57","slug":"a-autonomia-universitaria-no-brasil-dadiva-legal-ou-construcao-coletiva","status":"publish","type":"product","link":"https:\/\/editora.ufrrj.br\/portal\/produto\/a-autonomia-universitaria-no-brasil-dadiva-legal-ou-construcao-coletiva\/","title":{"rendered":"A Autonomia Universit\u00e1ria no Brasil: d\u00e1diva legal ou constru\u00e7\u00e3o coletiva?"},"content":{"rendered":"<p>Apresentado originalmente como tese de doutoramento no Instituto de Ci\u00eancias Humanas e Sociais \/ Curso de P\u00f3s-Gradua\u00e7\u00e3o em Desenvolvimento, Agricultura e Sociedade, da Universidade Federal Rural do Rio de Janeiro, em 2003, este livro retoma as discuss\u00f5es e an\u00e1lises desenvolvidas por Celia Regina Otranto em diferentes momentos de sua carreira como docente-pesquisadora, participando de eventos acad\u00eamicocient\u00edficos e produzindo trabalhos sobre a tem\u00e1tica em quest\u00e3o.<\/p>\n<p>Autor: Celia Regina Otranto<\/p>\n<p>ISBN:\u00a0978-858-572-067-4<\/p>\n<p>Ano, P\u00e1g: 2009, 306 p.<\/p>\n","protected":false},"excerpt":{"rendered":"<p>Autor: Celia Regina Otranto<\/p>\n","protected":false},"featured_media":619,"template":"","meta":{"_acf_changed":false},"product_brand":[],"product_cat":[23,22,19],"product_tag":[],"class_list":{"0":"post-618","1":"product","2":"type-product","3":"status-publish","4":"has-post-thumbnail","6":"product_cat-ciencias-sociais-e-politicas","7":"product_cat-educacao","8":"product_cat-historia","10":"first","11":"outofstock","12":"sale","13":"shipping-taxable","14":"purchasable","15":"product-type-simple"},"acf":[],"_links":{"self":[{"href":"https:\/\/editora.ufrrj.br\/portal\/wp-json\/wp\/v2\/product\/618","targetHints":{"allow":["GET"]}}],"collection":[{"href":"https:\/\/editora.ufrrj.br\/portal\/wp-json\/wp\/v2\/product"}],"about":[{"href":"https:\/\/editora.ufrrj.br\/portal\/wp-json\/wp\/v2\/types\/product"}],"wp:featuredmedia":[{"embeddable":true,"href":"https:\/\/editora.ufrrj.br\/portal\/wp-json\/wp\/v2\/media\/619"}],"wp:attachment":[{"href":"https:\/\/editora.ufrrj.br\/portal\/wp-json\/wp\/v2\/media?parent=618"}],"wp:term":[{"taxonomy":"product_brand","embeddable":true,"href":"https:\/\/editora.ufrrj.br\/portal\/wp-json\/wp\/v2\/product_brand?post=618"},{"taxonomy":"product_cat","embeddable":true,"href":"https:\/\/editora.ufrrj.br\/portal\/wp-json\/wp\/v2\/product_cat?post=618"},{"taxonomy":"product_tag","embeddable":true,"href":"https:\/\/editora.ufrrj.br\/portal\/wp-json\/wp\/v2\/product_tag?post=618"}],"curies":[{"name":"wp","href":"https:\/\/api.w.org\/{rel}","templated":true}]}}