{"id":616,"date":"2017-02-24T13:46:54","date_gmt":"2017-02-24T16:46:54","guid":{"rendered":"http:\/\/editora.ufrrj.br\/?post_type=product&#038;p=616"},"modified":"2023-07-26T09:58:59","modified_gmt":"2023-07-26T12:58:59","slug":"citricultura-fluminense-principais-pragas-e-seus-inimigos-naturais","status":"publish","type":"product","link":"https:\/\/editora.ufrrj.br\/portal\/produto\/citricultura-fluminense-principais-pragas-e-seus-inimigos-naturais\/","title":{"rendered":"Citricultura Fluminense: principais pragas e seus inimigos naturais"},"content":{"rendered":"<p>As plantas c\u00edtricas apresentam um n\u00famero consider\u00e1vel de artr\u00f3podes que vivem em intera\u00e7\u00e3o ecol\u00f3gica perfeita. Entretanto, a partir da diversidade clim\u00e1tica, manejo impr\u00f3prio e controle inadequado ai guinas esp\u00e9cies transformam-se em organismos prejudiciais, denominados neste momento, pragas. Com a inten\u00e7\u00e3o de informar e despertar o interesse dos futuros t\u00e9cnicos, alunos de cursos de Agronomia e de T\u00e9cnicos Agr\u00edcolas, T\u00e9cnicos Extensionistas, Citricultores e outros interessados, foi organizado este livro &#8220;CITRICULTURA FLUMINENSE&#8221; principais pragas e seus inimigos naturais&#8221;, visando oferecer oportunidade de se conhecer melhor os organismos que est\u00e3o associados \u00e0s plantas c\u00edtricas. Assim, est\u00e3o inclu\u00eddas observa\u00e7\u00f5es, informa\u00e7\u00f5es e principalmente refer\u00eancias bibliogr\u00e1ficas que facilitar\u00e3o o estudo e o entendimento dos organismos mais freq\u00fcentes, prejudiciais e ben\u00e9ficos, associados \u00e0s plantas c\u00edtricas em pomares do Estado do Rio de Janeiro, sendo a maioria extra\u00eddas de teses de Mestrado e Doutorado, inclu\u00eddas no projeto de pesquisa &#8220;Manejo Agroecol\u00f3gico de insetos associados \u00e0s plantas c\u00edtricas no Estado do Rio de Janeiro&#8221;. Para contemplar aqueles que necessitam e se interessam pelos insetos, foram inclu\u00eddas nesta edi\u00e7\u00e3o inicial, chaves dicot\u00f4micas de campo para facilitar a identifica\u00e7\u00e3o de alguns organismos citados nos diversos cap\u00edtulos desta obra.<\/p>\n<p>Autores: Paulo Cesar Rodrigues Cassino e Willian Costa Rodrigues<\/p>\n<p><span id=\"lblTituloDadosIsbn\" class=\"txtDescricao\">ISBN:<\/span> <span id=\"lblDadosIsbn\" class=\"txtDescricao\">978-858-572-035-3<\/span><\/p>\n<p>Ano, P\u00e1g: 2004, 275p.<\/p>\n<p>&nbsp;<\/p>\n","protected":false},"excerpt":{"rendered":"<p>Autores: Paulo Cesar Rodrigues Cassino e Willian Costa Rodrigues<\/p>\n","protected":false},"featured_media":617,"template":"","meta":{"_acf_changed":false},"product_brand":[],"product_cat":[13,20],"product_tag":[],"class_list":{"0":"post-616","1":"product","2":"type-product","3":"status-publish","4":"has-post-thumbnail","6":"product_cat-agronomia","7":"product_cat-recursos-florestais","9":"first","10":"instock","11":"sale","12":"shipping-taxable","13":"purchasable","14":"product-type-simple"},"acf":[],"_links":{"self":[{"href":"https:\/\/editora.ufrrj.br\/portal\/wp-json\/wp\/v2\/product\/616","targetHints":{"allow":["GET"]}}],"collection":[{"href":"https:\/\/editora.ufrrj.br\/portal\/wp-json\/wp\/v2\/product"}],"about":[{"href":"https:\/\/editora.ufrrj.br\/portal\/wp-json\/wp\/v2\/types\/product"}],"wp:featuredmedia":[{"embeddable":true,"href":"https:\/\/editora.ufrrj.br\/portal\/wp-json\/wp\/v2\/media\/617"}],"wp:attachment":[{"href":"https:\/\/editora.ufrrj.br\/portal\/wp-json\/wp\/v2\/media?parent=616"}],"wp:term":[{"taxonomy":"product_brand","embeddable":true,"href":"https:\/\/editora.ufrrj.br\/portal\/wp-json\/wp\/v2\/product_brand?post=616"},{"taxonomy":"product_cat","embeddable":true,"href":"https:\/\/editora.ufrrj.br\/portal\/wp-json\/wp\/v2\/product_cat?post=616"},{"taxonomy":"product_tag","embeddable":true,"href":"https:\/\/editora.ufrrj.br\/portal\/wp-json\/wp\/v2\/product_tag?post=616"}],"curies":[{"name":"wp","href":"https:\/\/api.w.org\/{rel}","templated":true}]}}