{"id":541,"date":"2016-09-02T19:30:41","date_gmt":"2016-09-02T22:30:41","guid":{"rendered":"http:\/\/editora.ufrrj.br\/?post_type=product&#038;p=541"},"modified":"2023-07-26T09:56:16","modified_gmt":"2023-07-26T12:56:16","slug":"a-espacializacao-da-petroqimica-economia-politica-industrial-e-determinantes-no-brasil","status":"publish","type":"product","link":"https:\/\/editora.ufrrj.br\/portal\/produto\/a-espacializacao-da-petroqimica-economia-politica-industrial-e-determinantes-no-brasil\/","title":{"rendered":"A Espacializa\u00e7\u00e3o da Petroq\u00edmica no Brasil: economia, pol\u00edtica industrial e determinantes locacionais"},"content":{"rendered":"<p>O\u00a0leitor que se debru\u00e7ar sobre este trabalho entender\u00e1 pelo menos o seguinte: sobre os mercados e processos produtivos inerentes \u00e0 ind\u00fastria petroqu\u00edmica (o que, se n\u00e3o \u00e9 f\u00e1cil para os n\u00e3o-especialistas, \u00e9 explicado pelo professor Alberto com enorme didatismo); sobre o lugar hist\u00f3rico da mesma petroqu\u00edmica ao n\u00edvel da industrializa\u00e7\u00e3o brasileira; sobre a dimens\u00e3o hist\u00f3rico-espacial da mencionada petroqu\u00edmica no Brasil; e sobre a sua nova realidade, seja em termos de controle acion\u00e1rio seja em termos espaciais, o que, em especial para n\u00f3s fluminenses, se reveste de extrema import\u00e2ncia. Sobre este \u00faltimo ponto vale adicionar algumas linhas. Para al\u00e9m da articula\u00e7\u00e3o existente entre a petroqu\u00edmica e o processo de desenvolvimento\/industrializa\u00e7\u00e3o brasileira, o livro do professor Alberto de Oliveira lan\u00e7a luzes decisivas sobre o lugar do Estado do Rio de Janeiro ao n\u00edvel do processo supramencionado em vista dos novos tempos da petroqu\u00edmica no pa\u00eds. E isso n\u00e3o \u00e9 de pouca import\u00e2ncia, em vista das tantas mazelas e seq\u00fcelas inerentes ao desenvolvimento do capitalismo no estado em quest\u00e3o; o que, \u00e9 trivial, sugere novas pesquisas de modo a que se proceda \u00e0s devidas avalia\u00e7\u00f5es acerca dos seus impactos e significados sobre esta mesma sociedade. Enfim, por conta deste novo livro do professor Alberto de Oliveira os interessados nas discuss\u00f5es sobre o desenvolvimento fluminense estamos mais que alertados sobre as potencialidades positivas, bem como sobre os poss\u00edveis problemas que o avan\u00e7o do setor petroqu\u00edmico no territ\u00f3rio fluminense pode estar a \u2018produzir\u2019. Boa leitura!<\/p>\n<p>Autor: Alberto de Oliviera<\/p>\n<p>ISBN: 978-85-85720-75-9<\/p>\n<p>Ano, P\u00e1g.: 2010, 116p.<\/p>\n<p>&nbsp;<\/p>\n","protected":false},"excerpt":{"rendered":"<p>Autor: Alberto de Oliviera<\/p>\n","protected":false},"featured_media":589,"template":"","meta":{"_acf_changed":false},"product_brand":[],"product_cat":[21],"product_tag":[150,154],"class_list":{"0":"post-541","1":"product","2":"type-product","3":"status-publish","4":"has-post-thumbnail","6":"product_cat-exatas","7":"product_tag-ciencias-exatas","8":"product_tag-ciencias-humanas","10":"first","11":"instock","12":"sale","13":"shipping-taxable","14":"purchasable","15":"product-type-simple"},"acf":[],"_links":{"self":[{"href":"https:\/\/editora.ufrrj.br\/portal\/wp-json\/wp\/v2\/product\/541","targetHints":{"allow":["GET"]}}],"collection":[{"href":"https:\/\/editora.ufrrj.br\/portal\/wp-json\/wp\/v2\/product"}],"about":[{"href":"https:\/\/editora.ufrrj.br\/portal\/wp-json\/wp\/v2\/types\/product"}],"wp:featuredmedia":[{"embeddable":true,"href":"https:\/\/editora.ufrrj.br\/portal\/wp-json\/wp\/v2\/media\/589"}],"wp:attachment":[{"href":"https:\/\/editora.ufrrj.br\/portal\/wp-json\/wp\/v2\/media?parent=541"}],"wp:term":[{"taxonomy":"product_brand","embeddable":true,"href":"https:\/\/editora.ufrrj.br\/portal\/wp-json\/wp\/v2\/product_brand?post=541"},{"taxonomy":"product_cat","embeddable":true,"href":"https:\/\/editora.ufrrj.br\/portal\/wp-json\/wp\/v2\/product_cat?post=541"},{"taxonomy":"product_tag","embeddable":true,"href":"https:\/\/editora.ufrrj.br\/portal\/wp-json\/wp\/v2\/product_tag?post=541"}],"curies":[{"name":"wp","href":"https:\/\/api.w.org\/{rel}","templated":true}]}}