{"id":539,"date":"2016-09-02T19:28:25","date_gmt":"2016-09-02T19:28:25","guid":{"rendered":"http:\/\/editora.ufrrj.br\/?post_type=product&#038;p=539"},"modified":"2023-07-26T10:13:55","modified_gmt":"2023-07-26T13:13:55","slug":"a-republica-consentida","status":"publish","type":"product","link":"https:\/\/editora.ufrrj.br\/portal\/produto\/a-republica-consentida\/","title":{"rendered":"A Rep\u00fablica Consentida"},"content":{"rendered":"<p>Em A Rep\u00fablica consentida acompanhamos a crise de dire\u00e7\u00e3o do final do Imp\u00e9rio para entender como se instalou a Rep\u00fablica no Brasil. Atrav\u00e9s da literatura, das mem\u00f3rias e da cr\u00edtica, al\u00e9m da imprensa escrita e ilustrada, vemos as personagens se cruzando em suas redes de solidariedade e ouvimos as vozes contempor\u00e2neas, em detrimento das interpreta\u00e7\u00f5es modernas. Fatos maiores de nossa hist\u00f3ria dividem o espa\u00e7o com pequenos incidentes e, naqueles, o que interessa \u00e9 sua dimens\u00e3o mobilizadora do fazer pol\u00edtico na rua, a sugest\u00e3o visual e auditiva que porventura tenham causado na popula\u00e7\u00e3o da Corte.<\/p>\n<p>Autor: Maria Tereza Chaves de Mello<\/p>\n<p>ISBN: 978-85-225-0615-6<\/p>\n<p>Ano, P\u00e1g., Peso: 2011, 244p., 400 gramas<\/p>\n","protected":false},"excerpt":{"rendered":"<p>Autor: Maria Tereza Chaves de Mello<\/p>\n","protected":false},"featured_media":590,"template":"","meta":{"_acf_changed":false},"product_brand":[],"product_cat":[19],"product_tag":[],"class_list":{"0":"post-539","1":"product","2":"type-product","3":"status-publish","4":"has-post-thumbnail","6":"product_cat-historia","8":"first","9":"outofstock","10":"shipping-taxable","11":"purchasable","12":"product-type-simple"},"acf":[],"_links":{"self":[{"href":"https:\/\/editora.ufrrj.br\/portal\/wp-json\/wp\/v2\/product\/539","targetHints":{"allow":["GET"]}}],"collection":[{"href":"https:\/\/editora.ufrrj.br\/portal\/wp-json\/wp\/v2\/product"}],"about":[{"href":"https:\/\/editora.ufrrj.br\/portal\/wp-json\/wp\/v2\/types\/product"}],"wp:featuredmedia":[{"embeddable":true,"href":"https:\/\/editora.ufrrj.br\/portal\/wp-json\/wp\/v2\/media\/590"}],"wp:attachment":[{"href":"https:\/\/editora.ufrrj.br\/portal\/wp-json\/wp\/v2\/media?parent=539"}],"wp:term":[{"taxonomy":"product_brand","embeddable":true,"href":"https:\/\/editora.ufrrj.br\/portal\/wp-json\/wp\/v2\/product_brand?post=539"},{"taxonomy":"product_cat","embeddable":true,"href":"https:\/\/editora.ufrrj.br\/portal\/wp-json\/wp\/v2\/product_cat?post=539"},{"taxonomy":"product_tag","embeddable":true,"href":"https:\/\/editora.ufrrj.br\/portal\/wp-json\/wp\/v2\/product_tag?post=539"}],"curies":[{"name":"wp","href":"https:\/\/api.w.org\/{rel}","templated":true}]}}