{"id":536,"date":"2016-09-02T19:27:23","date_gmt":"2016-09-02T22:27:23","guid":{"rendered":"http:\/\/editora.ufrrj.br\/?post_type=product&#038;p=536"},"modified":"2023-07-26T09:57:10","modified_gmt":"2023-07-26T12:57:10","slug":"abordagem-quimissistematica-e-evolucao-quimica-de-fenerogamas","status":"publish","type":"product","link":"https:\/\/editora.ufrrj.br\/portal\/produto\/abordagem-quimissistematica-e-evolucao-quimica-de-fenerogamas\/","title":{"rendered":"Abordagem Quimiossistem\u00e1tica e Evolu\u00e7\u00e3o Qu\u00edmica de Fener\u00f3gamas"},"content":{"rendered":"<p>Durante a XXI Jornada Fluminense de Bot\u00e2nica, (LXII Reuni&#8217;ao Cientifica da SBB\/Se\u00e7\u00e3o RJ), em novembro de 2002, no Instituto de Biologia da UFRRJ, realizou-se uma mesa redonda denominada &#8220;Intera\u00e7\u00e3o Bot\u00e2nica e Qu\u00edmica&#8221;. Naquele momento estabeleceram-se propostas, sendo uma delas a de se organizar uma publica\u00e7\u00e3o com os resultados das pesquisas apresentadas no evento. O produto deste esfor\u00e7o, intitulado &#8220;Abordagem\u00a0Quimissistem\u00e1tica e Evolu\u00e7\u00e3o Qu\u00edmica de Fener\u00f3gamas&#8221;, contempla sistemas de classifica\u00e7\u00e3o, metodologia taxan\u00f4mica, quimissistem\u00e1tica de v\u00e1rios taxa, constitui\u00e7\u00e3o qu\u00edmica do \u00e2mbar e evolu\u00e7\u00e3o das ligninas nas gimnospermas. O livro serve de ferramenta \u00fatil de consulta ao estudantes e profissionais, n\u00e3o s\u00f3 da \u00e1rea de Quimissistem\u00e1tica, mas tamb\u00e9m \u00e0 Bot\u00e2nica, Qu\u00edmica de Produtos Naturais e \u00e1reas afins.<\/p>\n<p>Autores: Maria Auxiliadora Coelho Kaplan, Heber dos Santos Abreu, Helena Regina Pinto Lima e Geraldo Luiz Gon\u00e7alves Soares<\/p>\n<p>ISBN: 978-85-85720-82-7<\/p>\n<p>Ano, P\u00e1g.: 2010, 317p.<\/p>\n<p>&nbsp;<\/p>\n","protected":false},"excerpt":{"rendered":"<p>Autores: Maria Auxiliadora Coelho Kaplan, Heber dos Santos Abreu, Helena Regina Pinto Lima e Geraldo Luiz Gon\u00e7alves Soares<\/p>\n<p>&nbsp;<\/p>\n","protected":false},"featured_media":592,"template":"","meta":{"_acf_changed":false},"product_brand":[],"product_cat":[24,22,20],"product_tag":[],"class_list":{"0":"post-536","1":"product","2":"type-product","3":"status-publish","4":"has-post-thumbnail","6":"product_cat-biologia","7":"product_cat-educacao","8":"product_cat-recursos-florestais","10":"first","11":"instock","12":"sale","13":"shipping-taxable","14":"purchasable","15":"product-type-simple"},"acf":[],"_links":{"self":[{"href":"https:\/\/editora.ufrrj.br\/portal\/wp-json\/wp\/v2\/product\/536","targetHints":{"allow":["GET"]}}],"collection":[{"href":"https:\/\/editora.ufrrj.br\/portal\/wp-json\/wp\/v2\/product"}],"about":[{"href":"https:\/\/editora.ufrrj.br\/portal\/wp-json\/wp\/v2\/types\/product"}],"wp:featuredmedia":[{"embeddable":true,"href":"https:\/\/editora.ufrrj.br\/portal\/wp-json\/wp\/v2\/media\/592"}],"wp:attachment":[{"href":"https:\/\/editora.ufrrj.br\/portal\/wp-json\/wp\/v2\/media?parent=536"}],"wp:term":[{"taxonomy":"product_brand","embeddable":true,"href":"https:\/\/editora.ufrrj.br\/portal\/wp-json\/wp\/v2\/product_brand?post=536"},{"taxonomy":"product_cat","embeddable":true,"href":"https:\/\/editora.ufrrj.br\/portal\/wp-json\/wp\/v2\/product_cat?post=536"},{"taxonomy":"product_tag","embeddable":true,"href":"https:\/\/editora.ufrrj.br\/portal\/wp-json\/wp\/v2\/product_tag?post=536"}],"curies":[{"name":"wp","href":"https:\/\/api.w.org\/{rel}","templated":true}]}}