{"id":534,"date":"2016-09-02T19:25:28","date_gmt":"2016-09-02T22:25:28","guid":{"rendered":"http:\/\/editora.ufrrj.br\/?post_type=product&#038;p=534"},"modified":"2023-07-26T09:58:21","modified_gmt":"2023-07-26T12:58:21","slug":"agricultura-organica-uma-estrategia-para-o-desenvolvimento-de-sistemas-agricolas-sustentaveis","status":"publish","type":"product","link":"https:\/\/editora.ufrrj.br\/portal\/produto\/agricultura-organica-uma-estrategia-para-o-desenvolvimento-de-sistemas-agricolas-sustentaveis\/","title":{"rendered":"Agricultura Org\u00e2nica \u2013 uma estrat\u00e9gia para o desenvolvimento de sistemas agr\u00edcolas sustent\u00e1veis"},"content":{"rendered":"<p>Esse livro \u00e9 mais um produto da vitoriosa parceria entre a Universidade Rural e a Embrapa Agrobiologia. A &#8220;Fazendinha Agroecol\u00f3gica Km 47&#8221; constitui-se em espa\u00e7o de ensino aprendizagem, de pesquisa e de extens\u00e3o que \u00e9 refer\u00eancia como sistema integrado de produ\u00e7\u00e3o org\u00e2nica. Nesse momento em que a sociedade brasileira busca novas formas de viabilizar a cria\u00e7\u00e3o de empregos, surge esse livro que apresenta alternativas para a pequena propriedade, com o imenso potencial que essas unidades produtivas representam para o Pa\u00eds. Sem d\u00favida, a agricultura familiar deve receber crescente e decisivo apoio da sociedade brasileira, o que causar\u00e1 grande impacto social e econ\u00f4mico. Especialmente para esse segmento do campo, a agricultura org\u00e2nica, ao dispensar os insumos provenientes de recursos minerais n\u00e3o-renov\u00e1veis e de custos elevados, apresenta-se como tecnologia vi\u00e1vel dos pontos de vista s\u00f3cio-econ\u00f4mico e ambiental. Reunindo pesquisadores da mais alta express\u00e3o em agricultura org\u00e2nica, o livro surge como um marco quanto aos princ\u00edpios, pr\u00e1ticas, produ\u00e7\u00e3o e mercado dessa agricultura, mostrando seu desenvolvimento, suas potencialidades e os desafios a vencer. Quando a sociedade brasileira busca resgatar valores de solidariedade em sua pr\u00e1tica social, a agricultura org\u00e2nica tamb\u00e9m se apresenta como retomada de antigas pr\u00e1ticas agr\u00edcolas, mas integrando tecnologias que permitem aumentar a produtividade com pouca interfer\u00eancia nos ecossistemas. S\u00e3o crescentes as demandas por alimentos livres de res\u00edduos de agrot\u00f3xicos e o n\u00edvel de consci\u00eancia pela manuten\u00e7\u00e3o do equil\u00edbrio ambiental. Esse livro \u00e9 uma contribui\u00e7\u00e3o significativa para a introdu\u00e7\u00e3o de tecnologias adequadas, investindo na capacidade de desenvolver no presente sem comprometer as necessidades das gera\u00e7\u00f5es futuras. O compromisso de todos n\u00f3s &#8211; pesquisadores, professores, t\u00e9cnico-administrativos e estudantes &#8211; respons\u00e1veis por esta parceria Rural-Embrapa, \u00e9 darmos sempre o passo adiante no sentido de sua contribui\u00e7\u00e3o cada vez mais eficaz para o conjunto da sociedade brasileira, agregando valor, contribuindo para a forma\u00e7\u00e3o integral do ser humano e do cidad\u00e3o e fazendo do saber mais que uma forma de dominar a realidade, mas de entrar em comunh\u00e3o com as coisas. A, significativa contribui\u00e7\u00e3o dos autores desse livro mostra que, neste per\u00edodo da hist\u00f3ria estimulante de inova\u00e7\u00e3o, podemos participar com criatividade, no enfrentamento sereno e corajoso de novos desafios.<\/p>\n<p>Autores: Maria Cristina Prata Neves, Dejair Lopes de Almeida, Helv\u00e9cio De-Polli, Jos\u00e9 Guilherme Marinho Gerra, Raul de Lucena Duarte Ribeiro<\/p>\n<p>ISBN: 85-85720-34-4<\/p>\n<p>Ano, P\u00e1g, Peso: 2004, 150p.,98 gramas<\/p>\n","protected":false},"excerpt":{"rendered":"<p>Autores: Maria Cristina Prata Neves, Dejair Lopes de Almeida, Helv\u00e9cio De-Polli, Jos\u00e9 Guilherme Marinho Gerra, Raul de Lucena Duarte Ribeiro<\/p>\n","protected":false},"featured_media":593,"template":"","meta":{"_acf_changed":false},"product_brand":[],"product_cat":[13],"product_tag":[],"class_list":{"0":"post-534","1":"product","2":"type-product","3":"status-publish","4":"has-post-thumbnail","6":"product_cat-agronomia","8":"first","9":"outofstock","10":"shipping-taxable","11":"purchasable","12":"product-type-simple"},"acf":[],"_links":{"self":[{"href":"https:\/\/editora.ufrrj.br\/portal\/wp-json\/wp\/v2\/product\/534","targetHints":{"allow":["GET"]}}],"collection":[{"href":"https:\/\/editora.ufrrj.br\/portal\/wp-json\/wp\/v2\/product"}],"about":[{"href":"https:\/\/editora.ufrrj.br\/portal\/wp-json\/wp\/v2\/types\/product"}],"wp:featuredmedia":[{"embeddable":true,"href":"https:\/\/editora.ufrrj.br\/portal\/wp-json\/wp\/v2\/media\/593"}],"wp:attachment":[{"href":"https:\/\/editora.ufrrj.br\/portal\/wp-json\/wp\/v2\/media?parent=534"}],"wp:term":[{"taxonomy":"product_brand","embeddable":true,"href":"https:\/\/editora.ufrrj.br\/portal\/wp-json\/wp\/v2\/product_brand?post=534"},{"taxonomy":"product_cat","embeddable":true,"href":"https:\/\/editora.ufrrj.br\/portal\/wp-json\/wp\/v2\/product_cat?post=534"},{"taxonomy":"product_tag","embeddable":true,"href":"https:\/\/editora.ufrrj.br\/portal\/wp-json\/wp\/v2\/product_tag?post=534"}],"curies":[{"name":"wp","href":"https:\/\/api.w.org\/{rel}","templated":true}]}}