{"id":521,"date":"2016-09-02T19:07:44","date_gmt":"2016-09-02T22:07:44","guid":{"rendered":"http:\/\/editora.ufrrj.br\/?post_type=product&#038;p=521"},"modified":"2024-09-12T14:34:46","modified_gmt":"2024-09-12T17:34:46","slug":"arvores-do-jardim-botanico-da-ufrrj","status":"publish","type":"product","link":"https:\/\/editora.ufrrj.br\/portal\/produto\/arvores-do-jardim-botanico-da-ufrrj\/","title":{"rendered":"\u00c1rvores do Jardim Bot\u00e2nico da UFRRJ"},"content":{"rendered":"<p>Os Jardins Bot\u00e2nicos tem papel fundamental na conserva\u00e7\u00e3o de plantas nativas, espec\u00edficas de ecossistemas brasileiros, importantes por diferentes usos e, nos \u00faltimos tempos, especialmente na preserva\u00e7\u00e3o daquelas amea\u00e7adas de exist\u00eancia na natureza. O Jardim Bot\u00e2nico da Universidade Federal Rural do Rio de Janeiro (JB\/UFRRJ) tem dentre suas cole\u00e7\u00f5es representantes dessas diferentes categorias, incluindo principalmente esp\u00e9cies da Floresta Atl\u00e2ntica, que foram sendo adquiridas ao longo de seus mais de 30 anos de funcionamento. As \u00e1rvores aqui tratadas tamb\u00e9m incluem esp\u00e9cies ex\u00f3ticas importantes economicamente ou biologicamente. A localiza\u00e7\u00e3o das esp\u00e9cies no JB\/UFRRJ \u00e9 facilitada pelo mapa com subdivis\u00f5es em \u00e1reas. O reconhecimento das plantas em n\u00edvel de fam\u00edlia \u00e9 poss\u00edvel com o uso da chave anal\u00edtica feita com base nas caracter\u00edsticas vegetativas das esp\u00e9cies, o que permite a identifica\u00e7\u00e3o independente da presen\u00e7a de flores e outras partes reprodutivas que, em geral, ocorrem apenas durante um curto per\u00edodo do ano. Al\u00e9m dos nomes cient\u00edficos e comuns, informa\u00e7\u00f5es sobre a madeira e seus usos, distribui\u00e7\u00e3o geogr\u00e1fica, per\u00edodos de flora\u00e7\u00e3o e frutifica\u00e7\u00e3o e forma e dispers\u00e3o, s\u00e3o representados caracteres diagn\u00f3sticos que permitem o reconhecimento das esp\u00e9cies ainda que estejam em per\u00edodo est\u00e9ril. A identifica\u00e7\u00e3o das esp\u00e9cies permite que visitantes e outros usu\u00e1rios (alunos, professores e pesquisadores) das diferentes \u00e1reas e interessantes, reconhe\u00e7am as in\u00fameras esp\u00e9cies de \u00e1rvores representadas no JB\/UFRRJ, conhecidas ou n\u00e3o. As informa\u00e7\u00f5es contidas podem ser iniciais para a observa\u00e7\u00e3o de outras formas, intera\u00e7\u00f5es e outros aspectos biol\u00f3gicos, art\u00edsticos ou apenas contemplativos. Dessa forma, este livro servir\u00e1 a comunidade cient\u00edfica local, que pode desenvolver pesquisa com alguma esp\u00e9cie ali representada, bem como para aqueles que t\u00eam algum interesse no reconhecimento de esp\u00e9cies da nossa flora e de outras, quer seja pelo sabor dos seus frutos, por sua import\u00e2ncia madeireira ou medicinal, entre tantas outras, ou quer seja unicamente pela beleza de suas flores.<\/p>\n<p>&nbsp;<\/p>\n<p>Autor: Denise Monte Br\u00e1s (org.)<\/p>\n<p>ISBN: 978-85-8067-022-6<\/p>\n<p>Ano, P\u00e1g.: 2012, 301p.<\/p>\n<p>&nbsp;<\/p>\n","protected":false},"excerpt":{"rendered":"<p>Autor: Denise Monte Br\u00e1s<\/p>\n","protected":false},"featured_media":603,"template":"","meta":{"_acf_changed":false},"product_brand":[],"product_cat":[13,22,20],"product_tag":[],"class_list":{"0":"post-521","1":"product","2":"type-product","3":"status-publish","4":"has-post-thumbnail","6":"product_cat-agronomia","7":"product_cat-educacao","8":"product_cat-recursos-florestais","10":"first","11":"instock","12":"sale","13":"shipping-taxable","14":"purchasable","15":"product-type-simple"},"acf":[],"_links":{"self":[{"href":"https:\/\/editora.ufrrj.br\/portal\/wp-json\/wp\/v2\/product\/521","targetHints":{"allow":["GET"]}}],"collection":[{"href":"https:\/\/editora.ufrrj.br\/portal\/wp-json\/wp\/v2\/product"}],"about":[{"href":"https:\/\/editora.ufrrj.br\/portal\/wp-json\/wp\/v2\/types\/product"}],"wp:featuredmedia":[{"embeddable":true,"href":"https:\/\/editora.ufrrj.br\/portal\/wp-json\/wp\/v2\/media\/603"}],"wp:attachment":[{"href":"https:\/\/editora.ufrrj.br\/portal\/wp-json\/wp\/v2\/media?parent=521"}],"wp:term":[{"taxonomy":"product_brand","embeddable":true,"href":"https:\/\/editora.ufrrj.br\/portal\/wp-json\/wp\/v2\/product_brand?post=521"},{"taxonomy":"product_cat","embeddable":true,"href":"https:\/\/editora.ufrrj.br\/portal\/wp-json\/wp\/v2\/product_cat?post=521"},{"taxonomy":"product_tag","embeddable":true,"href":"https:\/\/editora.ufrrj.br\/portal\/wp-json\/wp\/v2\/product_tag?post=521"}],"curies":[{"name":"wp","href":"https:\/\/api.w.org\/{rel}","templated":true}]}}