{"id":5183,"date":"2023-02-15T17:09:27","date_gmt":"2023-02-15T20:09:27","guid":{"rendered":"https:\/\/editora.ufrrj.br\/?post_type=product&#038;p=5183"},"modified":"2023-08-04T10:17:14","modified_gmt":"2023-08-04T13:17:14","slug":"formacao-continuada-e-producao-do-conhecimento-experiencias-docentes-da-educacao-fisica-com-a-educacao-infantil","status":"publish","type":"product","link":"https:\/\/editora.ufrrj.br\/portal\/produto\/formacao-continuada-e-producao-do-conhecimento-experiencias-docentes-da-educacao-fisica-com-a-educacao-infantil\/","title":{"rendered":"FORMA\u00c7\u00c3O CONTINUADA E PRODU\u00c7\u00c3O DO CONHECIMENTO: EXPERI\u00caNCIAS DOCENTES DA EDUCA\u00c7\u00c3O F\u00cdSICA COM A EDUCA\u00c7\u00c3O INFANTIL"},"content":{"rendered":"<p>Este livro \u00e9 resultado do Projeto &#8220;O protagonismo da crian\u00e7a e a equidade \u00e9tnico-racial na educa\u00e7\u00e3o infantil&#8221;, que decorre de uma parceria interinstitucional entre a Universidade Federal do Esp\u00edrito Santo (UFES), a Universidade Federal Rural do Rio de Janeiro (UFRRJ) e a Universidade Federal de Goi\u00e1s (UFG). Na perspectiva de ampliar o olhar sobre a Educa\u00e7\u00e3o F\u00edsica com a Educa\u00e7\u00e3o Infantil que apresentamos este trabalho, fruto de uma escrita coletiva em que os 27 autores atuaram ativamente para organizar um material produzido mediante processo de forma\u00e7\u00e3o continuada, via projeto de extens\u00e3o universit\u00e1ria, junto ao N\u00facleo de Aprendizagens com as Inf\u00e2ncias e seus Fazeres(NAIF), da Universidade Federal do Esp\u00edrito Santo (UFES), em parceria com a Secretaria Municipal de Educa\u00e7\u00e3o de Vit\u00f3ria\/ES (SEME). Dentre os pressupostos mobilizados na forma\u00e7\u00e3o continuada, al\u00e9m de se abordar o protagonismo infantil e a din\u00e2mica curricular, evidenciam-se as artes de fazer dos e das docentes, em que a Educa\u00e7\u00e3o F\u00edsica se organiza integrada \u00e0s propostas pedag\u00f3gicas coletivas.<\/p>\n<p>V\u00e1rios autores<\/p>\n<p>ISBN: 978-65-86859-31-7<\/p>\n<p>Ano: 2022<\/p>\n<p>1\u00ba Edi\u00e7\u00e3o<\/p>\n","protected":false},"excerpt":{"rendered":"<p>V\u00e1rios autores<\/p>\n","protected":false},"featured_media":5174,"template":"","meta":{"_acf_changed":false},"product_brand":[],"product_cat":[59,22,10],"product_tag":[147,173,174],"class_list":{"0":"post-5183","1":"product","2":"type-product","3":"status-publish","4":"has-post-thumbnail","6":"product_cat-ebooks","7":"product_cat-educacao","8":"product_cat-lancamento","9":"product_tag-educacao","10":"product_tag-educacao-fisica","11":"product_tag-pratica-de-ensino","13":"first","14":"instock","15":"featured","16":"shipping-taxable","17":"purchasable","18":"product-type-variable"},"acf":[],"_links":{"self":[{"href":"https:\/\/editora.ufrrj.br\/portal\/wp-json\/wp\/v2\/product\/5183","targetHints":{"allow":["GET"]}}],"collection":[{"href":"https:\/\/editora.ufrrj.br\/portal\/wp-json\/wp\/v2\/product"}],"about":[{"href":"https:\/\/editora.ufrrj.br\/portal\/wp-json\/wp\/v2\/types\/product"}],"wp:featuredmedia":[{"embeddable":true,"href":"https:\/\/editora.ufrrj.br\/portal\/wp-json\/wp\/v2\/media\/5174"}],"wp:attachment":[{"href":"https:\/\/editora.ufrrj.br\/portal\/wp-json\/wp\/v2\/media?parent=5183"}],"wp:term":[{"taxonomy":"product_brand","embeddable":true,"href":"https:\/\/editora.ufrrj.br\/portal\/wp-json\/wp\/v2\/product_brand?post=5183"},{"taxonomy":"product_cat","embeddable":true,"href":"https:\/\/editora.ufrrj.br\/portal\/wp-json\/wp\/v2\/product_cat?post=5183"},{"taxonomy":"product_tag","embeddable":true,"href":"https:\/\/editora.ufrrj.br\/portal\/wp-json\/wp\/v2\/product_tag?post=5183"}],"curies":[{"name":"wp","href":"https:\/\/api.w.org\/{rel}","templated":true}]}}