{"id":518,"date":"2016-09-02T19:04:16","date_gmt":"2016-09-02T22:04:16","guid":{"rendered":"http:\/\/editora.ufrrj.br\/?post_type=product&#038;p=518"},"modified":"2023-07-26T09:56:48","modified_gmt":"2023-07-26T12:56:48","slug":"aves-no-campus-da-ufrrj","status":"publish","type":"product","link":"https:\/\/editora.ufrrj.br\/portal\/produto\/aves-no-campus-da-ufrrj\/","title":{"rendered":"Aves no Campus da UFRRJ"},"content":{"rendered":"<p>Aves no Campus da Universidade Federal Rural do Rio de Janeiro \u00e9 fruto de mais de 20 anos de observa\u00e7\u00f5es regulares na \u00e1rea dessa Institui\u00e7\u00e3o de Ensino Superior realizadas por dois dedicados estudiosos da nossa Avifauna, Prof. Dr. Idelmar Ferreira e Prof. Dr. Pedro Ernesto Correa Ventura. O primeiro graduado em Ci\u00eancias Biol\u00f3gicas pela UFRRJ, integra a equipe de mestres da \u00c1rea de Zoologia do Instituto de Biologia da citada universidade e o segundo, graduado em Ci\u00eancias Biol\u00f3gicas pela UFRJ, labuta no Museu Nacional do Rio de Janeiro. Posteriormente, os dois professores contaram com a valiosa coopera\u00e7\u00e3o do acad\u00eamico Hermes Ribeiro Luz, do Curso de Gradua\u00e7\u00e3o em Ci\u00eancias Biol\u00f3gicas da Universidade Federal Rural do Rio de Janeiro. Essa obra vem enriquecer sobremaneira o espa\u00e7o bibliogr\u00e1fico dedicado \u00e0s nossas aves. Cento e setenta e tr\u00eas esp\u00e9cies, sendo 75 passeriformes e 98 n\u00e3o passeriformes foram registrados no referido campus pelos autores. Cada esp\u00e9cie \u00e9 acompanhada do nome vulgar e respectivo nome cient\u00edfico, bem como na quase totalidade, por excelentes ilustra\u00e7\u00f5es. Al\u00e9m disso s\u00e3o tamb\u00e9m representados dados referentes \u00e0 colora\u00e7\u00e3o, locais de ocorr\u00eancia e aspectos bion\u00f4micos.<\/p>\n<p>Autores: Ildemar Ferreira, Pedro Ernesto Correia Ventura e Hermas Ribeiro da Luz<\/p>\n<p>ISBN: 978-85-85720-60-5<\/p>\n<p>Ano, P\u00e1g.: 2010, 259p.<\/p>\n","protected":false},"excerpt":{"rendered":"<p>Autores: Ildemar Ferreira, Pedro Ernesto Correia Ventura e Hermas Ribeiro da Luz<\/p>\n","protected":false},"featured_media":606,"template":"","meta":{"_acf_changed":false},"product_brand":[],"product_cat":[24,22],"product_tag":[],"class_list":{"0":"post-518","1":"product","2":"type-product","3":"status-publish","4":"has-post-thumbnail","6":"product_cat-biologia","7":"product_cat-educacao","9":"first","10":"instock","11":"sale","12":"shipping-taxable","13":"purchasable","14":"product-type-simple"},"acf":[],"_links":{"self":[{"href":"https:\/\/editora.ufrrj.br\/portal\/wp-json\/wp\/v2\/product\/518","targetHints":{"allow":["GET"]}}],"collection":[{"href":"https:\/\/editora.ufrrj.br\/portal\/wp-json\/wp\/v2\/product"}],"about":[{"href":"https:\/\/editora.ufrrj.br\/portal\/wp-json\/wp\/v2\/types\/product"}],"wp:featuredmedia":[{"embeddable":true,"href":"https:\/\/editora.ufrrj.br\/portal\/wp-json\/wp\/v2\/media\/606"}],"wp:attachment":[{"href":"https:\/\/editora.ufrrj.br\/portal\/wp-json\/wp\/v2\/media?parent=518"}],"wp:term":[{"taxonomy":"product_brand","embeddable":true,"href":"https:\/\/editora.ufrrj.br\/portal\/wp-json\/wp\/v2\/product_brand?post=518"},{"taxonomy":"product_cat","embeddable":true,"href":"https:\/\/editora.ufrrj.br\/portal\/wp-json\/wp\/v2\/product_cat?post=518"},{"taxonomy":"product_tag","embeddable":true,"href":"https:\/\/editora.ufrrj.br\/portal\/wp-json\/wp\/v2\/product_tag?post=518"}],"curies":[{"name":"wp","href":"https:\/\/api.w.org\/{rel}","templated":true}]}}