{"id":514,"date":"2016-09-02T18:53:20","date_gmt":"2016-09-02T21:53:20","guid":{"rendered":"http:\/\/editora.ufrrj.br\/?post_type=product&#038;p=514"},"modified":"2024-02-01T14:27:18","modified_gmt":"2024-02-01T17:27:18","slug":"biossintese-de-lignificacao","status":"publish","type":"product","link":"https:\/\/editora.ufrrj.br\/portal\/produto\/biossintese-de-lignificacao\/","title":{"rendered":"Bioss\u00edntese de Lignifica\u00e7\u00e3o"},"content":{"rendered":"<p>Tem o objetivo de contribuir para a forma\u00e7\u00e3o de estudantes, professores e pesquisadores que, de uma forma direta ou indireta, trabalham com madeira. Mais do que a capacidade de sustenta\u00e7\u00e3o, mostrada em imponentes e gigantescas \u00e1rvores, a lignina tamb\u00e9m assume um papel relevante na fisiologia de crescimento, na defesa natural contra herb\u00edvoros e microrganismos, no transporte de \u00e1gua do vegetal, etc.<\/p>\n<p>Autor: Heber dos Santos Abreu<\/p>\n<p>ISBN: 85-85720-02-6<\/p>\n<p>Ano, P\u00e1g.: 1994, 63p.<\/p>\n","protected":false},"excerpt":{"rendered":"<p>Heber dos Santos Abreu (Autor)<\/p>\n","protected":false},"featured_media":609,"template":"","meta":{"_acf_changed":false},"product_brand":[],"product_cat":[13,20],"product_tag":[],"class_list":{"0":"post-514","1":"product","2":"type-product","3":"status-publish","4":"has-post-thumbnail","6":"product_cat-agronomia","7":"product_cat-recursos-florestais","9":"first","10":"onbackorder","11":"sale","12":"shipping-taxable","13":"purchasable","14":"product-type-simple"},"acf":[],"_links":{"self":[{"href":"https:\/\/editora.ufrrj.br\/portal\/wp-json\/wp\/v2\/product\/514","targetHints":{"allow":["GET"]}}],"collection":[{"href":"https:\/\/editora.ufrrj.br\/portal\/wp-json\/wp\/v2\/product"}],"about":[{"href":"https:\/\/editora.ufrrj.br\/portal\/wp-json\/wp\/v2\/types\/product"}],"wp:featuredmedia":[{"embeddable":true,"href":"https:\/\/editora.ufrrj.br\/portal\/wp-json\/wp\/v2\/media\/609"}],"wp:attachment":[{"href":"https:\/\/editora.ufrrj.br\/portal\/wp-json\/wp\/v2\/media?parent=514"}],"wp:term":[{"taxonomy":"product_brand","embeddable":true,"href":"https:\/\/editora.ufrrj.br\/portal\/wp-json\/wp\/v2\/product_brand?post=514"},{"taxonomy":"product_cat","embeddable":true,"href":"https:\/\/editora.ufrrj.br\/portal\/wp-json\/wp\/v2\/product_cat?post=514"},{"taxonomy":"product_tag","embeddable":true,"href":"https:\/\/editora.ufrrj.br\/portal\/wp-json\/wp\/v2\/product_tag?post=514"}],"curies":[{"name":"wp","href":"https:\/\/api.w.org\/{rel}","templated":true}]}}