{"id":512,"date":"2016-09-02T18:51:11","date_gmt":"2016-09-02T21:51:11","guid":{"rendered":"http:\/\/editora.ufrrj.br\/?post_type=product&#038;p=512"},"modified":"2023-07-26T10:20:06","modified_gmt":"2023-07-26T13:20:06","slug":"cafe-rural-nocoes-da-cultura","status":"publish","type":"product","link":"https:\/\/editora.ufrrj.br\/portal\/produto\/cafe-rural-nocoes-da-cultura\/","title":{"rendered":"Caf\u00e9 Rural: no\u00e7\u00f5es da cultura"},"content":{"rendered":"<p>\u201cCaf\u00e9 Rural&#8221; procura trazer informa\u00e7\u00f5es sobre a Cafeicultura a todos os interessados nessa magn\u00edfica planta: o Cafeeiro. A Cultura do Caf\u00e9 ocupa posi\u00e7\u00e3o de destaque no Brasil e no Mundo. Milhares de pessoas encontram nessa atividade o principal sustento ou o complemento da renda das suas propriedades agr\u00edcolas. Assim o livro aborda de forma resumida os principais t\u00f3picos sobre a cultura. Procuramos, pois agrupar os conhecimentos que s\u00e3o recomendados por T\u00e9cnicos e Pesquisadores, especialistas na cultura. As informa\u00e7\u00f5es e textos, em sua maioria, foram extra\u00eddos de Manuais Consagrados e conhecidos de Lavradores, T\u00e9cnicos e Pesquisadores em Caf\u00e9. Agradecemos pois a esses Autores a gentileza de podermos usar essas informa\u00e7\u00f5es e conceitos: Dr. Jos\u00e9 Braz Matiello, do Minist\u00e9rio da Agricultura Abastecimento e Pecu\u00e1ria (MAAP) Professor Eur\u00edpedes Malavolta da Universidade Estadual de S\u00e3o Paulo (UNESP)de Piracicaba, Professor Alemar Braga Rena da Universidade Federal de Vi\u00e7osa (UFV) e tantos outros. Em Pragas e Doen\u00e7as tivemos a colabora\u00e7\u00e3o do Dr. Eur\u00edpedes Barsanulfo Menezes, Professor de Entomologia da UFRRJ e do Engenheiro Agr\u00f4nomo Antonio Rodrigues Barreiros Abreu. Esperamos que os Leitores possam encontrar as informa\u00e7\u00f5es de que necessitam ou mesmo recorrer e comparar com outros livros existentes. Agradecemos a todos que possam ler, criticar e sugerir melhoria no Caf\u00e9 Rural&#8221;. No\u00e7\u00f5es da Cultura.<\/p>\n<p>Autores: Roberto Tozani e Nelson Geraldo de Oliviera<\/p>\n<p>ISBN: 85-85720-50-6<\/p>\n<p>Ano, P\u00e1g.: 2006, 232p.<\/p>\n","protected":false},"excerpt":{"rendered":"<p>Autores: Roberto Tozani e Nelson Geraldo de Oliviera<\/p>\n","protected":false},"featured_media":611,"template":"","meta":{"_acf_changed":false},"product_brand":[],"product_cat":[13],"product_tag":[],"class_list":{"0":"post-512","1":"product","2":"type-product","3":"status-publish","4":"has-post-thumbnail","6":"product_cat-agronomia","8":"first","9":"instock","10":"sale","11":"shipping-taxable","12":"purchasable","13":"product-type-simple"},"acf":[],"_links":{"self":[{"href":"https:\/\/editora.ufrrj.br\/portal\/wp-json\/wp\/v2\/product\/512","targetHints":{"allow":["GET"]}}],"collection":[{"href":"https:\/\/editora.ufrrj.br\/portal\/wp-json\/wp\/v2\/product"}],"about":[{"href":"https:\/\/editora.ufrrj.br\/portal\/wp-json\/wp\/v2\/types\/product"}],"wp:featuredmedia":[{"embeddable":true,"href":"https:\/\/editora.ufrrj.br\/portal\/wp-json\/wp\/v2\/media\/611"}],"wp:attachment":[{"href":"https:\/\/editora.ufrrj.br\/portal\/wp-json\/wp\/v2\/media?parent=512"}],"wp:term":[{"taxonomy":"product_brand","embeddable":true,"href":"https:\/\/editora.ufrrj.br\/portal\/wp-json\/wp\/v2\/product_brand?post=512"},{"taxonomy":"product_cat","embeddable":true,"href":"https:\/\/editora.ufrrj.br\/portal\/wp-json\/wp\/v2\/product_cat?post=512"},{"taxonomy":"product_tag","embeddable":true,"href":"https:\/\/editora.ufrrj.br\/portal\/wp-json\/wp\/v2\/product_tag?post=512"}],"curies":[{"name":"wp","href":"https:\/\/api.w.org\/{rel}","templated":true}]}}