{"id":508,"date":"2016-09-02T18:45:15","date_gmt":"2016-09-02T21:45:15","guid":{"rendered":"http:\/\/editora.ufrrj.br\/?post_type=product&#038;p=508"},"modified":"2023-07-26T10:18:03","modified_gmt":"2023-07-26T13:18:03","slug":"consumo-cosmologias-sociabilidades","status":"publish","type":"product","link":"https:\/\/editora.ufrrj.br\/portal\/produto\/consumo-cosmologias-sociabilidades\/","title":{"rendered":"Consumo: cosmologias e sociabilidades"},"content":{"rendered":"<p>Este livro enfoca o consumo a partir de abordagens sociol\u00f3gicas e antropol\u00f3gicas recentes que t\u00eam em comum, por um lado, o interesse na rela\u00e7\u00e3o entre pr\u00e1ticas de consumo e produ\u00e7\u00e3o de cosmologias espec\u00edficas e, por outro, a constitui\u00e7\u00e3o da pr\u00f3pria sociabilidade. Tais estudos incluem pesquisas que analisam, por exemplo, como as pessoas efetivamente fazem suas compras, como interpretam e justificam, para si mesmas e para os outros, o processo da compra, quais as rela\u00e7\u00f5es entre consumo e globaliza\u00e7\u00e3o e, ainda, a sociologia do consumo e do consumismo. Assim, Consumo: cosmologias e socialibilidades se junta \u00e0 diversidade de perspectivas que v\u00eam sendo empregadas para uma compreens\u00e3o abrangente do fen\u00f4meno do consumo nas Ci\u00eancias Sociais e Humanas. Seus artigos reconhecem a crescente complexidade das pr\u00e1ticas de consumo e os modos pelos quais tais pr\u00e1ticas, de maneira igualmente complexa, est\u00e3o inscritas na vida cotidiana de indiv\u00edduos concretos. O que importa, acima de tudo, \u00e9 ir al\u00e9m de certos pressupostos e perceber que h\u00e1 um equil\u00edbrio delicado entre agency do consumidor e as restri\u00e7\u00f5es \u00e0s quais ele est\u00e1 submetido no contexto de estruturas sociais e culturais complexas. Nesse sentido, restri\u00e7\u00f5es de classe o g\u00eanero, por exemplo, somam-se \u00e0s escolhas que cada consumidor\/a pode fazer livremente. Novos valores em rela\u00e7\u00e3o ao consumo e \u00e0 produ\u00e7\u00e3o propiciam o aparecimento de determinados mercados e novos tipos de rela\u00e7\u00f5es entre produtor, trabalhador e consumidor. Importa, portanto, compreender como diferentes pessoas e grupos lidam de modo distinto com este equil\u00edbrio um tanto t\u00eanue.<\/p>\n<p>Autores: L\u00edvia Barbosa, F\u00e1tima Portilho e Let\u00edcia Veloso (orgs.)<\/p>\n<p>ISBN: 978-85-7478-371-8<\/p>\n<p>Ano, P\u00e1g.: 2009, 156p.<\/p>\n","protected":false},"excerpt":{"rendered":"<p>Autores: L\u00edvia Barbosa, F\u00e1tima Portilho e Let\u00edcia Veloso<\/p>\n","protected":false},"featured_media":614,"template":"","meta":{"_acf_changed":false},"product_brand":[],"product_cat":[23],"product_tag":[],"class_list":{"0":"post-508","1":"product","2":"type-product","3":"status-publish","4":"has-post-thumbnail","6":"product_cat-ciencias-sociais-e-politicas","8":"first","9":"instock","10":"sale","11":"shipping-taxable","12":"purchasable","13":"product-type-simple"},"acf":[],"_links":{"self":[{"href":"https:\/\/editora.ufrrj.br\/portal\/wp-json\/wp\/v2\/product\/508","targetHints":{"allow":["GET"]}}],"collection":[{"href":"https:\/\/editora.ufrrj.br\/portal\/wp-json\/wp\/v2\/product"}],"about":[{"href":"https:\/\/editora.ufrrj.br\/portal\/wp-json\/wp\/v2\/types\/product"}],"wp:featuredmedia":[{"embeddable":true,"href":"https:\/\/editora.ufrrj.br\/portal\/wp-json\/wp\/v2\/media\/614"}],"wp:attachment":[{"href":"https:\/\/editora.ufrrj.br\/portal\/wp-json\/wp\/v2\/media?parent=508"}],"wp:term":[{"taxonomy":"product_brand","embeddable":true,"href":"https:\/\/editora.ufrrj.br\/portal\/wp-json\/wp\/v2\/product_brand?post=508"},{"taxonomy":"product_cat","embeddable":true,"href":"https:\/\/editora.ufrrj.br\/portal\/wp-json\/wp\/v2\/product_cat?post=508"},{"taxonomy":"product_tag","embeddable":true,"href":"https:\/\/editora.ufrrj.br\/portal\/wp-json\/wp\/v2\/product_tag?post=508"}],"curies":[{"name":"wp","href":"https:\/\/api.w.org\/{rel}","templated":true}]}}