{"id":506,"date":"2016-09-02T18:39:55","date_gmt":"2016-09-02T21:39:55","guid":{"rendered":"http:\/\/editora.ufrrj.br\/?post_type=product&#038;p=506"},"modified":"2025-12-11T14:10:42","modified_gmt":"2025-12-11T17:10:42","slug":"contos-da-universidade-rural","status":"publish","type":"product","link":"https:\/\/editora.ufrrj.br\/portal\/produto\/contos-da-universidade-rural\/","title":{"rendered":"Contos da Universidade Rural"},"content":{"rendered":"<p>Contos da Universidade Rural recupera uma \u00e9poca especial para o Pa\u00eds e para a Universidade: a segunda metade da d\u00e9cada de 1950. Especial, porque as teses nacionalistas para o desenvolvimento estavam fervilhando e, no meio estudantil, provocavam intensos e apaixonados debates sobre os rumos a serem trilhados. A consolida\u00e7\u00e3o do campus no ent\u00e3o km 47 da Estrada Rio &#8211; S\u00e3o Paulo j\u00e1 era uma realidade e a Escola Nacional de Agronomia se destacava pela sua participa\u00e7\u00e3o direta no centro das decis\u00f5es t\u00e9cnicas e pol\u00edticas da agricultura nacional. Compondo esse ambiente, os alojamentos universit\u00e1rios e, em particular, os estudantes oriundos das mais diversas regi\u00f5es do Brasil e de outros pa\u00edses; com seus sonhos, anseios e culturas. Nessa \u00e9poca (podem invejar, atuais moradores) as refei\u00e7\u00f5es eram servidas por gar\u00e7ons, utilizavam-se pratos e a administra\u00e7\u00e3o do restaurante era feita pelos alunos, atrav\u00e9s da Cooperativa dos Alunos da Universidade Rural \u2013 Caur. A Fazenda dos Alunos da Universidade Rural (Faur), tamb\u00e9m sob a administra\u00e7\u00e3o dos estudantes, permitia a execu\u00e7\u00e3o de atividades de campo, atendendo parcialmente o consumo do restaurante. A avalia\u00e7\u00e3o do ensino era feita com exames parciais ao findar cada semestre e, aos que n\u00e3o obtinham a m\u00e9dia sete, tinham que penar nos exames finais em dezembro ou nas provas de segunda-\u00e9poca em fevereiro. As ocorr\u00eancias nos alojamentos, as inquietudes intelectuais, as ang\u00fastias f\u00edsicas e emocionais, numa mescla toda especial, est\u00e3o retratadas de forma \u00edmpar nesta obra do Engenheiro Agr\u00f4nomo Bruno Marcus Rangel Pessanha. Ao recordar epis\u00f3dios de sua passagem pela Universidade, Bruno n\u00e3o se preocupou em fazer mero registro da sua \u00e9poca. Ao contr\u00e1rio, cada um dos contos encerra, tamb\u00e9m, sua vis\u00e3o e an\u00e1lise dos fatos, com humor peculiar e abordagem que prende o leitor e o faz vivenciar a plenitude daqueles momentos. Ao dosar com habilidade fic\u00e7\u00e3o e realidade, o autor soube produzir Contos da Universidade Rural sem o enfoque do saudosismo que poderia, talvez, dar outra fei\u00e7\u00e3o ao seu trabalho. Mas que vai provocar saudades, n\u00e3o tenham d\u00favidas! Neste ano de 2009, a turma da qual Bruno faz parte completa 50 anos de gradua\u00e7\u00e3o e a Ufrrj se prepara para as comemora\u00e7\u00f5es Bruno Marcus Rangel Pessanha 10 do seu centen\u00e1rio. A publica\u00e7\u00e3o deste livro est\u00e1 inserida nas atividades Rural 100 Anos, e \u00e9 com indisfar\u00e7\u00e1vel orgulho que a Associa\u00e7\u00e3o dos Diplomados da Escola Nacional de Agronomia \u2013 Adena &#8211; o apresenta para nossa comunidade.<\/p>\n<p>Autor: Bruno Marcus Rangel Pessanha<\/p>\n<p>ISBN: 978-85-85720-72-8<\/p>\n<p>Ano, P\u00e1g.: 2010, 156p.<\/p>\n","protected":false},"excerpt":{"rendered":"<p>Autor: Bruno Marcus Rangel Pessanha<\/p>\n","protected":false},"featured_media":621,"template":"","meta":{"_acf_changed":false},"product_brand":[],"product_cat":[22,19,53],"product_tag":[],"class_list":{"0":"post-506","1":"product","2":"type-product","3":"status-publish","4":"has-post-thumbnail","6":"product_cat-educacao","7":"product_cat-historia","8":"product_cat-literatura-area","10":"first","11":"instock","12":"sale","13":"shipping-taxable","14":"purchasable","15":"product-type-simple"},"acf":[],"_links":{"self":[{"href":"https:\/\/editora.ufrrj.br\/portal\/wp-json\/wp\/v2\/product\/506","targetHints":{"allow":["GET"]}}],"collection":[{"href":"https:\/\/editora.ufrrj.br\/portal\/wp-json\/wp\/v2\/product"}],"about":[{"href":"https:\/\/editora.ufrrj.br\/portal\/wp-json\/wp\/v2\/types\/product"}],"wp:featuredmedia":[{"embeddable":true,"href":"https:\/\/editora.ufrrj.br\/portal\/wp-json\/wp\/v2\/media\/621"}],"wp:attachment":[{"href":"https:\/\/editora.ufrrj.br\/portal\/wp-json\/wp\/v2\/media?parent=506"}],"wp:term":[{"taxonomy":"product_brand","embeddable":true,"href":"https:\/\/editora.ufrrj.br\/portal\/wp-json\/wp\/v2\/product_brand?post=506"},{"taxonomy":"product_cat","embeddable":true,"href":"https:\/\/editora.ufrrj.br\/portal\/wp-json\/wp\/v2\/product_cat?post=506"},{"taxonomy":"product_tag","embeddable":true,"href":"https:\/\/editora.ufrrj.br\/portal\/wp-json\/wp\/v2\/product_tag?post=506"}],"curies":[{"name":"wp","href":"https:\/\/api.w.org\/{rel}","templated":true}]}}