{"id":503,"date":"2016-09-02T18:23:06","date_gmt":"2016-09-02T21:23:06","guid":{"rendered":"http:\/\/editora.ufrrj.br\/?post_type=product&#038;p=503"},"modified":"2023-07-26T09:58:14","modified_gmt":"2023-07-26T12:58:14","slug":"de-mae-para-filha","status":"publish","type":"product","link":"https:\/\/editora.ufrrj.br\/portal\/produto\/de-mae-para-filha\/","title":{"rendered":"De M\u00e3e para Filha, o legado da exclus\u00e3o social: um estudo das mem\u00f3rias autobiogr\u00e1ficas"},"content":{"rendered":"<p>A presente pesquisa se prop\u00f4s a descrever e comparar as mem\u00f3rias autobiogr\u00e1ficas pautadas em uma viv\u00eancia de pobreza e exclus\u00e3o relatadas por 15 m\u00e3es e 15 filhas. As entrevistas foram submetidas a um procedimento de an\u00e1lise de conte\u00fado, atrav\u00e9s da categoriza\u00e7\u00e3o das respostas \u00e0s diferentes classes de quest\u00f5es colocadas: lembran\u00e7as da inf\u00e2ncia, vida amorosa, balan\u00e7o da condi\u00e7\u00e3o social, esperan\u00e7as e arrependimentos. Conclu\u00edmos que as mem\u00f3rias autobiogr\u00e1ficas de m\u00e3es e filhas trazem sempre \u00e0 tona a vida de seu grupo social, seja nos relatos de uma inf\u00e2ncia de viol\u00eancia e trabalho, ou em uma vida atual de altos e baixos financeiros, recheada de situa\u00e7\u00f5es de desemprego e de car\u00eancias materiais, al\u00e9m da vida amorosa de solid\u00e3o. As esperan\u00e7as s\u00e3o direcionadas para a busca da conquista de seu espa\u00e7o na sociedade; atrav\u00e9s da for\u00e7a de vontade pessoal e de oportunidades externas.<\/p>\n<p>Autor: Luciene Alves M. Naiff<\/p>\n<p>ISBN: 978-85-8067-062-2<\/p>\n<p>Ano, Pag., Peso: 2014, 194p, 245 gramas<\/p>\n","protected":false},"excerpt":{"rendered":"<p>Autor: Luciene Alves M. Naiff<\/p>\n","protected":false},"featured_media":622,"template":"","meta":{"_acf_changed":false},"product_brand":[],"product_cat":[23,22],"product_tag":[],"class_list":{"0":"post-503","1":"product","2":"type-product","3":"status-publish","4":"has-post-thumbnail","6":"product_cat-ciencias-sociais-e-politicas","7":"product_cat-educacao","9":"first","10":"instock","11":"sale","12":"shipping-taxable","13":"purchasable","14":"product-type-simple"},"acf":[],"_links":{"self":[{"href":"https:\/\/editora.ufrrj.br\/portal\/wp-json\/wp\/v2\/product\/503","targetHints":{"allow":["GET"]}}],"collection":[{"href":"https:\/\/editora.ufrrj.br\/portal\/wp-json\/wp\/v2\/product"}],"about":[{"href":"https:\/\/editora.ufrrj.br\/portal\/wp-json\/wp\/v2\/types\/product"}],"wp:featuredmedia":[{"embeddable":true,"href":"https:\/\/editora.ufrrj.br\/portal\/wp-json\/wp\/v2\/media\/622"}],"wp:attachment":[{"href":"https:\/\/editora.ufrrj.br\/portal\/wp-json\/wp\/v2\/media?parent=503"}],"wp:term":[{"taxonomy":"product_brand","embeddable":true,"href":"https:\/\/editora.ufrrj.br\/portal\/wp-json\/wp\/v2\/product_brand?post=503"},{"taxonomy":"product_cat","embeddable":true,"href":"https:\/\/editora.ufrrj.br\/portal\/wp-json\/wp\/v2\/product_cat?post=503"},{"taxonomy":"product_tag","embeddable":true,"href":"https:\/\/editora.ufrrj.br\/portal\/wp-json\/wp\/v2\/product_tag?post=503"}],"curies":[{"name":"wp","href":"https:\/\/api.w.org\/{rel}","templated":true}]}}