{"id":501,"date":"2016-09-02T18:19:07","date_gmt":"2016-09-02T21:19:07","guid":{"rendered":"http:\/\/editora.ufrrj.br\/?post_type=product&#038;p=501"},"modified":"2023-07-26T09:58:49","modified_gmt":"2023-07-26T12:58:49","slug":"dez-anos-de-arquitetura-na-rural","status":"publish","type":"product","link":"https:\/\/editora.ufrrj.br\/portal\/produto\/dez-anos-de-arquitetura-na-rural\/","title":{"rendered":"Dez Anos de Arquitetura na Rural"},"content":{"rendered":"<p>Dez anos depois da cria\u00e7\u00e3o do Curso de Arquitetura e Urbanismo da UFRRJ encontra oportunidade para expressar seus percal\u00e7os e \u00eaxitos. A oportunidade em quest\u00e3o \u00e9 esta publica\u00e7\u00e3o, maturada em encontros formais e informais, nos quais foi poss\u00edvel constatar a enorme vontade de documentar nossas especificidades e anseios, muito al\u00e9m de registrar parte de nosso cotidiano nas terras que, tempo atr\u00e1s, produziram sedas de excepcional qualidade.<\/p>\n<p>Autores: Helio Herbst, Gabriel Girmos, Humberto Kzure-Cerquera e Sylvia Meimaridou Rola<\/p>\n<p>ISBN: 978-85-85720-91-9<\/p>\n<p>Ano, P\u00e1g.: 2010, 372p.<\/p>\n<p>&nbsp;<\/p>\n","protected":false},"excerpt":{"rendered":"<p>Autores: Helio Herbst, Gabriel Girmos, Humberto Kzure-Cerquera e Sylvia Meimaridou Rola<\/p>\n","protected":false},"featured_media":624,"template":"","meta":{"_acf_changed":false},"product_brand":[],"product_cat":[22,19,53],"product_tag":[],"class_list":{"0":"post-501","1":"product","2":"type-product","3":"status-publish","4":"has-post-thumbnail","6":"product_cat-educacao","7":"product_cat-historia","8":"product_cat-literatura-area","10":"first","11":"instock","12":"sale","13":"shipping-taxable","14":"purchasable","15":"product-type-simple"},"acf":[],"_links":{"self":[{"href":"https:\/\/editora.ufrrj.br\/portal\/wp-json\/wp\/v2\/product\/501","targetHints":{"allow":["GET"]}}],"collection":[{"href":"https:\/\/editora.ufrrj.br\/portal\/wp-json\/wp\/v2\/product"}],"about":[{"href":"https:\/\/editora.ufrrj.br\/portal\/wp-json\/wp\/v2\/types\/product"}],"wp:featuredmedia":[{"embeddable":true,"href":"https:\/\/editora.ufrrj.br\/portal\/wp-json\/wp\/v2\/media\/624"}],"wp:attachment":[{"href":"https:\/\/editora.ufrrj.br\/portal\/wp-json\/wp\/v2\/media?parent=501"}],"wp:term":[{"taxonomy":"product_brand","embeddable":true,"href":"https:\/\/editora.ufrrj.br\/portal\/wp-json\/wp\/v2\/product_brand?post=501"},{"taxonomy":"product_cat","embeddable":true,"href":"https:\/\/editora.ufrrj.br\/portal\/wp-json\/wp\/v2\/product_cat?post=501"},{"taxonomy":"product_tag","embeddable":true,"href":"https:\/\/editora.ufrrj.br\/portal\/wp-json\/wp\/v2\/product_tag?post=501"}],"curies":[{"name":"wp","href":"https:\/\/api.w.org\/{rel}","templated":true}]}}