{"id":488,"date":"2016-09-02T17:24:10","date_gmt":"2016-09-02T20:24:10","guid":{"rendered":"http:\/\/editora.ufrrj.br\/?post_type=product&#038;p=488"},"modified":"2023-07-26T09:58:07","modified_gmt":"2023-07-26T12:58:07","slug":"educacao-de-jovens-e-adultos-politicas-e-praticas-educativas","status":"publish","type":"product","link":"https:\/\/editora.ufrrj.br\/portal\/produto\/educacao-de-jovens-e-adultos-politicas-e-praticas-educativas\/","title":{"rendered":"Educa\u00e7\u00e3o de Jovens e Adultos: pol\u00edticas e pr\u00e1ticas educativas"},"content":{"rendered":"<p>Autores: Jos\u00e9 dos Santos Souza e Sandra Regina Sales (orgs.)<\/p>\n<p>ISBN: 978-85-85936-64-9<\/p>\n<p>&nbsp;<\/p>\n","protected":false},"excerpt":{"rendered":"<p>Autores: Jos\u00e9 dos Santos Souza e Sandra Regina Sales<\/p>\n","protected":false},"featured_media":628,"template":"","meta":{"_acf_changed":false},"product_brand":[],"product_cat":[22],"product_tag":[],"class_list":{"0":"post-488","1":"product","2":"type-product","3":"status-publish","4":"has-post-thumbnail","6":"product_cat-educacao","8":"first","9":"outofstock","10":"shipping-taxable","11":"purchasable","12":"product-type-simple"},"acf":[],"_links":{"self":[{"href":"https:\/\/editora.ufrrj.br\/portal\/wp-json\/wp\/v2\/product\/488","targetHints":{"allow":["GET"]}}],"collection":[{"href":"https:\/\/editora.ufrrj.br\/portal\/wp-json\/wp\/v2\/product"}],"about":[{"href":"https:\/\/editora.ufrrj.br\/portal\/wp-json\/wp\/v2\/types\/product"}],"wp:featuredmedia":[{"embeddable":true,"href":"https:\/\/editora.ufrrj.br\/portal\/wp-json\/wp\/v2\/media\/628"}],"wp:attachment":[{"href":"https:\/\/editora.ufrrj.br\/portal\/wp-json\/wp\/v2\/media?parent=488"}],"wp:term":[{"taxonomy":"product_brand","embeddable":true,"href":"https:\/\/editora.ufrrj.br\/portal\/wp-json\/wp\/v2\/product_brand?post=488"},{"taxonomy":"product_cat","embeddable":true,"href":"https:\/\/editora.ufrrj.br\/portal\/wp-json\/wp\/v2\/product_cat?post=488"},{"taxonomy":"product_tag","embeddable":true,"href":"https:\/\/editora.ufrrj.br\/portal\/wp-json\/wp\/v2\/product_tag?post=488"}],"curies":[{"name":"wp","href":"https:\/\/api.w.org\/{rel}","templated":true}]}}