{"id":485,"date":"2016-09-02T17:22:44","date_gmt":"2016-09-02T20:22:44","guid":{"rendered":"http:\/\/editora.ufrrj.br\/?post_type=product&#038;p=485"},"modified":"2023-07-26T09:58:00","modified_gmt":"2023-07-26T12:58:00","slug":"educacao-estetica-de-schiller-e-marcuse","status":"publish","type":"product","link":"https:\/\/editora.ufrrj.br\/portal\/produto\/educacao-estetica-de-schiller-e-marcuse\/","title":{"rendered":"Educa\u00e7\u00e3o Est\u00e9tica, de Schiller e Marcuse"},"content":{"rendered":"<p>Autores: Pedro Hussak e Vladimir Vieira (orgs.)<\/p>\n<p>ISBN: 978-85-85936-88-4<\/p>\n<p>&nbsp;<\/p>\n","protected":false},"excerpt":{"rendered":"<p>Autores: Pedro Hussak e Vladimir Vieira<\/p>\n","protected":false},"featured_media":629,"template":"","meta":{"_acf_changed":false},"product_brand":[],"product_cat":[19,53],"product_tag":[],"class_list":{"0":"post-485","1":"product","2":"type-product","3":"status-publish","4":"has-post-thumbnail","6":"product_cat-historia","7":"product_cat-literatura-area","9":"first","10":"outofstock","11":"shipping-taxable","12":"purchasable","13":"product-type-simple"},"acf":[],"_links":{"self":[{"href":"https:\/\/editora.ufrrj.br\/portal\/wp-json\/wp\/v2\/product\/485","targetHints":{"allow":["GET"]}}],"collection":[{"href":"https:\/\/editora.ufrrj.br\/portal\/wp-json\/wp\/v2\/product"}],"about":[{"href":"https:\/\/editora.ufrrj.br\/portal\/wp-json\/wp\/v2\/types\/product"}],"wp:featuredmedia":[{"embeddable":true,"href":"https:\/\/editora.ufrrj.br\/portal\/wp-json\/wp\/v2\/media\/629"}],"wp:attachment":[{"href":"https:\/\/editora.ufrrj.br\/portal\/wp-json\/wp\/v2\/media?parent=485"}],"wp:term":[{"taxonomy":"product_brand","embeddable":true,"href":"https:\/\/editora.ufrrj.br\/portal\/wp-json\/wp\/v2\/product_brand?post=485"},{"taxonomy":"product_cat","embeddable":true,"href":"https:\/\/editora.ufrrj.br\/portal\/wp-json\/wp\/v2\/product_cat?post=485"},{"taxonomy":"product_tag","embeddable":true,"href":"https:\/\/editora.ufrrj.br\/portal\/wp-json\/wp\/v2\/product_tag?post=485"}],"curies":[{"name":"wp","href":"https:\/\/api.w.org\/{rel}","templated":true}]}}