{"id":4659,"date":"2022-05-04T13:56:59","date_gmt":"2022-05-04T16:56:59","guid":{"rendered":"https:\/\/editora.ufrrj.br\/?post_type=product&#038;p=4659"},"modified":"2023-07-27T16:42:04","modified_gmt":"2023-07-27T19:42:04","slug":"pesquisas-no-jardim-botanico-da-ufrrj","status":"publish","type":"product","link":"https:\/\/editora.ufrrj.br\/portal\/produto\/pesquisas-no-jardim-botanico-da-ufrrj\/","title":{"rendered":"Pesquisas no Jardim Bot\u00e2nico da UFRRJ"},"content":{"rendered":"<p>O Jardim Bot\u00e2nico da UFRRJ, assim como outros de sua categoria, tem como proposta o desenvolvimento de atividades voltadas \u00e0 educa\u00e7\u00e3o (principalmente, educa\u00e7\u00e3o ambiental), extens\u00e3o e pesquisa. De acordo com a Resolu\u00e7\u00e3o CONAMA n\u00ba 339, de 25 de setembro de 2003, no Art. 2\u00ba s\u00e3o estabelecidos os objetivos dos jardins bot\u00e2nicos: \u201cI &#8211; promover a pesquisa, a conserva\u00e7\u00e3o, a preserva\u00e7\u00e3o, a educa\u00e7\u00e3o ambiental e o lazer compat\u00edvel com a finalidade de difundir o valor multicultural das plantas e sua utiliza\u00e7\u00e3o sustent\u00e1vel\u201d. Atualmente o Jardim Bot\u00e2nico UFRRJ busca alcan\u00e7ar esses objetivos didaticamente, como um espa\u00e7o multidisciplinar no suporte para realiza\u00e7\u00e3o de aulas te\u00f3ricas e pr\u00e1ticas de diferentes cursos da Institui\u00e7\u00e3o (e.g. Agronomia, Belas Artes, Ci\u00eancias Biol\u00f3gicas, Ci\u00eancias Sociais, Farm\u00e1cia, Engenharia Florestal, Licenciatura em Ci\u00eancias Agr\u00edcolas, Psicologia, Zootecnia entre outros); atrav\u00e9s do recebimento de alunos de diferentes segmentos de forma\u00e7\u00e3o de escolas p\u00fablicas e privadas para pr\u00e1ticas de visita\u00e7\u00e3o guiada e desenvolvimentos de atividades voltadas para conscientiza\u00e7\u00e3o e educa\u00e7\u00e3o ambiental. Al\u00e9m disso, oferece palestras, minicursos e oficinas, periodicamente, associadas a pr\u00e1ticas e Eventos de Extens\u00e3o Universit\u00e1ria.<\/p>\n<p>No que diz respeito \u00e0 pesquisa, o Jardim Bot\u00e2nico possui seu pr\u00f3prio Programa de Inicia\u00e7\u00e3o Cient\u00edfica (PROVERDE), cujo principal objetivo \u00e9 estimular a pr\u00e1tica de pesquisa em alunos e professores com projetos voltados ao desenvolvimento cient\u00edfico-estrutural do pr\u00f3prio Jardim Bot\u00e2nico. O PROVERDE possui car\u00e1ter Institucional, viabilizado por recursos internos da UFRRJ atrav\u00e9s de a\u00e7\u00f5es da Pr\u00f3-Reitoria de Pesquisa e P\u00f3s-Gradua\u00e7\u00e3o, representada na atualidade pela gest\u00e3o dos Pr\u00f3-Reitores Prof. Alexandre Fortes e Profa. L\u00facia dos Anjos. Al\u00e9m dos projetos de pesquisas vinculados ao PROVERDE, outros projetos s\u00e3o desenvolvidos atrav\u00e9s de parcerias e coopera\u00e7\u00e3o t\u00e9cnico-cient\u00edficas que contribuem sinergicamente para o progresso do Jardim Bot\u00e2nico UFRRJ.<\/p>\n<p>Foi com essa perspectiva que este livro teve sua idealiza\u00e7\u00e3o, com o intuito de disponibilizar para a comunidade externa e acad\u00eamica informa\u00e7\u00f5es a respeito das atividades de pesquisa desenvolvidas ou viabilizadas pelo Jardim Bot\u00e2nico UFRRJ. O potencial e a articula\u00e7\u00e3o que o Jardim Bot\u00e2nico UFRRJ possui nas pr\u00e1ticas de ensino, pesquisa e extens\u00e3o \u00e9 exemplificado atrav\u00e9s da apresenta\u00e7\u00e3o deste produto, que compila resultados dessas a\u00e7\u00f5es categorizados em se\u00e7\u00f5es tem\u00e1ticas por \u00e1reas afins:<\/p>\n<p>1. Flor\u00edstica e Conserva\u00e7\u00e3o,<br \/>\n2. Indicadores Ed\u00e1ficos e Biol\u00f3gicos,<br \/>\n3. Intera\u00e7\u00f5es Ecoambientais,<br \/>\n4. Fitoqu\u00edmica e Bot\u00e2nica Aplicada,<br \/>\n5. Educa\u00e7\u00e3o Ambiental.<\/p>\n<p>Organizadores: Ivo Abra\u00e3o Ara\u00fajo da Silva, Marcos Gerv\u00e1sio Pereira e Silvia Aparecida Martim<\/p>\n<p>ISBN: 978-65-86859-19-5<\/p>\n<p>Ano: 2022<\/p>\n<p>1\u00ba Edi\u00e7\u00e3o<\/p>\n","protected":false},"excerpt":{"rendered":"<p>Organizadores: Ivo Abra\u00e3o Ara\u00fajo da Silva, Marcos Gerv\u00e1sio Pereira e Silvia Aparecida Martim<\/p>\n","protected":false},"featured_media":4773,"template":"","meta":{"_acf_changed":false},"product_brand":[],"product_cat":[24,59,10,104],"product_tag":[164,163,162],"class_list":{"0":"post-4659","1":"product","2":"type-product","3":"status-publish","4":"has-post-thumbnail","6":"product_cat-biologia","7":"product_cat-ebooks","8":"product_cat-lancamento","9":"product_cat-serie-rural-em-foco","10":"product_tag-biologia","11":"product_tag-jardim-botanico","12":"product_tag-rural","14":"first","15":"instock","16":"featured","17":"shipping-taxable","18":"purchasable","19":"product-type-variable"},"acf":[],"_links":{"self":[{"href":"https:\/\/editora.ufrrj.br\/portal\/wp-json\/wp\/v2\/product\/4659","targetHints":{"allow":["GET"]}}],"collection":[{"href":"https:\/\/editora.ufrrj.br\/portal\/wp-json\/wp\/v2\/product"}],"about":[{"href":"https:\/\/editora.ufrrj.br\/portal\/wp-json\/wp\/v2\/types\/product"}],"wp:featuredmedia":[{"embeddable":true,"href":"https:\/\/editora.ufrrj.br\/portal\/wp-json\/wp\/v2\/media\/4773"}],"wp:attachment":[{"href":"https:\/\/editora.ufrrj.br\/portal\/wp-json\/wp\/v2\/media?parent=4659"}],"wp:term":[{"taxonomy":"product_brand","embeddable":true,"href":"https:\/\/editora.ufrrj.br\/portal\/wp-json\/wp\/v2\/product_brand?post=4659"},{"taxonomy":"product_cat","embeddable":true,"href":"https:\/\/editora.ufrrj.br\/portal\/wp-json\/wp\/v2\/product_cat?post=4659"},{"taxonomy":"product_tag","embeddable":true,"href":"https:\/\/editora.ufrrj.br\/portal\/wp-json\/wp\/v2\/product_tag?post=4659"}],"curies":[{"name":"wp","href":"https:\/\/api.w.org\/{rel}","templated":true}]}}