{"id":4654,"date":"2022-05-18T13:47:39","date_gmt":"2022-05-18T16:47:39","guid":{"rendered":"https:\/\/editora.ufrrj.br\/?post_type=product&#038;p=4654"},"modified":"2023-08-04T10:20:08","modified_gmt":"2023-08-04T13:20:08","slug":"substancias-humicas-no-processo-de-compostagem","status":"publish","type":"product","link":"https:\/\/editora.ufrrj.br\/portal\/produto\/substancias-humicas-no-processo-de-compostagem\/","title":{"rendered":"Subst\u00e2ncias H\u00famicas no Processo de Compostagem"},"content":{"rendered":"<p>O livro \u201cSubst\u00e2ncias H\u00famicas no Processo de Compostagem\u201d \u00e9 resultado de anos de estudos realizados por pesquisadores da Universidade Federal Rural do Rio de Janeiro e por parceiros oriundos de renomadas institui\u00e7\u00f5es nacionais e do exterior. O objetivo desta obra \u00e9 promover a difus\u00e3o do conhecimento sobre a ci\u00eancia das subst\u00e2ncias h\u00famicas no processo de compostagem. Para isso, a obra foi estruturada em sete cap\u00edtulos que exploram tem\u00e1ticas como: a forma\u00e7\u00e3o das subst\u00e2ncias h\u00famicas durante o processo de compostagem; t\u00e9cnicas qu\u00edmicas de monitoramento da compostagem; contribui\u00e7\u00e3o das subst\u00e2ncias h\u00famicas nas fun\u00e7\u00f5es agron\u00f4micas e ambientais dos compostos org\u00e2nicos e na supress\u00e3o de doen\u00e7as; al\u00e9m dos benef\u00edcios que a adi\u00e7\u00e3o de biocarv\u00e3o promove na compostagem e forma\u00e7\u00e3o de subst\u00e2ncias h\u00famicas. A obra apresenta linguagem simples e acess\u00edvel e poder\u00e1 ser uma importante fonte de informa\u00e7\u00f5es a pesquisadores, professores, agr\u00f4nomos, estudantes e demais profissionais da \u00e1rea de Agronomia quanto a esta promissora tem\u00e1tica.<\/p>\n<p>Organizadores: Camila da Costa Barros de Souza, Farley Alexandre da Fonseca Breda, Erica Souto Abreu Lima, Andr\u00e9s Calder\u00edn Garc\u00eda e Nelson Moura Brasil do Amaral Sobrinho<\/p>\n<p>ISBN: 978-65-86859-23-2<\/p>\n<p>Ano: 2022<\/p>\n<p>1\u00ba Edi\u00e7\u00e3o<\/p>\n","protected":false},"excerpt":{"rendered":"<p>Organizadores: Camila da Costa Barros de Souza, Farley Alexandre da Fonseca Breda, Erica Souto Abreu Lima, Andr\u00e9s Calder\u00edn Garc\u00eda e Nelson Moura Brasil do Amaral Sobrinho<\/p>\n","protected":false},"featured_media":4655,"template":"","meta":{"_acf_changed":false},"product_brand":[],"product_cat":[13,59,10,102,16],"product_tag":[129,162],"class_list":{"0":"post-4654","1":"product","2":"type-product","3":"status-publish","4":"has-post-thumbnail","6":"product_cat-agronomia","7":"product_cat-ebooks","8":"product_cat-lancamento","9":"product_cat-serie-instituto-rural","10":"product_cat-tecnologia","11":"product_tag-agronomia","12":"product_tag-rural","14":"first","15":"instock","16":"featured","17":"shipping-taxable","18":"purchasable","19":"product-type-variable"},"acf":[],"_links":{"self":[{"href":"https:\/\/editora.ufrrj.br\/portal\/wp-json\/wp\/v2\/product\/4654","targetHints":{"allow":["GET"]}}],"collection":[{"href":"https:\/\/editora.ufrrj.br\/portal\/wp-json\/wp\/v2\/product"}],"about":[{"href":"https:\/\/editora.ufrrj.br\/portal\/wp-json\/wp\/v2\/types\/product"}],"wp:featuredmedia":[{"embeddable":true,"href":"https:\/\/editora.ufrrj.br\/portal\/wp-json\/wp\/v2\/media\/4655"}],"wp:attachment":[{"href":"https:\/\/editora.ufrrj.br\/portal\/wp-json\/wp\/v2\/media?parent=4654"}],"wp:term":[{"taxonomy":"product_brand","embeddable":true,"href":"https:\/\/editora.ufrrj.br\/portal\/wp-json\/wp\/v2\/product_brand?post=4654"},{"taxonomy":"product_cat","embeddable":true,"href":"https:\/\/editora.ufrrj.br\/portal\/wp-json\/wp\/v2\/product_cat?post=4654"},{"taxonomy":"product_tag","embeddable":true,"href":"https:\/\/editora.ufrrj.br\/portal\/wp-json\/wp\/v2\/product_tag?post=4654"}],"curies":[{"name":"wp","href":"https:\/\/api.w.org\/{rel}","templated":true}]}}