{"id":4650,"date":"2022-04-20T13:52:57","date_gmt":"2022-04-20T16:52:57","guid":{"rendered":"https:\/\/editora.ufrrj.br\/?post_type=product&#038;p=4650"},"modified":"2023-07-14T16:28:01","modified_gmt":"2023-07-14T19:28:01","slug":"producoes-feministas-no-brasil-da-modernidade-a-pos","status":"publish","type":"product","link":"https:\/\/editora.ufrrj.br\/portal\/produto\/producoes-feministas-no-brasil-da-modernidade-a-pos\/","title":{"rendered":"Produ\u00e7\u00f5es Feministas no Brasil: da modernidade \u00e0 p\u00f3s"},"content":{"rendered":"<p>Este livro resulta do enlace entre doc\u00eancia, pesquisa e extens\u00e3o na \u00faltima d\u00e9cada e meia no dom\u00ednio dos Estudos Liter\u00e1rios e Culturais e visa a organizar reflex\u00f5es sobre os rumos das quest\u00f5es de g\u00eanero no Brasil, al\u00e9m de disponibiliz\u00e1-las, sobretudo, ao p\u00fablico discente em forma\u00e7\u00e3o. Preferimos situar o Brasil como locus das considera\u00e7\u00f5es (no Brasil) em vez de qualific\u00e1-lo como origem (do Brasil) das quest\u00f5es discutidas em raz\u00e3o de entendermos que tais quest\u00f5es s\u00e3o objeto de discuss\u00e3o em um \u00e2mbito muito mais amplo do que o de fronteiras geogr\u00e1ficas e de proced\u00eancia. O recorte temporal realizado privilegia escritas feministas a partir da d\u00e9cada de 1970 at\u00e9 o terceiro mil\u00eanio, problematizando as pr\u00f3prias disputas conceituais sobre escrita feminista.<\/p>\n<p>O percurso de escritas gendrificadas no Brasil \u00e9 parte de contextos fortemente adversos nos fronts do Estado ou da sociedade. No primeiro caso, trata-se de duas vers\u00f5es de um Estado autorit\u00e1rio: a expressamente ditatorial nos anos de chumbo, ou a fantasm\u00e1tica, que irrompe na contemporaneidade, quando julg\u00e1vamos j\u00e1 consolidadas as conquistas democr\u00e1ticas das \u00faltimas quatro d\u00e9cadas. No segundo caso, trata-se do agenciamento social, de fei\u00e7\u00f5es incontestavelmente patriarcais, agravadas por um escravagismo dos mais longevos no planeta. Ou seja, Estado e sociedade respondem conjuntamente como signat\u00e1rias das batalhas de g\u00eanero no Brasil.<\/p>\n<p>Todo esse continente em que se travam tais disputas imprime contornos particulares \u00e0 representa\u00e7\u00e3o de largas parcelas da popula\u00e7\u00e3o, verdadeiras \u201cmaiorias\u201d em sub-representa\u00e7\u00e3o, e devem ser articulados teoricamente para uma compreens\u00e3o mais balizada de estudos qualificadamente \u201csubalternos\u201d (SPIVAK, 1988), resultantes de interse\u00e7\u00f5es (BRAH, 2017) proeminentes de ra\u00e7a e de g\u00eanero. Dessa forma, privilegiamos tal discuss\u00e3o \u00e0 luz de pensadores locais e \u201cterceiro-mundistas\u201d, para quem a experi\u00eancia de espa\u00e7o e tempo seja priorit\u00e1ria para configurar subjetividades modernas e p\u00f3s-modernas. S\u00e3o parte desse arcabou\u00e7o te\u00f3rico Silviano Santiago (2004), Helo\u00edsa Buarque de Holanda (2018), Sueli Carneiro (2018) e Gayatri Spivak (1988). Dessa maneira, vimos oferecer material afim a disciplinas e a interesses dos Cursos de Letras e Interdisciplinares, entre os quais se destacam, Literatura e Cultura Brasileiras, Literatura e Cultura Afro-brasileiras , Teoria da Literatura, Teoria da Tradu\u00e7\u00e3o, Teorias do Discurso, Estudos de G\u00eanero, Feminismos, Estudos Subalternos, Estudos Bakhtinianos, Estudos Culturais, Cr\u00edtica Cultural e Cr\u00edtica Liter\u00e1ria.<\/p>\n<p>Autora: Valeria Rosito Ferreira<\/p>\n<p>ISBN: 978-65-86859-21-8<\/p>\n<p>Ano: 2022<\/p>\n<p>1\u00ba Edi\u00e7\u00e3o<\/p>\n","protected":false},"excerpt":{"rendered":"<p>Autora: Valeria Rosito Ferreira<\/p>\n","protected":false},"featured_media":4746,"template":"","meta":{"_acf_changed":false},"product_brand":[],"product_cat":[23,59,19,10,53,103],"product_tag":[139,161,158],"class_list":{"0":"post-4650","1":"product","2":"type-product","3":"status-publish","4":"has-post-thumbnail","6":"product_cat-ciencias-sociais-e-politicas","7":"product_cat-ebooks","8":"product_cat-historia","9":"product_cat-lancamento","10":"product_cat-literatura-area","11":"product_cat-serie-ementas","12":"product_tag-ciencias-sociais","13":"product_tag-feminismo","14":"product_tag-literatura","16":"first","17":"instock","18":"featured","19":"shipping-taxable","20":"purchasable","21":"product-type-variable"},"acf":[],"_links":{"self":[{"href":"https:\/\/editora.ufrrj.br\/portal\/wp-json\/wp\/v2\/product\/4650","targetHints":{"allow":["GET"]}}],"collection":[{"href":"https:\/\/editora.ufrrj.br\/portal\/wp-json\/wp\/v2\/product"}],"about":[{"href":"https:\/\/editora.ufrrj.br\/portal\/wp-json\/wp\/v2\/types\/product"}],"wp:featuredmedia":[{"embeddable":true,"href":"https:\/\/editora.ufrrj.br\/portal\/wp-json\/wp\/v2\/media\/4746"}],"wp:attachment":[{"href":"https:\/\/editora.ufrrj.br\/portal\/wp-json\/wp\/v2\/media?parent=4650"}],"wp:term":[{"taxonomy":"product_brand","embeddable":true,"href":"https:\/\/editora.ufrrj.br\/portal\/wp-json\/wp\/v2\/product_brand?post=4650"},{"taxonomy":"product_cat","embeddable":true,"href":"https:\/\/editora.ufrrj.br\/portal\/wp-json\/wp\/v2\/product_cat?post=4650"},{"taxonomy":"product_tag","embeddable":true,"href":"https:\/\/editora.ufrrj.br\/portal\/wp-json\/wp\/v2\/product_tag?post=4650"}],"curies":[{"name":"wp","href":"https:\/\/api.w.org\/{rel}","templated":true}]}}