{"id":459,"date":"2016-09-02T12:53:35","date_gmt":"2016-09-02T15:53:35","guid":{"rendered":"http:\/\/editora.ufrrj.br\/?post_type=product&#038;p=459"},"modified":"2024-01-04T23:37:15","modified_gmt":"2024-01-05T02:37:15","slug":"educacao-profissional-inclusiva-desafios-e-perspectivas","status":"publish","type":"product","link":"https:\/\/editora.ufrrj.br\/portal\/produto\/educacao-profissional-inclusiva-desafios-e-perspectivas\/","title":{"rendered":"Educa\u00e7\u00e3o Profissional Inclusiva: desafios e perspectivas"},"content":{"rendered":"<p>Esta obra dirige-se a todos os educadores, em especial aos que atuam na educa\u00e7\u00e3o profissional, aos acad\u00eamicos das licenciaturas e aos demais interessados na discuss\u00e3o acerca da educa\u00e7\u00e3o inclusiva. Com interessante abrang\u00eancia de discuss\u00f5es nesse campo epistemol\u00f3gico, esta obra promove discuss\u00f5es cr\u00edtico-reflexivas sobre a democratiza\u00e7\u00e3o da escola contempor\u00e2nea, vista como possibilidade de resist\u00eancia \u00e0 submiss\u00e3o e cria\u00e7\u00e3o de um cen\u00e1rio mais humano e justo. O tema \u00e9 discutido sob diferentes \u00e2ngulos de modo interdisciplinar\/transdisciplinar, desde as quest\u00f5es pol\u00edticas, sem\u00e2nticas, pedag\u00f3gicas, psicol\u00f3gicas, psicopedag\u00f3gicas, s\u00f3cio-hist\u00f3ricas entre outras, com o objetivo de enfrentar e superar o desafio do acesso e sucesso escolar dos estudantes com necessidades especiais na escola brasileira contempor\u00e2nea.<\/p>\n<p>Autores: Allan Damasceno, Luc\u00edlia Lino de Paula, Val\u00e9ria Marques (organizadores)<\/p>\n<p>ISBN: 978-85-8067-042-4<\/p>\n<p>Ano, Pag., Peso: 2012, 214p., 300gramas<\/p>\n","protected":false},"excerpt":{"rendered":"<p>Autores: Allan Damasceno, Luc\u00edlia Lino de Paula, Val\u00e9ria Marques<\/p>\n","protected":false},"featured_media":633,"template":"","meta":{"_acf_changed":false},"product_brand":[],"product_cat":[22],"product_tag":[],"class_list":{"0":"post-459","1":"product","2":"type-product","3":"status-publish","4":"has-post-thumbnail","6":"product_cat-educacao","8":"first","9":"instock","10":"sale","11":"shipping-taxable","12":"purchasable","13":"product-type-simple"},"acf":[],"_links":{"self":[{"href":"https:\/\/editora.ufrrj.br\/portal\/wp-json\/wp\/v2\/product\/459","targetHints":{"allow":["GET"]}}],"collection":[{"href":"https:\/\/editora.ufrrj.br\/portal\/wp-json\/wp\/v2\/product"}],"about":[{"href":"https:\/\/editora.ufrrj.br\/portal\/wp-json\/wp\/v2\/types\/product"}],"wp:featuredmedia":[{"embeddable":true,"href":"https:\/\/editora.ufrrj.br\/portal\/wp-json\/wp\/v2\/media\/633"}],"wp:attachment":[{"href":"https:\/\/editora.ufrrj.br\/portal\/wp-json\/wp\/v2\/media?parent=459"}],"wp:term":[{"taxonomy":"product_brand","embeddable":true,"href":"https:\/\/editora.ufrrj.br\/portal\/wp-json\/wp\/v2\/product_brand?post=459"},{"taxonomy":"product_cat","embeddable":true,"href":"https:\/\/editora.ufrrj.br\/portal\/wp-json\/wp\/v2\/product_cat?post=459"},{"taxonomy":"product_tag","embeddable":true,"href":"https:\/\/editora.ufrrj.br\/portal\/wp-json\/wp\/v2\/product_tag?post=459"}],"curies":[{"name":"wp","href":"https:\/\/api.w.org\/{rel}","templated":true}]}}