{"id":4572,"date":"2022-03-25T13:45:16","date_gmt":"2022-03-25T16:45:16","guid":{"rendered":"https:\/\/editora.ufrrj.br\/?post_type=product&#038;p=4572"},"modified":"2023-07-14T16:31:23","modified_gmt":"2023-07-14T19:31:23","slug":"politica-e-pandemia-praticas-discursivas-nacionais-e-lutas-por-hegemonia-no-acontecimento-pandemia-da-covid-19","status":"publish","type":"product","link":"https:\/\/editora.ufrrj.br\/portal\/produto\/politica-e-pandemia-praticas-discursivas-nacionais-e-lutas-por-hegemonia-no-acontecimento-pandemia-da-covid-19\/","title":{"rendered":"Pol\u00edtica e pandemia: Pr\u00e1ticas discursivas nacionais e lutas por hegemonia no acontecimento pandemia da Covid-19"},"content":{"rendered":"<p>Este trabalho, \u201cO v\u00edrus em disputa: Pr\u00e1ticas discursivas nacionais e lutas por hegemonia no acontecimento pandemia da Covid-19\u201d \u00e9 o terceiro do conjunto de tr\u00eas livros.<\/p>\n<p>Nesta obra, continuamos com a reconstru\u00e7\u00e3o do campo discursivo sobre a pandemia, agora no \u00e2mbito nacional, levando em considera\u00e7\u00e3o a an\u00e1lise das pr\u00e1ticas discursivas manifestadas em discursos, documentos, atua\u00e7\u00f5es e decis\u00f5es de porta-vozes brasileiros dos discursos mestres \u201cnegacionista\u201d e \u201ccient\u00edfico\u201d. A escolha dos porta-vozes levou em considera\u00e7\u00e3o tanto as diferentes<br \/>\nrespostas e posi\u00e7\u00f5es sobre a pandemia de autoridades governamentais federais (em sua maioria &#8220;negacionistas&#8221; e estaduais (em grande parte &#8220;cient\u00edficas&#8221;, a visibilidade de suas posi\u00e7\u00f5es e a\u00e7\u00f5es na m\u00eddia, e a reconfigura\u00e7\u00e3o de alian\u00e7as e apoios no \u00e2mbito da disputa pol\u00edtica com vistas \u00e0 futuras elei\u00e7\u00f5es presidenciais, particularmente em rela\u00e7\u00e3o a governadores estaduais politicamente relevantes nos campos do governo e da oposi\u00e7\u00e3o.<\/p>\n<p>Nos seis cap\u00edtulos do livro foram analisados os discursos de porta-vozes nacionais chaves do discurso \u201cnegacionista\u201d, o presidente Jair Bolsonaro e l\u00edderes de igrejas pentecostais e neopentecostais. Entre os v\u00e1rios porta-vozes do discurso &#8220;cient\u00edfico&#8221; e suas variantes, a partir da reconfigura\u00e7\u00e3o da disputa pol\u00edtica nacional, elegemos e analisamos as pr\u00e1ticas discursivas dos governadores estaduais Jo\u00e3o Doria, de S\u00e3o Paulo, Ronaldo Caiado, de Goi\u00e1s, e Fl\u00e1vio Dino, do Maranh\u00e3o, assim como Rodrigo Maia, ent\u00e3o presidente da C\u00e2mara dos Deputados. Na Conclus\u00e3o procuramos dar respostas a quest\u00f5es delineadas em nosso projeto de pesquisa, a partir de refletir sobre o duplo movimento de politiza\u00e7\u00e3o da pandemia e de \u201cpandemiza\u00e7\u00e3o da pol\u00edtica\u201d; a disputa pol\u00edtica de discursos, a suspens\u00e3o da hegemonia; e o acontecimento pandemia, a disputa pol\u00edtica e o momento populista.<\/p>\n<p>Organizador: Jorge O. Romano<\/p>\n<p>ISBN: 978-65-86859-25-6<\/p>\n<p>Ano: 2021<\/p>\n<p>1\u00ba Edi\u00e7\u00e3o<\/p>\n","protected":false},"excerpt":{"rendered":"<p>Organizador: Jorge O. Romano<\/p>\n","protected":false},"featured_media":4580,"template":"","meta":{"_acf_changed":false},"product_brand":[],"product_cat":[24,23,59,10],"product_tag":[],"class_list":{"0":"post-4572","1":"product","2":"type-product","3":"status-publish","4":"has-post-thumbnail","6":"product_cat-biologia","7":"product_cat-ciencias-sociais-e-politicas","8":"product_cat-ebooks","9":"product_cat-lancamento","11":"first","12":"instock","13":"featured","14":"shipping-taxable","15":"purchasable","16":"product-type-variable"},"acf":[],"_links":{"self":[{"href":"https:\/\/editora.ufrrj.br\/portal\/wp-json\/wp\/v2\/product\/4572","targetHints":{"allow":["GET"]}}],"collection":[{"href":"https:\/\/editora.ufrrj.br\/portal\/wp-json\/wp\/v2\/product"}],"about":[{"href":"https:\/\/editora.ufrrj.br\/portal\/wp-json\/wp\/v2\/types\/product"}],"wp:featuredmedia":[{"embeddable":true,"href":"https:\/\/editora.ufrrj.br\/portal\/wp-json\/wp\/v2\/media\/4580"}],"wp:attachment":[{"href":"https:\/\/editora.ufrrj.br\/portal\/wp-json\/wp\/v2\/media?parent=4572"}],"wp:term":[{"taxonomy":"product_brand","embeddable":true,"href":"https:\/\/editora.ufrrj.br\/portal\/wp-json\/wp\/v2\/product_brand?post=4572"},{"taxonomy":"product_cat","embeddable":true,"href":"https:\/\/editora.ufrrj.br\/portal\/wp-json\/wp\/v2\/product_cat?post=4572"},{"taxonomy":"product_tag","embeddable":true,"href":"https:\/\/editora.ufrrj.br\/portal\/wp-json\/wp\/v2\/product_tag?post=4572"}],"curies":[{"name":"wp","href":"https:\/\/api.w.org\/{rel}","templated":true}]}}