{"id":4570,"date":"2022-03-25T13:39:53","date_gmt":"2022-03-25T16:39:53","guid":{"rendered":"https:\/\/editora.ufrrj.br\/?post_type=product&#038;p=4570"},"modified":"2023-07-14T16:31:50","modified_gmt":"2023-07-14T19:31:50","slug":"o-virus-em-disputa-praticas-discursivas-internacionais-e-lutas-por-hegemonia-no-acontecimento-pandemia-da-covid-19","status":"publish","type":"product","link":"https:\/\/editora.ufrrj.br\/portal\/produto\/o-virus-em-disputa-praticas-discursivas-internacionais-e-lutas-por-hegemonia-no-acontecimento-pandemia-da-covid-19\/","title":{"rendered":"O V\u00edrus em Disputa: pr\u00e1ticas discursivas internacionais e lutas por hegemonia no acontecimento pandemia da Covid-19"},"content":{"rendered":"<p>Este trabalho, \u201cO v\u00edrus em disputa: Pr\u00e1ticas discursivas internacionais e lutas por hegemonia no acontecimento pandemia da Covid-19\u201d \u00e9 o segundo do conjunto de tr\u00eas livros.<\/p>\n<p>O objeto principal da obra \u00e9 a reconstru\u00e7\u00e3o do campo discursivo sobre a pandemia no \u00e2mbito internacional, a partir da an\u00e1lise das pr\u00e1ticas discursivas de porta-vozes dos discursos mestres \u201cnegacionista\u201d e \u201ccient\u00edfico\u201d. A partir de uma s\u00e9rie de crit\u00e9rios foram escolhidos as pr\u00e1ticas discursivas de porta-vozes do discurso \u201cnegacionista\u201d como Donald Trump (USA) e Boris<br \/>\nJohnson (GB) e no \u201ccient\u00edfico\u201d, as de Xi-Jinping (China), Putin (R\u00fassia), o Papa Francisco, Organiza\u00e7\u00e3o Mundial da Sa\u00fade, Arden (Nova Zel\u00e2ndia), Fern\u00e1ndez (Argentina), Pi\u00f1era (Chile) e Cyril Ramaphosa (\u00c1frica do Sul).<\/p>\n<p>A partir da Introdu\u00e7\u00e3o onde detalhamos o marco geral de an\u00e1lise e o nosso roteiro metodol\u00f3gico, nos cap\u00edtulos um a dez se apresentam o resultado das an\u00e1lises das pr\u00e1ticas discursivas de cada um desses diferentes porta-vozes. O cap\u00edtulo final procura fazer uma reflex\u00e3o sobre as quest\u00f5es geopol\u00edticas que a produ\u00e7\u00e3o e a distribui\u00e7\u00e3o das vacinas envolvem.<\/p>\n<p>Organizador: Jorge O. Romano<\/p>\n<p>ISBN: 978-65-86859-22-5<\/p>\n<p>Ano: 2021<\/p>\n<p>1\u00ba Edi\u00e7\u00e3o<\/p>\n","protected":false},"excerpt":{"rendered":"<p>Organizador: Jorge O. Romano<\/p>\n","protected":false},"featured_media":4577,"template":"","meta":{"_acf_changed":false},"product_brand":[],"product_cat":[24,23,59,10],"product_tag":[],"class_list":{"0":"post-4570","1":"product","2":"type-product","3":"status-publish","4":"has-post-thumbnail","6":"product_cat-biologia","7":"product_cat-ciencias-sociais-e-politicas","8":"product_cat-ebooks","9":"product_cat-lancamento","11":"first","12":"instock","13":"featured","14":"shipping-taxable","15":"purchasable","16":"product-type-variable"},"acf":[],"_links":{"self":[{"href":"https:\/\/editora.ufrrj.br\/portal\/wp-json\/wp\/v2\/product\/4570","targetHints":{"allow":["GET"]}}],"collection":[{"href":"https:\/\/editora.ufrrj.br\/portal\/wp-json\/wp\/v2\/product"}],"about":[{"href":"https:\/\/editora.ufrrj.br\/portal\/wp-json\/wp\/v2\/types\/product"}],"wp:featuredmedia":[{"embeddable":true,"href":"https:\/\/editora.ufrrj.br\/portal\/wp-json\/wp\/v2\/media\/4577"}],"wp:attachment":[{"href":"https:\/\/editora.ufrrj.br\/portal\/wp-json\/wp\/v2\/media?parent=4570"}],"wp:term":[{"taxonomy":"product_brand","embeddable":true,"href":"https:\/\/editora.ufrrj.br\/portal\/wp-json\/wp\/v2\/product_brand?post=4570"},{"taxonomy":"product_cat","embeddable":true,"href":"https:\/\/editora.ufrrj.br\/portal\/wp-json\/wp\/v2\/product_cat?post=4570"},{"taxonomy":"product_tag","embeddable":true,"href":"https:\/\/editora.ufrrj.br\/portal\/wp-json\/wp\/v2\/product_tag?post=4570"}],"curies":[{"name":"wp","href":"https:\/\/api.w.org\/{rel}","templated":true}]}}