{"id":4568,"date":"2022-03-25T13:37:21","date_gmt":"2022-03-25T16:37:21","guid":{"rendered":"https:\/\/editora.ufrrj.br\/?post_type=product&#038;p=4568"},"modified":"2023-07-14T16:11:21","modified_gmt":"2023-07-14T19:11:21","slug":"a-negacao-da-pandemia-e-os-anticorpos-da-ciencia-disputa-politica-de-discursos-sobre-a-pandemia-da-covid-19","status":"publish","type":"product","link":"https:\/\/editora.ufrrj.br\/portal\/produto\/a-negacao-da-pandemia-e-os-anticorpos-da-ciencia-disputa-politica-de-discursos-sobre-a-pandemia-da-covid-19\/","title":{"rendered":"A Nega\u00e7\u00e3o da Pandemia e os Anticorpos da Ci\u00eancia: disputa pol\u00edtica de discursos sobre a pandemia da Covid-19"},"content":{"rendered":"<p>Este trabalho, \u201cA nega\u00e7\u00e3o da pandemia e os anticorpos da ci\u00eancia: Disputa pol\u00edtica de discursos sobre a pandemia da Covid-19\u201d \u00e9 o primeiro do conjunto de tr\u00eas livros sobre a tem\u00e1tica.<\/p>\n<p>Neste primeiro livro, composto de uma introdu\u00e7\u00e3o, seis cap\u00edtulos e uma conclus\u00e3o, caracterizamos a pandemia de Covid-19 como um acontecimento que coloca em suspense a hegemonia e cria espa\u00e7o para a disputa de discursos &#8211; a n\u00edvel nacional e internacional &#8211; como discursos pol\u00edticos. Nessa disputa, reconstruimos dois discursos mestres: o \u201cnegacionista\u201d e o &#8220;cient\u00edfico&#8221;, que oscilam e se articulam com diferentes \u00eanfases a partir de dois polos tem\u00e1ticos: a sustentabilidade da vida e a sustentabilidade da economia. No desenvolver dos tr\u00eas primeiros cap\u00edtulos caracterizamos o<br \/>\nacontecimento pandemia com seus impactos que amplificam as desigualdades e tamb\u00e9m reconstruimos os discursos \u201cnegacionista\u201d e \u201ccient\u00edfico\u201d em disputa, o diagn\u00f3stico que cada discurso faz do problema, o tom predominante de suas pr\u00e1ticas discursivas, as demandas e os grupos que se articulam em identidades pol\u00edticas antag\u00f4nicas \u2014 o \u201celes\u201d e o \u201cn\u00f3s\u201d \u2014 com os antagonismos em n\u00edvel nacional ou internacional que se criam ou se reproduzem na disputa e as solu\u00e7\u00f5es e propostas para enfrentar e sair da pandemia. Nos tr\u00eas \u00faltimos cap\u00edtulos e na conclus\u00e3o analisamos como a disputa de discursos se produz e reproduz nas m\u00eddias tradicionais e sociais, num contexto de guerra cibern\u00e9tica e de digitaliza\u00e7\u00e3o do populismo; e recuperamos um conjunto de olhares de intelectuais de renome internacional sobre o futuro p\u00f3s pandemia, tanto aqueles que apontam para o recrudescimento das domina\u00e7\u00f5es existentes ou para a reforma do sistema e, at\u00e9, a<br \/>\nconstru\u00e7\u00e3o de alternativas emancipadoras.<\/p>\n<p>Organizador: Jorge O. Romano<\/p>\n<p>ISBN: 978-65-86859-24-9<\/p>\n<p>Ano: 2021<\/p>\n<p>1\u00ba Edi\u00e7\u00e3o<\/p>\n","protected":false},"excerpt":{"rendered":"<p>Organizador: Jorge O. Romano<\/p>\n","protected":false},"featured_media":4575,"template":"","meta":{"_acf_changed":false},"product_brand":[],"product_cat":[24,23,59,10],"product_tag":[],"class_list":{"0":"post-4568","1":"product","2":"type-product","3":"status-publish","4":"has-post-thumbnail","6":"product_cat-biologia","7":"product_cat-ciencias-sociais-e-politicas","8":"product_cat-ebooks","9":"product_cat-lancamento","11":"first","12":"instock","13":"featured","14":"shipping-taxable","15":"purchasable","16":"product-type-variable"},"acf":[],"_links":{"self":[{"href":"https:\/\/editora.ufrrj.br\/portal\/wp-json\/wp\/v2\/product\/4568","targetHints":{"allow":["GET"]}}],"collection":[{"href":"https:\/\/editora.ufrrj.br\/portal\/wp-json\/wp\/v2\/product"}],"about":[{"href":"https:\/\/editora.ufrrj.br\/portal\/wp-json\/wp\/v2\/types\/product"}],"wp:featuredmedia":[{"embeddable":true,"href":"https:\/\/editora.ufrrj.br\/portal\/wp-json\/wp\/v2\/media\/4575"}],"wp:attachment":[{"href":"https:\/\/editora.ufrrj.br\/portal\/wp-json\/wp\/v2\/media?parent=4568"}],"wp:term":[{"taxonomy":"product_brand","embeddable":true,"href":"https:\/\/editora.ufrrj.br\/portal\/wp-json\/wp\/v2\/product_brand?post=4568"},{"taxonomy":"product_cat","embeddable":true,"href":"https:\/\/editora.ufrrj.br\/portal\/wp-json\/wp\/v2\/product_cat?post=4568"},{"taxonomy":"product_tag","embeddable":true,"href":"https:\/\/editora.ufrrj.br\/portal\/wp-json\/wp\/v2\/product_tag?post=4568"}],"curies":[{"name":"wp","href":"https:\/\/api.w.org\/{rel}","templated":true}]}}