{"id":451,"date":"2016-08-31T19:39:17","date_gmt":"2016-08-31T22:39:17","guid":{"rendered":"http:\/\/editora.ufrrj.br\/?post_type=product&#038;p=451"},"modified":"2026-03-25T00:12:42","modified_gmt":"2026-03-25T03:12:42","slug":"elementos-de-programacao-linear","status":"publish","type":"product","link":"https:\/\/editora.ufrrj.br\/portal\/produto\/elementos-de-programacao-linear\/","title":{"rendered":"Elementos de Programa\u00e7\u00e3o Linear"},"content":{"rendered":"<p>O in\u00edcio desse livro foram as notas de aulas dos autores utilizadas em diversos cursos de gradua\u00e7\u00e3o, em v\u00e1rias institui\u00e7\u00f5es. A ideia principal desse livro \u00e9 que ele seja menos \u00e1rido que um livro did\u00e1tico, por isso, evitou-se enfatizar algumas defini\u00e7\u00f5es, teoremas e demonstra\u00e7\u00f5es sem, contudo, deixar de lado o formalismo necess\u00e1rio a um bom livro t\u00e9cnico. Isso faz com que a leitura fique mais \u201csuave\u201d, levando aqueles que n\u00e3o est\u00e3o acostumados \u00e0 leitura de livros t\u00e9cnicos sentirem-se mais \u00e0 vontade ao estudar. Sempre que poss\u00edvel, a teoria foi desenvolvida a partir da ilustra\u00e7\u00e3o geom\u00e9trica. Espera-se que o leitor desse livro tenha conhecimentos b\u00e1sicos em \u00e1lgebra linear, mais precisamente, em opera\u00e7\u00f5es com matrizes e resolu\u00e7\u00e3o de sistemas de equa\u00e7\u00f5es lineares.<\/p>\n<p>Autores: Edgard Andrade, Patr\u00edcia Furts e Paulo Parga<\/p>\n<p>ISBN: 978-85-85720-66-7<\/p>\n<p>4\u00aa Edi\u00e7\u00e3o &#8211; Revista e Ampliada<\/p>\n<p>Ano, P\u00e1g., Peso: 2010, 184p., 444 gramas<\/p>\n","protected":false},"excerpt":{"rendered":"<p>Autores: Edgard Andrade, Patr\u00edcia Furts e Paulo Parga<\/p>\n","protected":false},"featured_media":636,"template":"","meta":{"_acf_changed":false},"product_brand":[],"product_cat":[22,21],"product_tag":[],"class_list":{"0":"post-451","1":"product","2":"type-product","3":"status-publish","4":"has-post-thumbnail","6":"product_cat-educacao","7":"product_cat-exatas","9":"first","10":"instock","11":"sale","12":"shipping-taxable","13":"purchasable","14":"product-type-simple"},"acf":[],"_links":{"self":[{"href":"https:\/\/editora.ufrrj.br\/portal\/wp-json\/wp\/v2\/product\/451","targetHints":{"allow":["GET"]}}],"collection":[{"href":"https:\/\/editora.ufrrj.br\/portal\/wp-json\/wp\/v2\/product"}],"about":[{"href":"https:\/\/editora.ufrrj.br\/portal\/wp-json\/wp\/v2\/types\/product"}],"wp:featuredmedia":[{"embeddable":true,"href":"https:\/\/editora.ufrrj.br\/portal\/wp-json\/wp\/v2\/media\/636"}],"wp:attachment":[{"href":"https:\/\/editora.ufrrj.br\/portal\/wp-json\/wp\/v2\/media?parent=451"}],"wp:term":[{"taxonomy":"product_brand","embeddable":true,"href":"https:\/\/editora.ufrrj.br\/portal\/wp-json\/wp\/v2\/product_brand?post=451"},{"taxonomy":"product_cat","embeddable":true,"href":"https:\/\/editora.ufrrj.br\/portal\/wp-json\/wp\/v2\/product_cat?post=451"},{"taxonomy":"product_tag","embeddable":true,"href":"https:\/\/editora.ufrrj.br\/portal\/wp-json\/wp\/v2\/product_tag?post=451"}],"curies":[{"name":"wp","href":"https:\/\/api.w.org\/{rel}","templated":true}]}}