{"id":4485,"date":"2022-03-23T09:50:27","date_gmt":"2022-03-23T12:50:27","guid":{"rendered":"https:\/\/editora.ufrrj.br\/?post_type=product&#038;p=4485"},"modified":"2023-08-03T11:22:33","modified_gmt":"2023-08-03T14:22:33","slug":"critica-literaria-na-sala-de-aula-caderno-de-resenhas","status":"publish","type":"product","link":"https:\/\/editora.ufrrj.br\/portal\/produto\/critica-literaria-na-sala-de-aula-caderno-de-resenhas\/","title":{"rendered":"Cr\u00edtica liter\u00e1ria na sala de aula (caderno de resenhas)"},"content":{"rendered":"<p>&#8220;Durante o segundo semestre de 2019, no curso de Letras da Universidade Federal Rural do Rio de Janeiro (campus Serop\u00e9dica), encarreguei-me da disciplina optativa Estudos de Literatura: Curso Monogr\u00e1fico, que, por seu car\u00e1ter gen\u00e9rico, permite pautar variados assuntos da \u00e1rea. Na ocasi\u00e3o, tr\u00eas raz\u00f5es me motivaram a estabelecer uma ementa voltada para o estudo e, especialmente, para a pr\u00e1tica da cr\u00edtica liter\u00e1ria. A primeira delas \u00e9 que estudo cr\u00edtica liter\u00e1ria brasileira e procurei com isso estreitar a rela\u00e7\u00e3o entre pesquisa e ensino, algo inerente ao fazer universit\u00e1rio e de primeira import\u00e2ncia a um curso como o que integro, novato e ainda sem p\u00f3s-gradua\u00e7\u00e3o acad\u00eamica (portanto ainda por consolidar uma cultura institucionalizada de investiga\u00e7\u00e3o). Como consequ\u00eancia direta \u2013 eis aqui a segunda raz\u00e3o \u2013, apresentei \u00e0 reformula\u00e7\u00e3o do ement\u00e1rio do curso (num processo conclu\u00eddo ao fim do primeiro semestre de 2019) a proposta de cria\u00e7\u00e3o de duas disciplinas optativas \u2013 Cr\u00edtica Liter\u00e1ria: Teoria e Cr\u00edtica Liter\u00e1ria: Pr\u00e1tica. Aprovada a proposta mas ainda n\u00e3o implementado o novo ement\u00e1rio, em 2019\/2 ofereci o curso em car\u00e1ter experimental, ainda sob o nome de outra disciplina, mencionada acima. A terceira e principal raz\u00e3o \u00e9 a tentativa de refor\u00e7ar formas pelas quais estudantes de Letras se percebam como futuros profissionais peritos em interpreta\u00e7\u00e3o e produ\u00e7\u00e3o textual, o que s\u00f3 se alcan\u00e7a com a radicaliza\u00e7\u00e3o dos exerc\u00edcios da leitura e da escrita, ou seja, o que s\u00f3 se alcan\u00e7a com uma pedagogia da releitura e da reescrita.&#8221; \u2014 O organizador.<\/p>\n<p>Organizador: Marcos Estev\u00e3o Gomes Pasche<\/p>\n<p>ISBN: 978-65-86859-16-4<\/p>\n<p>Ano: 2022<\/p>\n<p>1\u00ba Edi\u00e7\u00e3o<\/p>\n","protected":false},"excerpt":{"rendered":"<p>Organizador: Marcos Estev\u00e3o Gomes Pasche<\/p>\n","protected":false},"featured_media":4631,"template":"","meta":{"_acf_changed":false},"product_brand":[],"product_cat":[59,10,53,103],"product_tag":[159,153,158],"class_list":{"0":"post-4485","1":"product","2":"type-product","3":"status-publish","4":"has-post-thumbnail","6":"product_cat-ebooks","7":"product_cat-lancamento","8":"product_cat-literatura-area","9":"product_cat-serie-ementas","10":"product_tag-critica-literaria","11":"product_tag-letras","12":"product_tag-literatura","14":"first","15":"instock","16":"featured","17":"shipping-taxable","18":"purchasable","19":"product-type-variable"},"acf":[],"_links":{"self":[{"href":"https:\/\/editora.ufrrj.br\/portal\/wp-json\/wp\/v2\/product\/4485","targetHints":{"allow":["GET"]}}],"collection":[{"href":"https:\/\/editora.ufrrj.br\/portal\/wp-json\/wp\/v2\/product"}],"about":[{"href":"https:\/\/editora.ufrrj.br\/portal\/wp-json\/wp\/v2\/types\/product"}],"wp:featuredmedia":[{"embeddable":true,"href":"https:\/\/editora.ufrrj.br\/portal\/wp-json\/wp\/v2\/media\/4631"}],"wp:attachment":[{"href":"https:\/\/editora.ufrrj.br\/portal\/wp-json\/wp\/v2\/media?parent=4485"}],"wp:term":[{"taxonomy":"product_brand","embeddable":true,"href":"https:\/\/editora.ufrrj.br\/portal\/wp-json\/wp\/v2\/product_brand?post=4485"},{"taxonomy":"product_cat","embeddable":true,"href":"https:\/\/editora.ufrrj.br\/portal\/wp-json\/wp\/v2\/product_cat?post=4485"},{"taxonomy":"product_tag","embeddable":true,"href":"https:\/\/editora.ufrrj.br\/portal\/wp-json\/wp\/v2\/product_tag?post=4485"}],"curies":[{"name":"wp","href":"https:\/\/api.w.org\/{rel}","templated":true}]}}