{"id":4478,"date":"2022-03-16T11:29:31","date_gmt":"2022-03-16T14:29:31","guid":{"rendered":"https:\/\/editora.ufrrj.br\/?post_type=product&#038;p=4478"},"modified":"2023-07-14T16:30:18","modified_gmt":"2023-07-14T19:30:18","slug":"dona-dos-cafezais-a-acao-social-e-economica-de-uma-fazendeira-de-cafe-em-bananal-de-itaguai-1850-1867","status":"publish","type":"product","link":"https:\/\/editora.ufrrj.br\/portal\/produto\/dona-dos-cafezais-a-acao-social-e-economica-de-uma-fazendeira-de-cafe-em-bananal-de-itaguai-1850-1867\/","title":{"rendered":"Dona dos cafezais: a a\u00e7\u00e3o social e econ\u00f4mica de uma fazendeira de caf\u00e9 em Bananal de Itagua\u00ed 1850-1867"},"content":{"rendered":"<p>Este livro tem por objetivo compreender, a partir da trajet\u00f3ria de D. Gertrudes Maria da Concei\u00e7\u00e3o, os limites e possibilidades de a\u00e7\u00e3o social e econ\u00f4mica que circunscreviam a vida de uma mulher fazendeira de caf\u00e9 na zona itaguaiense de produ\u00e7\u00e3o cafeeira no oitocentos. Para isso, \u00e9 dada aten\u00e7\u00e3o para a participa\u00e7\u00e3o no conjunto produtivo e as a\u00e7\u00f5es desempenhadas por ela na promo\u00e7\u00e3o e manuten\u00e7\u00e3o da atividade produtiva. A senhora em quest\u00e3o era moradora da freguesia de Nossa Senhora da Concei\u00e7\u00e3o do Bananal de Itagua\u00ed (atual munic\u00edpio de Serop\u00e9dica).<\/p>\n<p>Autora: Jessica Santana de Assis Alves<\/p>\n<p>ISBN: 978-65-86859-20-1<\/p>\n<p>Ano: 2022<\/p>\n<p>1\u00ba Edi\u00e7\u00e3o<\/p>\n","protected":false},"excerpt":{"rendered":"<p>Autora: Jessica Santana de Assis Alves<\/p>\n","protected":false},"featured_media":4527,"template":"","meta":{"_acf_changed":false},"product_brand":[],"product_cat":[23,59,19,10,106],"product_tag":[157,121,120,119],"class_list":{"0":"post-4478","1":"product","2":"type-product","3":"status-publish","4":"has-post-thumbnail","6":"product_cat-ciencias-sociais-e-politicas","7":"product_cat-ebooks","8":"product_cat-historia","9":"product_cat-lancamento","10":"product_cat-serie-teses","11":"product_tag-e-book","12":"product_tag-historia","13":"product_tag-itaguai","14":"product_tag-seropedica","16":"first","17":"instock","18":"featured","19":"shipping-taxable","20":"purchasable","21":"product-type-variable"},"acf":[],"_links":{"self":[{"href":"https:\/\/editora.ufrrj.br\/portal\/wp-json\/wp\/v2\/product\/4478","targetHints":{"allow":["GET"]}}],"collection":[{"href":"https:\/\/editora.ufrrj.br\/portal\/wp-json\/wp\/v2\/product"}],"about":[{"href":"https:\/\/editora.ufrrj.br\/portal\/wp-json\/wp\/v2\/types\/product"}],"wp:featuredmedia":[{"embeddable":true,"href":"https:\/\/editora.ufrrj.br\/portal\/wp-json\/wp\/v2\/media\/4527"}],"wp:attachment":[{"href":"https:\/\/editora.ufrrj.br\/portal\/wp-json\/wp\/v2\/media?parent=4478"}],"wp:term":[{"taxonomy":"product_brand","embeddable":true,"href":"https:\/\/editora.ufrrj.br\/portal\/wp-json\/wp\/v2\/product_brand?post=4478"},{"taxonomy":"product_cat","embeddable":true,"href":"https:\/\/editora.ufrrj.br\/portal\/wp-json\/wp\/v2\/product_cat?post=4478"},{"taxonomy":"product_tag","embeddable":true,"href":"https:\/\/editora.ufrrj.br\/portal\/wp-json\/wp\/v2\/product_tag?post=4478"}],"curies":[{"name":"wp","href":"https:\/\/api.w.org\/{rel}","templated":true}]}}