{"id":447,"date":"2016-08-31T19:34:15","date_gmt":"2016-08-31T22:34:15","guid":{"rendered":"http:\/\/editora.ufrrj.br\/?post_type=product&#038;p=447"},"modified":"2024-01-03T09:53:11","modified_gmt":"2024-01-03T12:53:11","slug":"escrever-vidas-narrar-a-historia","status":"publish","type":"product","link":"https:\/\/editora.ufrrj.br\/portal\/produto\/escrever-vidas-narrar-a-historia\/","title":{"rendered":"Escrever Vidas, Narrar a Hist\u00f3ria"},"content":{"rendered":"<p>A tese de doutorado que deu origem a Escrever vidas, Narrar a Hist\u00f3ria: a biografia como problema historiogr\u00e1fico no Brasil oitocentista recebeu o pr\u00eamio Anpuh-Rio de Hist\u00f3ria de 2010, anunciado no encontro Regional de Hist\u00f3ria realizado na Universidade Federal Rural do Rio de Janeiro (UFRRJ). O pr\u00eamio, que contempla teses selecionadas pelos programas de p\u00f3s-gradua\u00e7\u00e3o em hist\u00f3ria de universidades do Estado do Rio de Janeiro, \u00e9 bienal e tem como objetivo incentivar a produ\u00e7\u00e3o e divulga\u00e7\u00e3o cient\u00edfica de trabalhos de excel\u00eancia acad\u00eamica ao p\u00fablico em geral.<\/p>\n<p>Autor: Maria da Gl\u00f3ria de Oliveira<\/p>\n<p>ISBN: 978-85-225-0932-4<\/p>\n<p>Ano, P\u00e1g., Peso: 2011, 209p., 350 gramas<\/p>\n","protected":false},"excerpt":{"rendered":"<p>Autor: Maria da Gl\u00f3ria de Oliveira<\/p>\n","protected":false},"featured_media":639,"template":"","meta":{"_acf_changed":false},"product_brand":[],"product_cat":[22],"product_tag":[],"class_list":{"0":"post-447","1":"product","2":"type-product","3":"status-publish","4":"has-post-thumbnail","6":"product_cat-educacao","8":"first","9":"instock","10":"sale","11":"shipping-taxable","12":"purchasable","13":"product-type-simple"},"acf":[],"_links":{"self":[{"href":"https:\/\/editora.ufrrj.br\/portal\/wp-json\/wp\/v2\/product\/447","targetHints":{"allow":["GET"]}}],"collection":[{"href":"https:\/\/editora.ufrrj.br\/portal\/wp-json\/wp\/v2\/product"}],"about":[{"href":"https:\/\/editora.ufrrj.br\/portal\/wp-json\/wp\/v2\/types\/product"}],"wp:featuredmedia":[{"embeddable":true,"href":"https:\/\/editora.ufrrj.br\/portal\/wp-json\/wp\/v2\/media\/639"}],"wp:attachment":[{"href":"https:\/\/editora.ufrrj.br\/portal\/wp-json\/wp\/v2\/media?parent=447"}],"wp:term":[{"taxonomy":"product_brand","embeddable":true,"href":"https:\/\/editora.ufrrj.br\/portal\/wp-json\/wp\/v2\/product_brand?post=447"},{"taxonomy":"product_cat","embeddable":true,"href":"https:\/\/editora.ufrrj.br\/portal\/wp-json\/wp\/v2\/product_cat?post=447"},{"taxonomy":"product_tag","embeddable":true,"href":"https:\/\/editora.ufrrj.br\/portal\/wp-json\/wp\/v2\/product_tag?post=447"}],"curies":[{"name":"wp","href":"https:\/\/api.w.org\/{rel}","templated":true}]}}