{"id":445,"date":"2016-08-31T19:31:23","date_gmt":"2016-08-31T22:31:23","guid":{"rendered":"http:\/\/editora.ufrrj.br\/?post_type=product&#038;p=445"},"modified":"2023-07-26T10:19:16","modified_gmt":"2023-07-26T13:19:16","slug":"etnobotanica-bases-para-a-conservacao","status":"publish","type":"product","link":"https:\/\/editora.ufrrj.br\/portal\/produto\/etnobotanica-bases-para-a-conservacao\/","title":{"rendered":"Etnobot\u00e2nica \u2013 bases para a conserva\u00e7\u00e3o"},"content":{"rendered":"<p>Autores: Viviane Stern da Fonseca, In\u00eas Machline Silva e Cyl Farneu Catarino de S\u00e1<\/p>\n","protected":false},"excerpt":{"rendered":"<p>Autores: Viviane Stern da Fonseca, In\u00eas Machline Silva e Cyl Farneu Catarino de S\u00e1<\/p>\n","protected":false},"featured_media":640,"template":"","meta":{"_acf_changed":false},"product_brand":[],"product_cat":[24,22,20],"product_tag":[],"class_list":{"0":"post-445","1":"product","2":"type-product","3":"status-publish","4":"has-post-thumbnail","6":"product_cat-biologia","7":"product_cat-educacao","8":"product_cat-recursos-florestais","10":"first","11":"outofstock","12":"shipping-taxable","13":"purchasable","14":"product-type-simple"},"acf":[],"_links":{"self":[{"href":"https:\/\/editora.ufrrj.br\/portal\/wp-json\/wp\/v2\/product\/445","targetHints":{"allow":["GET"]}}],"collection":[{"href":"https:\/\/editora.ufrrj.br\/portal\/wp-json\/wp\/v2\/product"}],"about":[{"href":"https:\/\/editora.ufrrj.br\/portal\/wp-json\/wp\/v2\/types\/product"}],"wp:featuredmedia":[{"embeddable":true,"href":"https:\/\/editora.ufrrj.br\/portal\/wp-json\/wp\/v2\/media\/640"}],"wp:attachment":[{"href":"https:\/\/editora.ufrrj.br\/portal\/wp-json\/wp\/v2\/media?parent=445"}],"wp:term":[{"taxonomy":"product_brand","embeddable":true,"href":"https:\/\/editora.ufrrj.br\/portal\/wp-json\/wp\/v2\/product_brand?post=445"},{"taxonomy":"product_cat","embeddable":true,"href":"https:\/\/editora.ufrrj.br\/portal\/wp-json\/wp\/v2\/product_cat?post=445"},{"taxonomy":"product_tag","embeddable":true,"href":"https:\/\/editora.ufrrj.br\/portal\/wp-json\/wp\/v2\/product_tag?post=445"}],"curies":[{"name":"wp","href":"https:\/\/api.w.org\/{rel}","templated":true}]}}