{"id":4380,"date":"2022-02-08T13:58:37","date_gmt":"2022-02-08T16:58:37","guid":{"rendered":"http:\/\/editora.ufrrj.br\/?post_type=product&#038;p=4380"},"modified":"2023-07-14T10:41:55","modified_gmt":"2023-07-14T13:41:55","slug":"guia-pratico-para-ler-em-ingles-2","status":"publish","type":"product","link":"https:\/\/editora.ufrrj.br\/portal\/produto\/guia-pratico-para-ler-em-ingles-2\/","title":{"rendered":"Guia Pr\u00e1tico para Ler em Ingl\u00eas"},"content":{"rendered":"<p>O ingl\u00eas se consolidou como l\u00edngua franca no mundo contempor\u00e2neo. Considerando a relev\u00e2ncia dessa l\u00edngua global, o Guia pr\u00e1tico para ler em ingl\u00eas vem suprir a demanda permanente do meio acad\u00eamico brasileiro de que alunos e pesquisadores consigam ter acesso ao conhecimento de seu interesse por meio da leitura. A partir de textos genu\u00ednos de amplo interesse, os exerc\u00edcios propostos neste livro partem das estruturas lingu\u00edsticas mais simples para as mais complexas, propiciando uma tomada de consci\u00eancia sobre a organiza\u00e7\u00e3o textual como um todo. Podendo tanto ser utilizado de forma autodid\u00e1tica quanto adotado por professores da \u00e1rea como suporte acess\u00edvel para os alunos, definitivamente, o livro representa uma grande contribui\u00e7\u00e3o para o ensino de ingl\u00eas para fins espec\u00edficos.<\/p>\n<p>Autores: Maria das Gra\u00e7as de Santana Salgado e Jo\u00e3o Carlos Lopes<\/p>\n<p>ISBN: 978-85-8067-114-8<\/p>\n<p>Ano: 2019<\/p>\n<p>1\u00ba Edi\u00e7\u00e3o<\/p>\n","protected":false},"excerpt":{"rendered":"<p>Autores: Maria das Gra\u00e7as de Santana Salgado e Jo\u00e3o Carlos Lopes<\/p>\n","protected":false},"featured_media":4381,"template":"","meta":{"_acf_changed":false},"product_brand":[],"product_cat":[10,84],"product_tag":[151,153,152],"class_list":{"0":"post-4380","1":"product","2":"type-product","3":"status-publish","4":"has-post-thumbnail","6":"product_cat-lancamento","7":"product_cat-lingua-inglesa","8":"product_tag-ingles","9":"product_tag-letras","10":"product_tag-lingua-inglesa","11":"product_shipping_class-retirar-no-local","13":"first","14":"instock","15":"featured","16":"shipping-taxable","17":"purchasable","18":"product-type-simple"},"acf":[],"_links":{"self":[{"href":"https:\/\/editora.ufrrj.br\/portal\/wp-json\/wp\/v2\/product\/4380","targetHints":{"allow":["GET"]}}],"collection":[{"href":"https:\/\/editora.ufrrj.br\/portal\/wp-json\/wp\/v2\/product"}],"about":[{"href":"https:\/\/editora.ufrrj.br\/portal\/wp-json\/wp\/v2\/types\/product"}],"wp:featuredmedia":[{"embeddable":true,"href":"https:\/\/editora.ufrrj.br\/portal\/wp-json\/wp\/v2\/media\/4381"}],"wp:attachment":[{"href":"https:\/\/editora.ufrrj.br\/portal\/wp-json\/wp\/v2\/media?parent=4380"}],"wp:term":[{"taxonomy":"product_brand","embeddable":true,"href":"https:\/\/editora.ufrrj.br\/portal\/wp-json\/wp\/v2\/product_brand?post=4380"},{"taxonomy":"product_cat","embeddable":true,"href":"https:\/\/editora.ufrrj.br\/portal\/wp-json\/wp\/v2\/product_cat?post=4380"},{"taxonomy":"product_tag","embeddable":true,"href":"https:\/\/editora.ufrrj.br\/portal\/wp-json\/wp\/v2\/product_tag?post=4380"}],"curies":[{"name":"wp","href":"https:\/\/api.w.org\/{rel}","templated":true}]}}