{"id":438,"date":"2017-02-24T13:41:43","date_gmt":"2017-02-24T16:41:43","guid":{"rendered":"http:\/\/editora.ufrrj.br\/?post_type=product&#038;p=438"},"modified":"2023-07-26T09:55:49","modified_gmt":"2023-07-26T12:55:49","slug":"frutos-do-jardim-botanico-da-ufrrj","status":"publish","type":"product","link":"https:\/\/editora.ufrrj.br\/portal\/produto\/frutos-do-jardim-botanico-da-ufrrj\/","title":{"rendered":"Frutos do Jardim Bot\u00e2nico da UFRRJ"},"content":{"rendered":"<p>Em decorr\u00eancia do aumento da quantidade dos exemplares e da car\u00eancia de bibliografia na \u00e1rea sentimos a necessidade de reunirmos as informa\u00e7\u00f5es em uma publica\u00e7\u00e3o para divulgarmos as esp\u00e9cies encontradas no arboreto do Jardim Bot\u00e2nico atrav\u00e9s da morfologia dos frutos. Para elabora\u00e7\u00e3o deste trabalho reunimos informa\u00e7\u00f5es existentes na bibliografia especializada e outras adquiridas durante os dois anos de observa\u00e7\u00f5es dos exemplares no campo e no laborat\u00f3rio. As quarenta esp\u00e9cies arb\u00f3reas s\u00e3o apresentadas em ordem alfab\u00e9tica da fam\u00edlia a que pertencem. Dentro da fam\u00edlia os t\u00e1xons s\u00e3o apresentados pelo nome popular. Para cada esp\u00e9cie s\u00e3o fornecidos: outros nomes vernaculares que recebem no Jardim e no Brasil, local de origem, tipo e caracteres morfol\u00f3gicos dos frutos e das sementes, informa\u00e7\u00f5es sobre usos, per\u00edodo que a esp\u00e9cie apresenta frutos e localiza\u00e7\u00e3o dentro da \u00e1rea do Jardim Bot\u00e2nico. Para a identifica\u00e7\u00e3o morfol\u00f3gica dos frutos foi adotada a terminologia de Barroso et al. (1999). Cada esp\u00e9cie foi ilustrada atrav\u00e9s de fotografias dos frutos e das sementes. Ao final da publica\u00e7\u00e3o foi fornecido um pequeno gloss\u00e1rio para um melhor esclarecimento da terminologia adotada. Esperamos que a referida publica\u00e7\u00e3o tenha muita utilidade para os leitores e desperte o interesse pela valoriza\u00e7\u00e3o e preserva\u00e7\u00e3o do Jardim Bot\u00e2nico da Universidade Federal Rural Do Rio de Janeiro.<\/p>\n<p>Autores: Bianca F. da Silva e Maria Ver\u00f4nica L. P. Moura<\/p>\n<p>ISBN: 978-85-8067-046-2<\/p>\n<p>Ano, Pag., Peso: 2013, 102p., 185 gramas<\/p>\n","protected":false},"excerpt":{"rendered":"<p>Autores: Bianca F. da Silva e Maria Ver\u00f4nica L. P. Moura<\/p>\n","protected":false},"featured_media":615,"template":"","meta":{"_acf_changed":false},"product_brand":[],"product_cat":[24,22,20],"product_tag":[],"class_list":{"0":"post-438","1":"product","2":"type-product","3":"status-publish","4":"has-post-thumbnail","6":"product_cat-biologia","7":"product_cat-educacao","8":"product_cat-recursos-florestais","10":"first","11":"instock","12":"sale","13":"shipping-taxable","14":"purchasable","15":"product-type-simple"},"acf":[],"_links":{"self":[{"href":"https:\/\/editora.ufrrj.br\/portal\/wp-json\/wp\/v2\/product\/438","targetHints":{"allow":["GET"]}}],"collection":[{"href":"https:\/\/editora.ufrrj.br\/portal\/wp-json\/wp\/v2\/product"}],"about":[{"href":"https:\/\/editora.ufrrj.br\/portal\/wp-json\/wp\/v2\/types\/product"}],"wp:featuredmedia":[{"embeddable":true,"href":"https:\/\/editora.ufrrj.br\/portal\/wp-json\/wp\/v2\/media\/615"}],"wp:attachment":[{"href":"https:\/\/editora.ufrrj.br\/portal\/wp-json\/wp\/v2\/media?parent=438"}],"wp:term":[{"taxonomy":"product_brand","embeddable":true,"href":"https:\/\/editora.ufrrj.br\/portal\/wp-json\/wp\/v2\/product_brand?post=438"},{"taxonomy":"product_cat","embeddable":true,"href":"https:\/\/editora.ufrrj.br\/portal\/wp-json\/wp\/v2\/product_cat?post=438"},{"taxonomy":"product_tag","embeddable":true,"href":"https:\/\/editora.ufrrj.br\/portal\/wp-json\/wp\/v2\/product_tag?post=438"}],"curies":[{"name":"wp","href":"https:\/\/api.w.org\/{rel}","templated":true}]}}