{"id":4378,"date":"2022-02-08T13:27:44","date_gmt":"2022-02-08T16:27:44","guid":{"rendered":"http:\/\/editora.ufrrj.br\/?post_type=product&#038;p=4378"},"modified":"2025-12-11T14:10:43","modified_gmt":"2025-12-11T17:10:43","slug":"a-lei-do-boi-como-estrategia-da-burguesia-rural","status":"publish","type":"product","link":"https:\/\/editora.ufrrj.br\/portal\/produto\/a-lei-do-boi-como-estrategia-da-burguesia-rural\/","title":{"rendered":"A &#8220;Lei do Boi&#8221; como estrat\u00e9gia da burguesia rural (1968-1985)"},"content":{"rendered":"<p>Os anos 1950 e 1960 marcaram, no Brasil, um intenso processo de industrializa\u00e7\u00e3o que culmina na mudan\u00e7a da base t\u00e9cnica da agricultura, alterando n\u00e3o apenas seus m\u00e9todos de produ\u00e7\u00e3o, mas o conjunto de rela\u00e7\u00f5es sociais pertinente ao mundo rural brasileiro. Concomitante a este processo, consolida-se no Brasil o projeto extensionista pautado na educa\u00e7\u00e3o de adultos direcionada para os avan\u00e7os da produ\u00e7\u00e3o agr\u00edcola, cuja principal sustenta\u00e7\u00e3o ideol\u00f3gica eram o progresso e a moderniza\u00e7\u00e3o. A falta de m\u00e3o-de-obra qualificada para a agricultura foi uma demanda que aglutinou interesses de diversos setores, nacionais e estrangeiros, p\u00fablicos e privados, no planejamento e execu\u00e7\u00e3o de campanhas, projetos e leis voltados para a qualifica\u00e7\u00e3o do homem do campo diante do cen\u00e1rio de moderniza\u00e7\u00e3o do setor agr\u00edcola. \u00c9 neste contexto que se abre a discuss\u00e3o sobre o que seria o primeiro sistema de cotas no Brasil, proposto e promulgado em 1968, a chamada &#8220;lei do boi&#8221;. Elaborada pelo deputado Ultimo de Carvalho (PSD\/ARENA-MG), a lei estabelecia reserva de vagas nas escolas t\u00e9cnicas e superiores mantidas pela Uni\u00e3o nos cursos de Agronomia e Medicina Veterin\u00e1ria, para candidatos que comprovassem rela\u00e7\u00e3o com a agropecu\u00e1ria. A partir do estudo de caso de uma de suas institui\u00e7\u00f5es destinat\u00e1rias, a Universidade Federal Rural do Rio de Janeiro, procurou-se definir quem foram os benefici\u00e1rios da lei, buscando compreender a din\u00e2mica da lei a partir de uma an\u00e1lise conjunta de fontes escritas e orais. \u00c9 o que por ora se apresenta ao leitor.<\/p>\n<p>Autor: Wallace Lucas Magalh\u00e3es<\/p>\n<p>ISBN: 978-85-8067-097-4<\/p>\n<p>Ano: 2018<\/p>\n<p>1\u00ba Edi\u00e7\u00e3o<\/p>\n","protected":false},"excerpt":{"rendered":"<p>Autor: Wallace Lucas Magalh\u00e3es<\/p>\n","protected":false},"featured_media":4379,"template":"","meta":{"_acf_changed":false},"product_brand":[],"product_cat":[23,10,104],"product_tag":[142,139,144],"class_list":{"0":"post-4378","1":"product","2":"type-product","3":"status-publish","4":"has-post-thumbnail","6":"product_cat-ciencias-sociais-e-politicas","7":"product_cat-lancamento","8":"product_cat-serie-rural-em-foco","9":"product_tag-ciencia-politica","10":"product_tag-ciencias-sociais","11":"product_tag-rural-em-foco","12":"product_shipping_class-retirar-no-local","14":"first","15":"instock","16":"featured","17":"shipping-taxable","18":"purchasable","19":"product-type-simple"},"acf":[],"_links":{"self":[{"href":"https:\/\/editora.ufrrj.br\/portal\/wp-json\/wp\/v2\/product\/4378","targetHints":{"allow":["GET"]}}],"collection":[{"href":"https:\/\/editora.ufrrj.br\/portal\/wp-json\/wp\/v2\/product"}],"about":[{"href":"https:\/\/editora.ufrrj.br\/portal\/wp-json\/wp\/v2\/types\/product"}],"wp:featuredmedia":[{"embeddable":true,"href":"https:\/\/editora.ufrrj.br\/portal\/wp-json\/wp\/v2\/media\/4379"}],"wp:attachment":[{"href":"https:\/\/editora.ufrrj.br\/portal\/wp-json\/wp\/v2\/media?parent=4378"}],"wp:term":[{"taxonomy":"product_brand","embeddable":true,"href":"https:\/\/editora.ufrrj.br\/portal\/wp-json\/wp\/v2\/product_brand?post=4378"},{"taxonomy":"product_cat","embeddable":true,"href":"https:\/\/editora.ufrrj.br\/portal\/wp-json\/wp\/v2\/product_cat?post=4378"},{"taxonomy":"product_tag","embeddable":true,"href":"https:\/\/editora.ufrrj.br\/portal\/wp-json\/wp\/v2\/product_tag?post=4378"}],"curies":[{"name":"wp","href":"https:\/\/api.w.org\/{rel}","templated":true}]}}